{"id":252,"date":"2023-06-13T19:20:25","date_gmt":"2023-06-13T19:20:25","guid":{"rendered":"https:\/\/wanderportraits.com\/?page_id=252"},"modified":"2026-02-10T20:17:28","modified_gmt":"2026-02-10T20:17:28","slug":"photographer-in-buenos-aires","status":"publish","type":"page","link":"https:\/\/wanderportraits.com\/es\/photographer-in-buenos-aires","title":{"rendered":"Sobre m\u00ed"},"content":{"rendered":"<p>[et_pb_section fb_built=&#8221;1&#8243; admin_label=&#8221;About Us Section&#8221; _builder_version=&#8221;4.16&#8243; custom_padding=&#8221;41px||0px|||&#8221; locked=&#8221;off&#8221; global_colors_info=&#8221;{}&#8221;][et_pb_row _builder_version=&#8221;4.22.1&#8243; _module_preset=&#8221;default&#8221; custom_margin=&#8221;-18px|auto|-6px|auto||&#8221; custom_padding=&#8221;33px||0px|||&#8221; locked=&#8221;off&#8221; global_colors_info=&#8221;{}&#8221;][et_pb_column type=&#8221;4_4&#8243; _builder_version=&#8221;4.22.1&#8243; _module_preset=&#8221;default&#8221; global_colors_info=&#8221;{}&#8221;][\/et_pb_column][\/et_pb_row][et_pb_row column_structure=&#8221;1_2,1_2&#8243; admin_label=&#8221;About Us Area&#8221; _builder_version=&#8221;4.16&#8243; custom_margin=&#8221;-29px|auto||auto||&#8221; custom_padding=&#8221;3px|0px|0px|0px||&#8221; global_colors_info=&#8221;{}&#8221;][et_pb_column type=&#8221;1_2&#8243; _builder_version=&#8221;4.16&#8243; custom_padding=&#8221;|||&#8221; global_colors_info=&#8221;{}&#8221; custom_padding__hover=&#8221;|||&#8221;][et_pb_code _builder_version=&#8221;4.27.5&#8243; _module_preset=&#8221;default&#8221; width=&#8221;100%&#8221; width_tablet=&#8221;75%&#8221; width_phone=&#8221;100%&#8221; width_last_edited=&#8221;on|phone&#8221; max_width=&#8221;100%&#8221; hover_enabled=&#8221;0&#8243; module_alignment_tablet=&#8221;&#8221; module_alignment_phone=&#8221;center&#8221; module_alignment_last_edited=&#8221;on|phone&#8221; locked=&#8221;off&#8221; global_colors_info=&#8221;{}&#8221; sticky_enabled=&#8221;0&#8243;]<\/p>\n<div style=\"width:100%;height:0;padding-bottom:122%;position:relative;\"><iframe data-src=\"https:\/\/giphy.com\/embed\/tnzHaGH83AJicMN23b\" width=\"100%\" height=\"100%\" style=\"position:absolute\" frameBorder=\"0\" class=\"giphy-embed lazyload\" allowFullScreen src=\"data:image\/svg+xml;base64,PHN2ZyB3aWR0aD0iMSIgaGVpZ2h0PSIxIiB4bWxucz0iaHR0cDovL3d3dy53My5vcmcvMjAwMC9zdmciPjwvc3ZnPg==\" data-load-mode=\"1\"><\/iframe><\/div>\n<pee><a href=\"https:\/\/giphy.com\/gifs\/tnzHaGH83AJicMN23b\">via GIPHY<\/a><\/pee>[\/et_pb_code][\/et_pb_column][et_pb_column type=&#8221;1_2&#8243; _builder_version=&#8221;4.16&#8243; custom_padding=&#8221;80px||80px|&#8221; global_colors_info=&#8221;{}&#8221; custom_padding__hover=&#8221;|||&#8221;][et_pb_text admin_label=&#8221;Title&#8221; _builder_version=&#8221;4.27.4&#8243; text_font=&#8221;||||||||&#8221; header_font=&#8221;&#8211;et_global_heading_font|300|||||||&#8221; header_text_color=&#8221;#275546&#8243; header_line_height=&#8221;1.2em&#8221; header_2_font=&#8221;Alice||||||||&#8221; header_2_font_size=&#8221;42px&#8221; header_2_line_height=&#8221;1.3em&#8221; custom_margin=&#8221;-2px||20px|||&#8221; animation_style=&#8221;slide&#8221; animation_direction=&#8221;top&#8221; animation_intensity_slide=&#8221;30%&#8221; animation_starting_opacity=&#8221;100%&#8221; global_colors_info=&#8221;{}&#8221;]<\/p>\n<h1>Photographer in Buenos Aires | Hey I&#8217;m Gissel, Your Local Visual Storyteller!<\/h1>\n<p>[\/et_pb_text][et_pb_divider color=&#8221;#E8AA9B&#8221; divider_weight=&#8221;2px&#8221; _builder_version=&#8221;4.22.1&#8243; max_width=&#8221;50px&#8221; custom_margin=&#8221;||10px|&#8221; animation_style=&#8221;fold&#8221; animation_direction=&#8221;left&#8221; animation_starting_opacity=&#8221;100%&#8221; global_colors_info=&#8221;{}&#8221;][\/et_pb_divider][et_pb_text _builder_version=&#8221;4.27.4&#8243; text_font=&#8221;&#8211;et_global_body_font|300|||||||&#8221; text_text_color=&#8221;#888888&#8243; text_font_size=&#8221;16px&#8221; text_line_height=&#8221;1.8em&#8221; header_3_font=&#8221;&#8211;et_global_heading_font|300|||||||&#8221; header_3_text_color=&#8221;#275546&#8243; header_3_line_height=&#8221;1.2em&#8221; custom_margin=&#8221;||-21px|||&#8221; animation_style=&#8221;slide&#8221; animation_direction=&#8221;top&#8221; animation_intensity_slide=&#8221;10%&#8221; animation_starting_opacity=&#8221;100%&#8221; global_colors_info=&#8221;{}&#8221;]<\/p>\n<p data-start=\"236\" data-end=\"472\">I\u2019m the creative director of <strong>Wanderportraits,<\/strong> and as you might already know, I\u2019m a professional photographer based in Buenos Aires. <strong data-start=\"368\" data-end=\"472\">That means, if you book one of my photoshoots or photo tour experiences\u2014we\u2019ll get to meet in person!<\/strong><\/p>\n<p data-start=\"474\" data-end=\"694\"><strong data-start=\"474\" data-end=\"562\">From an early age, I\u2019ve always had a deep appreciation for art in all its forms, and<\/strong> I\u2019m constantly searching for new inspiration to fuel my creative journey. I\u2019ve been into photography for as long as I can remember.<\/p>\n<blockquote><\/blockquote>\n<blockquote><\/blockquote>\n<p>[\/et_pb_text][\/et_pb_column][\/et_pb_row][et_pb_row _builder_version=&#8221;4.22.1&#8243; _module_preset=&#8221;default&#8221; custom_margin=&#8221;-2px|auto||auto||&#8221; custom_padding=&#8221;3px|||||&#8221; global_colors_info=&#8221;{}&#8221;][et_pb_column type=&#8221;4_4&#8243; _builder_version=&#8221;4.22.1&#8243; _module_preset=&#8221;default&#8221; global_colors_info=&#8221;{}&#8221;][et_pb_text _builder_version=&#8221;4.27.4&#8243; _module_preset=&#8221;default&#8221; text_font=&#8221;&#8211;et_global_body_font||||||||&#8221; text_font_size=&#8221;16px&#8221; text_line_height=&#8221;1.8em&#8221; header_3_font=&#8221;&#8211;et_global_heading_font|300|||||||&#8221; header_3_text_color=&#8221;#275546&#8243; global_colors_info=&#8221;{}&#8221;]<\/p>\n<blockquote>\n<h3 data-start=\"696\" data-end=\"771\">What started as a hobby, however, eventually became my full-on passion.<\/h3>\n<\/blockquote>\n<p data-start=\"773\" data-end=\"899\">In 2019, I founded Wanderportraits\u2014my own photography firm that focuses on capturing memories through candid, colorful images.<\/p>\n<p data-start=\"901\" data-end=\"1165\"><strong data-start=\"901\" data-end=\"936\">But I\u2019m not doing it all alone.<\/strong> I work with a small, talented team that includes my web developer, graphic designer, and photo assistants. Together, we make everything possible; <strong data-start=\"1044\" data-end=\"1165\">thanks to them, I get to spend more time doing what I love most\u2014taking photos.<\/strong><\/p>\n<blockquote>\n<h3 data-start=\"1167\" data-end=\"1203\">I also have a big love for teaching.<\/h3>\n<\/blockquote>\n<p data-start=\"1205\" data-end=\"1474\">In fact, sharing what I know with people who are eager to dive into the world of frozen moments is something I truly enjoy. That\u2019s why, since 2024, I\u2019ve been teaching digital photography, video editing, and leading photo walk classes, for locals and tourists alike.<\/p>\n<blockquote>\n<h3 data-start=\"1205\" data-end=\"1474\">I define myself as a curious person<\/h3>\n<\/blockquote>\n<p data-start=\"1205\" data-end=\"1474\">I\u2019m always eager to learn new skills. That\u2019s how, besides my mother tongue Spanish, I also speak English and Brazilian Portuguese, and I\u2019m currently starting to learn Chinese. But it\u2019s not just languages that excite me\u2014I\u2019m also very tech-savvy, love digital marketing, and enjoy everything related to the digital world for businesses today.<\/p>\n<p data-start=\"1476\" data-end=\"1819\">Social media and my degree in graphic design opened doors for me to work as a content creator, too. Moreover, I\u2019m super curious and mostly self-taught, with a naturally entrepreneurial spirit. That\u2019s why, back in 2014, I moved to Buenos Aires from San Crist\u00f3bal, a lovely little city right on the border between Venezuela and Colombia.<\/p>\n<blockquote>\n<h3 data-start=\"1821\" data-end=\"1884\">Since that move, life\u2019s been a wild ride\u2014full of ups and downs.<\/h3>\n<\/blockquote>\n<p data-start=\"1886\" data-end=\"2037\">The highs taught me to believe in myself, while the lows gave me the push to keep going. All of it helped me build my dream job from the ground up.<\/p>\n<p data-start=\"2039\" data-end=\"2363\">If you\u2019ve made it this far, thank you for reading! Beyond work, on a more personal note<strong data-start=\"2090\" data-end=\"2131\">\u2014<\/strong> I absolutely love to travel. I\u2019ve visited over 10 countries and 25 cities around the world. <strong data-start=\"2224\" data-end=\"2363\">It was during one of those spontaneous, fate-led moments in 2018 that I discovered my niche as a vacation photographer in Buenos Aires.<\/strong><\/p>\n<p data-start=\"2365\" data-end=\"2480\">Since then, I\u2019ve had the joy of photographing thousands of travelers who come to experience beautiful Buenos Aires.<\/p>\n<p data-start=\"2482\" data-end=\"2820\">My photography style is fresh, colorful, and candid. In addition, I aim to create a relaxed space where anyone\u2014solo travelers, families, couples, or friends\u2014can feel comfortable and walk away with stunning, professional portraits. No matter the purpose\u2014proposals, weddings, holidays, or simply capturing memories\u2014I\u2019ve got you covered.<\/p>\n<p data-start=\"2822\" data-end=\"2983\"><strong data-start=\"2822\" data-end=\"2922\">To me, a photo should stir something inside you and instantly transport you back to that moment.<\/strong> It\u2019s a timeless souvenir, like a poem told through an image.<\/p>\n<p data-start=\"2985\" data-end=\"3135\"><strong data-start=\"2985\" data-end=\"3135\">So, if you\u2019ve got a story to capture and want to capture real moments across Buenos Aires, I\u2019d love to hear from you. <\/strong><strong><a href=\"https:\/\/wanderportraits.com\/en\/contact\">Let\u2019s talk and make it real!<\/a><\/strong><\/p>\n<p>[\/et_pb_text][\/et_pb_column][\/et_pb_row][et_pb_row _builder_version=&#8221;4.22.1&#8243; _module_preset=&#8221;default&#8221; global_colors_info=&#8221;{}&#8221;][et_pb_column type=&#8221;4_4&#8243; _builder_version=&#8221;4.22.1&#8243; _module_preset=&#8221;default&#8221; global_colors_info=&#8221;{}&#8221;][et_pb_divider color=&#8221;#888888&#8243; divider_weight=&#8221;1px&#8221; _builder_version=&#8221;4.22.1&#8243; _module_preset=&#8221;default&#8221; width=&#8221;100%&#8221; max_width=&#8221;65%&#8221; module_alignment=&#8221;center&#8221; animation_style=&#8221;zoom&#8221; global_colors_info=&#8221;{}&#8221;][\/et_pb_divider][\/et_pb_column][\/et_pb_row][\/et_pb_section][et_pb_section fb_built=&#8221;1&#8243; _builder_version=&#8221;4.21.2&#8243; _module_preset=&#8221;default&#8221; min_height=&#8221;955px&#8221; custom_margin=&#8221;||-22px|||&#8221; custom_padding=&#8221;7px||1px|||&#8221; locked=&#8221;off&#8221; global_colors_info=&#8221;{}&#8221;][et_pb_row column_structure=&#8221;1_2,1_2&#8243; _builder_version=&#8221;4.21.2&#8243; _module_preset=&#8221;default&#8221; min_height=&#8221;799.1px&#8221; custom_margin=&#8221;12px|auto|-1px|auto||&#8221; custom_padding=&#8221;||0px|||&#8221; global_colors_info=&#8221;{}&#8221;][et_pb_column type=&#8221;1_2&#8243; _builder_version=&#8221;4.21.2&#8243; _module_preset=&#8221;default&#8221; global_colors_info=&#8221;{}&#8221;][et_pb_text _builder_version=&#8221;4.27.4&#8243; _module_preset=&#8221;default&#8221; header_3_font=&#8221;&#8211;et_global_body_font|200|||||||&#8221; header_3_text_align=&#8221;left&#8221; header_3_text_color=&#8221;#275546&#8243; header_3_font_size=&#8221;30px&#8221; custom_padding=&#8221;|||9px||&#8221; header_3_font_size_tablet=&#8221;30px&#8221; header_3_font_size_phone=&#8221;30px&#8221; header_3_font_size_last_edited=&#8221;on|phone&#8221; global_colors_info=&#8221;{}&#8221;]<\/p>\n<h3>Check out my blog!<\/h3>\n<p>[\/et_pb_text][et_pb_blog fullwidth=&#8221;off&#8221; posts_number=&#8221;2&#8243; include_categories=&#8221;all&#8221; use_manual_excerpt=&#8221;off&#8221; excerpt_length=&#8221;100&#8243; show_more=&#8221;on&#8221; show_author=&#8221;off&#8221; show_date=&#8221;off&#8221; show_categories=&#8221;off&#8221; masonry_tile_background_color=&#8221;#E8AA9B&#8221; _builder_version=&#8221;4.25.0&#8243; _module_preset=&#8221;default&#8221; header_font=&#8221;Nunito Sans|700|||||||&#8221; header_text_color=&#8221;#ffffff&#8221; header_font_size=&#8221;22px&#8221; body_font=&#8221;Nunito Sans||||||||&#8221; body_text_color=&#8221;#ffffff&#8221; meta_font=&#8221;Nunito Sans||||||||&#8221; meta_text_color=&#8221;#FFBCAB&#8221; read_more_font=&#8221;Nunito Sans|600|||||||&#8221; read_more_text_color=&#8221;#888888&#8243; pagination_font=&#8221;Nunito Sans||||||||&#8221; pagination_text_color=&#8221;#888888&#8243; background_color=&#8221;RGBA(255,255,255,0)&#8221; width=&#8221;80%&#8221; max_width=&#8221;100%&#8221; module_alignment=&#8221;left&#8221; min_height=&#8221;1000px&#8221; height=&#8221;1000px&#8221; max_height=&#8221;1000px&#8221; custom_margin=&#8221;|-27px|-2px||false|false&#8221; custom_padding=&#8221;||0px||false|false&#8221; global_colors_info=&#8221;{}&#8221;][\/et_pb_blog][\/et_pb_column][et_pb_column type=&#8221;1_2&#8243; _builder_version=&#8221;4.21.2&#8243; _module_preset=&#8221;default&#8221; global_colors_info=&#8221;{}&#8221;][et_pb_text _builder_version=&#8221;4.27.4&#8243; _module_preset=&#8221;default&#8221; header_3_font=&#8221;&#8211;et_global_heading_font|200|||||||&#8221; header_3_text_align=&#8221;left&#8221; header_3_text_color=&#8221;#275546&#8243; header_3_font_size=&#8221;30px&#8221; custom_padding=&#8221;|||9px||&#8221; header_3_font_size_tablet=&#8221;30px&#8221; header_3_font_size_phone=&#8221;30px&#8221; header_3_font_size_last_edited=&#8221;on|phone&#8221; global_colors_info=&#8221;{}&#8221;]<\/p>\n<h3>Want to be in touch?<\/h3>\n<p>[\/et_pb_text][et_pb_code _builder_version=&#8221;4.22.1&#8243; _module_preset=&#8221;default&#8221; global_colors_info=&#8221;{}&#8221;]\t\t<div id=\"sbi_mod_error\" >\n\t\t\t<span>This error message is only visible to WordPress admins<\/span><br\/>\n\t\t\t<p><strong>Error: No feed with the ID 2 found.<\/strong>\n\t\t\t<p>Please go to the Instagram Feed settings page to create a feed.<\/p>\n\t\t<\/div>\n\t\t[\/et_pb_code][\/et_pb_column][\/et_pb_row][et_pb_row _builder_version=&#8221;4.21.0&#8243; _module_preset=&#8221;default&#8221; width=&#8221;100%&#8221; max_width=&#8221;none&#8221; custom_margin=&#8221;4px|auto||auto|false|false&#8221; custom_padding=&#8221;|10%|28px|10%|false|true&#8221; border_color_all=&#8221;rgba(0,0,0,0.12)&#8221; border_width_top=&#8221;1px&#8221; locked=&#8221;off&#8221; global_colors_info=&#8221;{}&#8221;][et_pb_column type=&#8221;4_4&#8243; _builder_version=&#8221;4.21.0&#8243; _module_preset=&#8221;default&#8221; global_colors_info=&#8221;{}&#8221;][et_pb_text _builder_version=&#8221;4.25.0&#8243; _dynamic_attributes=&#8221;content&#8221; _module_preset=&#8221;b3464c41-3c01-4411-982f-48a4c3b86007&#8243; text_font=&#8221;Nunito Sans||||||||&#8221; text_text_color=&#8221;#888888&#8243; text_orientation=&#8221;center&#8221; link_option_url=&#8221;http:\/\/theaidealab.com\/&#8221; link_option_url_new_window=&#8221;on&#8221; global_colors_info=&#8221;{}&#8221;]@ET-DC@eyJkeW5hbWljIjp0cnVlLCJjb250ZW50IjoiY3VycmVudF9kYXRlIiwic2V0dGluZ3MiOnsiYmVmb3JlIjoiQ29weXJpZ2h0ICZjb3B5OyAiLCJhZnRlciI6IiB0aGVhaWRlYWxhYi5jb20iLCJkYXRlX2Zvcm1hdCI6ImN1c3RvbSIsImN1c3RvbV9kYXRlX2Zvcm1hdCI6IlkifX0=@[\/et_pb_text][\/et_pb_column][\/et_pb_row][\/et_pb_section]<\/p>\n","protected":false},"excerpt":{"rendered":"<p>Photographer in Buenos Aires | Hey I&#8217;m Gissel, Your Local Visual Storyteller!I\u2019m the creative director of Wanderportraits, and as you might already know, I\u2019m a professional photographer based in Buenos Aires. That means, if you book one of my photoshoots or photo tour experiences\u2014we\u2019ll get to meet in person! From an early age, I\u2019ve always [&hellip;]<\/p>\n","protected":false},"author":2,"featured_media":0,"parent":0,"menu_order":0,"comment_status":"closed","ping_status":"closed","template":"","meta":{"_et_pb_use_builder":"on","_et_pb_old_content":"","_et_gb_content_width":"","footnotes":""},"class_list":["post-252","page","type-page","status-publish","hentry"],"yoast_head":"<!-- This site is optimized with the Yoast SEO plugin v27.4 - https:\/\/yoast.com\/product\/yoast-seo-wordpress\/ -->\n<title>About - wanderportraits<\/title>\n<meta name=\"description\" content=\"Meet your photographer in Buenos Aires. Learn about my style, passion, and how I capture authentic moments for travelers and locals.\" \/>\n<meta name=\"robots\" content=\"index, follow, max-snippet:-1, max-image-preview:large, max-video-preview:-1\" \/>\n<link rel=\"canonical\" href=\"https:\/\/wanderportraits.com\/es\/photographer-in-buenos-aires\/\" \/>\n<meta property=\"og:locale\" content=\"es_ES\" \/>\n<meta property=\"og:type\" content=\"article\" \/>\n<meta property=\"og:title\" content=\"About - wanderportraits\" \/>\n<meta property=\"og:description\" content=\"Meet your photographer in Buenos Aires. Learn about my style, passion, and how I capture authentic moments for travelers and locals.\" \/>\n<meta property=\"og:url\" content=\"https:\/\/wanderportraits.com\/es\/photographer-in-buenos-aires\/\" \/>\n<meta property=\"og:site_name\" content=\"wanderportraits\" \/>\n<meta property=\"article:modified_time\" content=\"2026-02-10T20:17:28+00:00\" \/>\n<meta name=\"twitter:card\" content=\"summary_large_image\" \/>\n<meta name=\"twitter:label1\" content=\"Tiempo de lectura\" \/>\n\t<meta name=\"twitter:data1\" content=\"5 minutos\" \/>\n<script type=\"application\/ld+json\" class=\"yoast-schema-graph\">{\"@context\":\"https:\\\/\\\/schema.org\",\"@graph\":[{\"@type\":\"WebPage\",\"@id\":\"https:\\\/\\\/wanderportraits.com\\\/en\\\/photographer-in-buenos-aires\",\"url\":\"https:\\\/\\\/wanderportraits.com\\\/en\\\/photographer-in-buenos-aires\",\"name\":\"About - wanderportraits\",\"isPartOf\":{\"@id\":\"https:\\\/\\\/wanderportraits.com\\\/en\\\/#website\"},\"datePublished\":\"2023-06-13T19:20:25+00:00\",\"dateModified\":\"2026-02-10T20:17:28+00:00\",\"description\":\"Meet your photographer in Buenos Aires. Learn about my style, passion, and how I capture authentic moments for travelers and locals.\",\"breadcrumb\":{\"@id\":\"https:\\\/\\\/wanderportraits.com\\\/en\\\/photographer-in-buenos-aires#breadcrumb\"},\"inLanguage\":\"es-AR\",\"potentialAction\":[{\"@type\":\"ReadAction\",\"target\":[\"https:\\\/\\\/wanderportraits.com\\\/en\\\/photographer-in-buenos-aires\"]}]},{\"@type\":\"BreadcrumbList\",\"@id\":\"https:\\\/\\\/wanderportraits.com\\\/en\\\/photographer-in-buenos-aires#breadcrumb\",\"itemListElement\":[{\"@type\":\"ListItem\",\"position\":1,\"name\":\"Home\",\"item\":\"https:\\\/\\\/wanderportraits.com\\\/en\\\/\"},{\"@type\":\"ListItem\",\"position\":2,\"name\":\"About\"}]},{\"@type\":\"WebSite\",\"@id\":\"https:\\\/\\\/wanderportraits.com\\\/en\\\/#website\",\"url\":\"https:\\\/\\\/wanderportraits.com\\\/en\\\/\",\"name\":\"wanderportraits\",\"description\":\"Photoshoot in Buenos Aires\",\"publisher\":{\"@id\":\"https:\\\/\\\/wanderportraits.com\\\/en\\\/#\\\/schema\\\/person\\\/acefe217b370b5452c3a6761d70cfc89\"},\"potentialAction\":[{\"@type\":\"SearchAction\",\"target\":{\"@type\":\"EntryPoint\",\"urlTemplate\":\"https:\\\/\\\/wanderportraits.com\\\/en\\\/?s={search_term_string}\"},\"query-input\":{\"@type\":\"PropertyValueSpecification\",\"valueRequired\":true,\"valueName\":\"search_term_string\"}}],\"inLanguage\":\"es-AR\"},{\"@type\":[\"Person\",\"Organization\"],\"@id\":\"https:\\\/\\\/wanderportraits.com\\\/en\\\/#\\\/schema\\\/person\\\/acefe217b370b5452c3a6761d70cfc89\",\"name\":\"Gissel Arbelaez\",\"pronouns\":\"She \\\/ Her\",\"image\":{\"@type\":\"ImageObject\",\"inLanguage\":\"es-AR\",\"@id\":\"https:\\\/\\\/wanderportraits.com\\\/wp-content\\\/uploads\\\/2025\\\/04\\\/wander-logohorizontal-fondoblanco-80.jpg\",\"url\":\"https:\\\/\\\/wanderportraits.com\\\/wp-content\\\/uploads\\\/2025\\\/04\\\/wander-logohorizontal-fondoblanco-80.jpg\",\"contentUrl\":\"https:\\\/\\\/wanderportraits.com\\\/wp-content\\\/uploads\\\/2025\\\/04\\\/wander-logohorizontal-fondoblanco-80.jpg\",\"width\":1081,\"height\":1081,\"caption\":\"Gissel Arbelaez\"},\"logo\":{\"@id\":\"https:\\\/\\\/wanderportraits.com\\\/wp-content\\\/uploads\\\/2025\\\/04\\\/wander-logohorizontal-fondoblanco-80.jpg\"},\"description\":\"I\u2019m a passionate artist, photographer, and graphic designer who thrives on creativity. I love traveling, making new friends, exploring different cultures, trying new foods, and enjoying life while respecting others. I\u2019m organized, value good conversation, and cherish meaningful connections.\",\"sameAs\":[\"https:\\\/\\\/wanderportraits.com\\\/\",\"https:\\\/\\\/www.instagram.com\\\/wander.portraits\\\/\",\"https:\\\/\\\/www.youtube.com\\\/@wanderportraits\"]}]}<\/script>\n<!-- \/ Yoast SEO plugin. -->","yoast_head_json":{"title":"Acerca de - wanderportraits","description":"Conoce a tu fot\u00f3grafo en Buenos Aires. Descubre mi estilo, mi pasi\u00f3n y c\u00f3mo capturo momentos aut\u00e9nticos para viajeros y locales.","robots":{"index":"index","follow":"follow","max-snippet":"max-snippet:-1","max-image-preview":"max-image-preview:large","max-video-preview":"max-video-preview:-1"},"canonical":"https:\/\/wanderportraits.com\/es\/photographer-in-buenos-aires\/","og_locale":"es_ES","og_type":"article","og_title":"About - wanderportraits","og_description":"Meet your photographer in Buenos Aires. Learn about my style, passion, and how I capture authentic moments for travelers and locals.","og_url":"https:\/\/wanderportraits.com\/es\/photographer-in-buenos-aires\/","og_site_name":"wanderportraits","article_modified_time":"2026-02-10T20:17:28+00:00","twitter_card":"summary_large_image","twitter_misc":{"Tiempo de lectura":"5 minutos"},"schema":{"@context":"https:\/\/schema.org","@graph":[{"@type":"WebPage","@id":"https:\/\/wanderportraits.com\/en\/photographer-in-buenos-aires","url":"https:\/\/wanderportraits.com\/en\/photographer-in-buenos-aires","name":"Acerca de - wanderportraits","isPartOf":{"@id":"https:\/\/wanderportraits.com\/en\/#website"},"datePublished":"2023-06-13T19:20:25+00:00","dateModified":"2026-02-10T20:17:28+00:00","description":"Conoce a tu fot\u00f3grafo en Buenos Aires. Descubre mi estilo, mi pasi\u00f3n y c\u00f3mo capturo momentos aut\u00e9nticos para viajeros y locales.","breadcrumb":{"@id":"https:\/\/wanderportraits.com\/en\/photographer-in-buenos-aires#breadcrumb"},"inLanguage":"es-AR","potentialAction":[{"@type":"ReadAction","target":["https:\/\/wanderportraits.com\/en\/photographer-in-buenos-aires"]}]},{"@type":"BreadcrumbList","@id":"https:\/\/wanderportraits.com\/en\/photographer-in-buenos-aires#breadcrumb","itemListElement":[{"@type":"ListItem","position":1,"name":"Home","item":"https:\/\/wanderportraits.com\/en\/"},{"@type":"ListItem","position":2,"name":"About"}]},{"@type":"WebSite","@id":"https:\/\/wanderportraits.com\/en\/#website","url":"https:\/\/wanderportraits.com\/en\/","name":"wanderportraits","description":"Sesi\u00f3n fotogr\u00e1fica en Buenos Aires","publisher":{"@id":"https:\/\/wanderportraits.com\/en\/#\/schema\/person\/acefe217b370b5452c3a6761d70cfc89"},"potentialAction":[{"@type":"SearchAction","target":{"@type":"EntryPoint","urlTemplate":"https:\/\/wanderportraits.com\/en\/?s={search_term_string}"},"query-input":{"@type":"PropertyValueSpecification","valueRequired":true,"valueName":"search_term_string"}}],"inLanguage":"es-AR"},{"@type":["Person","Organization"],"@id":"https:\/\/wanderportraits.com\/en\/#\/schema\/person\/acefe217b370b5452c3a6761d70cfc89","name":"Gissel Arbelaez","pronouns":"She \/ Her","image":{"@type":"ImageObject","inLanguage":"es-AR","@id":"https:\/\/wanderportraits.com\/wp-content\/uploads\/2025\/04\/wander-logohorizontal-fondoblanco-80.jpg","url":"https:\/\/wanderportraits.com\/wp-content\/uploads\/2025\/04\/wander-logohorizontal-fondoblanco-80.jpg","contentUrl":"https:\/\/wanderportraits.com\/wp-content\/uploads\/2025\/04\/wander-logohorizontal-fondoblanco-80.jpg","width":1081,"height":1081,"caption":"Gissel Arbelaez"},"logo":{"@id":"https:\/\/wanderportraits.com\/wp-content\/uploads\/2025\/04\/wander-logohorizontal-fondoblanco-80.jpg"},"description":"Soy un artista, fot\u00f3grafo y dise\u00f1ador gr\u00e1fico apasionado que se nutre de la creatividad. Me encanta viajar, hacer nuevos amigos, explorar diferentes culturas, probar nuevos platillos y disfrutar de la vida respetando a los dem\u00e1s. Soy organizado, valoro las buenas conversaciones y aprecio las conexiones significativas.","sameAs":["https:\/\/wanderportraits.com\/","https:\/\/www.instagram.com\/wander.portraits\/","https:\/\/www.youtube.com\/@wanderportraits"]}]}},"jetpack_sharing_enabled":true,"_links":{"self":[{"href":"https:\/\/wanderportraits.com\/es\/wp-json\/wp\/v2\/pages\/252","targetHints":{"allow":["GET"]}}],"collection":[{"href":"https:\/\/wanderportraits.com\/es\/wp-json\/wp\/v2\/pages"}],"about":[{"href":"https:\/\/wanderportraits.com\/es\/wp-json\/wp\/v2\/types\/page"}],"author":[{"embeddable":true,"href":"https:\/\/wanderportraits.com\/es\/wp-json\/wp\/v2\/users\/2"}],"replies":[{"embeddable":true,"href":"https:\/\/wanderportraits.com\/es\/wp-json\/wp\/v2\/comments?post=252"}],"version-history":[{"count":53,"href":"https:\/\/wanderportraits.com\/es\/wp-json\/wp\/v2\/pages\/252\/revisions"}],"predecessor-version":[{"id":3745,"href":"https:\/\/wanderportraits.com\/es\/wp-json\/wp\/v2\/pages\/252\/revisions\/3745"}],"wp:attachment":[{"href":"https:\/\/wanderportraits.com\/es\/wp-json\/wp\/v2\/media?parent=252"}],"curies":[{"name":"wp","href":"https:\/\/api.w.org\/{rel}","templated":true}]}}