{"id":2355,"date":"2024-11-12T16:20:15","date_gmt":"2024-11-12T16:20:15","guid":{"rendered":"https:\/\/wanderportraits.com\/?post_type=product&#038;p=2355"},"modified":"2025-12-04T12:47:14","modified_gmt":"2025-12-04T12:47:14","slug":"ba-mini-guide","status":"publish","type":"product","link":"https:\/\/wanderportraits.com\/es\/product\/ba-mini-guide","title":{"rendered":"Buenos Aires Mini Guide"},"content":{"rendered":"<p>[et_pb_section fb_built=&#8221;1&#8243; _builder_version=&#8221;4.16&#8243; custom_padding=&#8221;0px||||false|false&#8221; global_colors_info=&#8221;{}&#8221;][et_pb_row _builder_version=&#8221;4.16&#8243; background_size=&#8221;initial&#8221; background_position=&#8221;top_left&#8221; background_repeat=&#8221;repeat&#8221; width=&#8221;100%&#8221; custom_padding=&#8221;0px||0px||false|false&#8221; global_colors_info=&#8221;{}&#8221;][et_pb_column type=&#8221;4_4&#8243; _builder_version=&#8221;4.16&#8243; custom_padding=&#8221;|||&#8221; global_colors_info=&#8221;{}&#8221; custom_padding__hover=&#8221;|||&#8221;][et_pb_wc_breadcrumb _builder_version=&#8221;4.16&#8243; global_colors_info=&#8221;{}&#8221;][\/et_pb_wc_breadcrumb][et_pb_wc_cart_notice _builder_version=&#8221;4.27.2&#8243; title_font=&#8221;Nunito Sans|600|||||||&#8221; error_font=&#8221;Nunito Sans||||||||&#8221; content_font=&#8221;Nunito Sans|600|||||||&#8221; content_text_color=&#8221;#888888&#8243; background_color=&#8221;#A6A6A6&#8243; custom_button=&#8221;on&#8221; button_text_color=&#8221;#ffffff&#8221; button_bg_color=&#8221;#FFBCAB&#8221; button_border_radius=&#8221;100px&#8221; button_font=&#8221;Nunito Sans|600|||||||&#8221; global_colors_info=&#8221;{}&#8221;][\/et_pb_wc_cart_notice][\/et_pb_column][\/et_pb_row][et_pb_row column_structure=&#8221;1_2,1_2&#8243; _builder_version=&#8221;4.16&#8243; background_size=&#8221;initial&#8221; background_position=&#8221;top_left&#8221; background_repeat=&#8221;repeat&#8221; width=&#8221;100%&#8221; custom_padding=&#8221;0px||||false|false&#8221; global_colors_info=&#8221;{}&#8221;][et_pb_column type=&#8221;1_2&#8243; _builder_version=&#8221;4.16&#8243; custom_padding=&#8221;|||&#8221; global_colors_info=&#8221;{}&#8221; custom_padding__hover=&#8221;|||&#8221;][et_pb_wc_images _builder_version=&#8221;4.16&#8243; global_colors_info=&#8221;{}&#8221;][\/et_pb_wc_images][\/et_pb_column][et_pb_column type=&#8221;1_2&#8243; _builder_version=&#8221;4.16&#8243; custom_padding=&#8221;|||&#8221; global_colors_info=&#8221;{}&#8221; custom_padding__hover=&#8221;|||&#8221;][et_pb_wc_title _builder_version=&#8221;4.27.2&#8243; header_font=&#8221;Nunito Sans|600|||||||&#8221; header_text_color=&#8221;#A6A6A6&#8243; global_colors_info=&#8221;{}&#8221;][\/et_pb_wc_title][et_pb_wc_price _builder_version=&#8221;4.27.2&#8243; body_font=&#8221;Nunito Sans|600|||||||&#8221; body_text_color=&#8221;#FFBCAB&#8221; global_colors_info=&#8221;{}&#8221;][\/et_pb_wc_price][et_pb_wc_add_to_cart _builder_version=&#8221;4.27.2&#8243; custom_button=&#8221;on&#8221; button_text_color=&#8221;#ffffff&#8221; button_bg_color=&#8221;#FFBCAB&#8221; button_border_radius=&#8221;100px&#8221; button_font=&#8221;Nunito Sans|600|||||||&#8221; global_colors_info=&#8221;{}&#8221;][\/et_pb_wc_add_to_cart][et_pb_wc_tabs active_tab_background_color=&#8221;#888888&#8243; inactive_tab_background_color=&#8221;#888888&#8243; active_tab_text_color=&#8221;#ffffff&#8221; _builder_version=&#8221;4.27.2&#8243; body_font=&#8221;Nunito Sans||||||||&#8221; body_text_color=&#8221;#888888&#8243; tab_font=&#8221;Nunito Sans||||||||&#8221; global_colors_info=&#8221;{}&#8221;] [\/et_pb_wc_tabs][et_pb_wc_meta _builder_version=&#8221;4.16&#8243; global_colors_info=&#8221;{}&#8221;][\/et_pb_wc_meta][\/et_pb_column][\/et_pb_row][et_pb_row _builder_version=&#8221;4.16&#8243; background_size=&#8221;initial&#8221; background_position=&#8221;top_left&#8221; background_repeat=&#8221;repeat&#8221; width=&#8221;100%&#8221; global_colors_info=&#8221;{}&#8221;][et_pb_column type=&#8221;4_4&#8243; _builder_version=&#8221;4.16&#8243; custom_padding=&#8221;|||&#8221; global_colors_info=&#8221;{}&#8221; custom_padding__hover=&#8221;|||&#8221;][et_pb_wc_upsells _builder_version=&#8221;4.16&#8243; global_colors_info=&#8221;{}&#8221;][\/et_pb_wc_upsells][et_pb_wc_related_products _builder_version=&#8221;4.16&#8243; global_colors_info=&#8221;{}&#8221;][\/et_pb_wc_related_products][\/et_pb_column][\/et_pb_row][\/et_pb_section]<\/p>\n","protected":false},"excerpt":{"rendered":"<p>Unlock the best of Buenos Aires with this concise guide. Discover top attractions, navigate like a local, and make the most of your trip.<\/p>","protected":false},"featured_media":2005,"comment_status":"closed","ping_status":"closed","template":"","meta":{"_et_pb_use_builder":"on","_et_pb_old_content":"","_et_gb_content_width":""},"product_brand":[],"product_cat":[46],"product_tag":[],"class_list":{"0":"post-2355","1":"product","2":"type-product","3":"status-publish","4":"has-post-thumbnail","6":"product_cat-products","7":"wt_location-buenos-aires","9":"first","10":"outofstock","11":"downloadable","12":"taxable","13":"shipping-taxable","14":"purchasable","15":"product-type-simple"},"yoast_head":"<!-- This site is optimized with the Yoast SEO plugin v27.4 - https:\/\/yoast.com\/product\/yoast-seo-wordpress\/ -->\n<title>Buenos Aires Mini Guide - wanderportraits<\/title>\n<meta name=\"description\" content=\"Discover the essentials of Buenos Aires with this mini guide, covering top sights, neighborhoods, and must-see spots in the city.\" \/>\n<meta name=\"robots\" content=\"index, follow, max-snippet:-1, max-image-preview:large, max-video-preview:-1\" \/>\n<link rel=\"canonical\" href=\"https:\/\/wanderportraits.com\/es\/producto\/ba-mini-guide\/\" \/>\n<meta property=\"og:locale\" content=\"es_ES\" \/>\n<meta property=\"og:type\" content=\"article\" \/>\n<meta property=\"og:title\" content=\"Buenos Aires Mini Guide - wanderportraits\" \/>\n<meta property=\"og:description\" content=\"Discover the essentials of Buenos Aires with this mini guide, covering top sights, neighborhoods, and must-see spots in the city.\" \/>\n<meta property=\"og:url\" content=\"https:\/\/wanderportraits.com\/es\/producto\/ba-mini-guide\/\" \/>\n<meta property=\"og:site_name\" content=\"wanderportraits\" \/>\n<meta property=\"article:modified_time\" content=\"2025-12-04T12:47:14+00:00\" \/>\n<meta property=\"og:image\" content=\"https:\/\/wanderportraits.com\/wp-content\/uploads\/2024\/04\/IMG_9345-WM-1024x704.webp\" \/>\n\t<meta property=\"og:image:width\" content=\"1024\" \/>\n\t<meta property=\"og:image:height\" content=\"704\" \/>\n\t<meta property=\"og:image:type\" content=\"image\/webp\" \/>\n<meta name=\"twitter:card\" content=\"summary_large_image\" \/>\n<meta name=\"twitter:label1\" content=\"Tiempo de lectura\" \/>\n\t<meta name=\"twitter:data1\" content=\"1 minuto\" \/>\n<script type=\"application\/ld+json\" class=\"yoast-schema-graph\">{\"@context\":\"https:\\\/\\\/schema.org\",\"@graph\":[{\"@type\":\"WebPage\",\"@id\":\"https:\\\/\\\/wanderportraits.com\\\/product\\\/ba-mini-guide\",\"url\":\"https:\\\/\\\/wanderportraits.com\\\/product\\\/ba-mini-guide\",\"name\":\"Buenos Aires Mini Guide - wanderportraits\",\"isPartOf\":{\"@id\":\"https:\\\/\\\/wanderportraits.com\\\/en\\\/#website\"},\"primaryImageOfPage\":{\"@id\":\"https:\\\/\\\/wanderportraits.com\\\/product\\\/ba-mini-guide#primaryimage\"},\"image\":{\"@id\":\"https:\\\/\\\/wanderportraits.com\\\/product\\\/ba-mini-guide#primaryimage\"},\"thumbnailUrl\":\"https:\\\/\\\/wanderportraits.com\\\/wp-content\\\/uploads\\\/2024\\\/04\\\/IMG_9345-WM.webp\",\"datePublished\":\"2024-11-12T16:20:15+00:00\",\"dateModified\":\"2025-12-04T12:47:14+00:00\",\"description\":\"Discover the essentials of Buenos Aires with this mini guide, covering top sights, neighborhoods, and must-see spots in the city.\",\"breadcrumb\":{\"@id\":\"https:\\\/\\\/wanderportraits.com\\\/product\\\/ba-mini-guide#breadcrumb\"},\"inLanguage\":\"es-AR\",\"potentialAction\":[{\"@type\":\"ReadAction\",\"target\":[\"https:\\\/\\\/wanderportraits.com\\\/product\\\/ba-mini-guide\"]}]},{\"@type\":\"ImageObject\",\"inLanguage\":\"es-AR\",\"@id\":\"https:\\\/\\\/wanderportraits.com\\\/product\\\/ba-mini-guide#primaryimage\",\"url\":\"https:\\\/\\\/wanderportraits.com\\\/wp-content\\\/uploads\\\/2024\\\/04\\\/IMG_9345-WM.webp\",\"contentUrl\":\"https:\\\/\\\/wanderportraits.com\\\/wp-content\\\/uploads\\\/2024\\\/04\\\/IMG_9345-WM.webp\",\"width\":2048,\"height\":1408,\"caption\":\"Empowering photoshoot for women Buenos Aires\"},{\"@type\":\"BreadcrumbList\",\"@id\":\"https:\\\/\\\/wanderportraits.com\\\/product\\\/ba-mini-guide#breadcrumb\",\"itemListElement\":[{\"@type\":\"ListItem\",\"position\":1,\"name\":\"Home\",\"item\":\"https:\\\/\\\/wanderportraits.com\\\/en\\\/\"},{\"@type\":\"ListItem\",\"position\":2,\"name\":\"Shop\",\"item\":\"https:\\\/\\\/wanderportraits.com\\\/en\\\/shop\"},{\"@type\":\"ListItem\",\"position\":3,\"name\":\"Buenos Aires Mini Guide\"}]},{\"@type\":\"WebSite\",\"@id\":\"https:\\\/\\\/wanderportraits.com\\\/en\\\/#website\",\"url\":\"https:\\\/\\\/wanderportraits.com\\\/en\\\/\",\"name\":\"wanderportraits\",\"description\":\"Photoshoot in Buenos Aires\",\"publisher\":{\"@id\":\"https:\\\/\\\/wanderportraits.com\\\/en\\\/#\\\/schema\\\/person\\\/acefe217b370b5452c3a6761d70cfc89\"},\"potentialAction\":[{\"@type\":\"SearchAction\",\"target\":{\"@type\":\"EntryPoint\",\"urlTemplate\":\"https:\\\/\\\/wanderportraits.com\\\/en\\\/?s={search_term_string}\"},\"query-input\":{\"@type\":\"PropertyValueSpecification\",\"valueRequired\":true,\"valueName\":\"search_term_string\"}}],\"inLanguage\":\"es-AR\"},{\"@type\":[\"Person\",\"Organization\"],\"@id\":\"https:\\\/\\\/wanderportraits.com\\\/en\\\/#\\\/schema\\\/person\\\/acefe217b370b5452c3a6761d70cfc89\",\"name\":\"Gissel Arbelaez\",\"pronouns\":\"She \\\/ Her\",\"image\":{\"@type\":\"ImageObject\",\"inLanguage\":\"es-AR\",\"@id\":\"https:\\\/\\\/wanderportraits.com\\\/wp-content\\\/uploads\\\/2025\\\/04\\\/wander-logohorizontal-fondoblanco-80.jpg\",\"url\":\"https:\\\/\\\/wanderportraits.com\\\/wp-content\\\/uploads\\\/2025\\\/04\\\/wander-logohorizontal-fondoblanco-80.jpg\",\"contentUrl\":\"https:\\\/\\\/wanderportraits.com\\\/wp-content\\\/uploads\\\/2025\\\/04\\\/wander-logohorizontal-fondoblanco-80.jpg\",\"width\":1081,\"height\":1081,\"caption\":\"Gissel Arbelaez\"},\"logo\":{\"@id\":\"https:\\\/\\\/wanderportraits.com\\\/wp-content\\\/uploads\\\/2025\\\/04\\\/wander-logohorizontal-fondoblanco-80.jpg\"},\"description\":\"I\u2019m a passionate artist, photographer, and graphic designer who thrives on creativity. I love traveling, making new friends, exploring different cultures, trying new foods, and enjoying life while respecting others. I\u2019m organized, value good conversation, and cherish meaningful connections.\",\"sameAs\":[\"https:\\\/\\\/wanderportraits.com\\\/\",\"https:\\\/\\\/www.instagram.com\\\/wander.portraits\\\/\",\"https:\\\/\\\/www.youtube.com\\\/@wanderportraits\"]}]}<\/script>\n<!-- \/ Yoast SEO plugin. -->","yoast_head_json":{"title":"Buenos Aires Mini Guide - wanderportraits","description":"Discover the essentials of Buenos Aires with this mini guide, covering top sights, neighborhoods, and must-see spots in the city.","robots":{"index":"index","follow":"follow","max-snippet":"max-snippet:-1","max-image-preview":"max-image-preview:large","max-video-preview":"max-video-preview:-1"},"canonical":"https:\/\/wanderportraits.com\/es\/producto\/ba-mini-guide\/","og_locale":"es_ES","og_type":"article","og_title":"Buenos Aires Mini Guide - wanderportraits","og_description":"Discover the essentials of Buenos Aires with this mini guide, covering top sights, neighborhoods, and must-see spots in the city.","og_url":"https:\/\/wanderportraits.com\/es\/producto\/ba-mini-guide\/","og_site_name":"wanderportraits","article_modified_time":"2025-12-04T12:47:14+00:00","og_image":[{"width":1024,"height":704,"url":"https:\/\/wanderportraits.com\/wp-content\/uploads\/2024\/04\/IMG_9345-WM-1024x704.webp","type":"image\/webp"}],"twitter_card":"summary_large_image","twitter_misc":{"Tiempo de lectura":"1 minuto"},"schema":{"@context":"https:\/\/schema.org","@graph":[{"@type":"WebPage","@id":"https:\/\/wanderportraits.com\/product\/ba-mini-guide","url":"https:\/\/wanderportraits.com\/product\/ba-mini-guide","name":"Buenos Aires Mini Guide - wanderportraits","isPartOf":{"@id":"https:\/\/wanderportraits.com\/en\/#website"},"primaryImageOfPage":{"@id":"https:\/\/wanderportraits.com\/product\/ba-mini-guide#primaryimage"},"image":{"@id":"https:\/\/wanderportraits.com\/product\/ba-mini-guide#primaryimage"},"thumbnailUrl":"https:\/\/wanderportraits.com\/wp-content\/uploads\/2024\/04\/IMG_9345-WM.webp","datePublished":"2024-11-12T16:20:15+00:00","dateModified":"2025-12-04T12:47:14+00:00","description":"Discover the essentials of Buenos Aires with this mini guide, covering top sights, neighborhoods, and must-see spots in the city.","breadcrumb":{"@id":"https:\/\/wanderportraits.com\/product\/ba-mini-guide#breadcrumb"},"inLanguage":"es-AR","potentialAction":[{"@type":"ReadAction","target":["https:\/\/wanderportraits.com\/product\/ba-mini-guide"]}]},{"@type":"ImageObject","inLanguage":"es-AR","@id":"https:\/\/wanderportraits.com\/product\/ba-mini-guide#primaryimage","url":"https:\/\/wanderportraits.com\/wp-content\/uploads\/2024\/04\/IMG_9345-WM.webp","contentUrl":"https:\/\/wanderportraits.com\/wp-content\/uploads\/2024\/04\/IMG_9345-WM.webp","width":2048,"height":1408,"caption":"Empowering photoshoot for women Buenos Aires"},{"@type":"BreadcrumbList","@id":"https:\/\/wanderportraits.com\/product\/ba-mini-guide#breadcrumb","itemListElement":[{"@type":"ListItem","position":1,"name":"Home","item":"https:\/\/wanderportraits.com\/en\/"},{"@type":"ListItem","position":2,"name":"Shop","item":"https:\/\/wanderportraits.com\/en\/shop"},{"@type":"ListItem","position":3,"name":"Buenos Aires Mini Guide"}]},{"@type":"WebSite","@id":"https:\/\/wanderportraits.com\/en\/#website","url":"https:\/\/wanderportraits.com\/en\/","name":"wanderportraits","description":"Sesi\u00f3n fotogr\u00e1fica en Buenos Aires","publisher":{"@id":"https:\/\/wanderportraits.com\/en\/#\/schema\/person\/acefe217b370b5452c3a6761d70cfc89"},"potentialAction":[{"@type":"SearchAction","target":{"@type":"EntryPoint","urlTemplate":"https:\/\/wanderportraits.com\/en\/?s={search_term_string}"},"query-input":{"@type":"PropertyValueSpecification","valueRequired":true,"valueName":"search_term_string"}}],"inLanguage":"es-AR"},{"@type":["Person","Organization"],"@id":"https:\/\/wanderportraits.com\/en\/#\/schema\/person\/acefe217b370b5452c3a6761d70cfc89","name":"Gissel Arbelaez","pronouns":"She \/ Her","image":{"@type":"ImageObject","inLanguage":"es-AR","@id":"https:\/\/wanderportraits.com\/wp-content\/uploads\/2025\/04\/wander-logohorizontal-fondoblanco-80.jpg","url":"https:\/\/wanderportraits.com\/wp-content\/uploads\/2025\/04\/wander-logohorizontal-fondoblanco-80.jpg","contentUrl":"https:\/\/wanderportraits.com\/wp-content\/uploads\/2025\/04\/wander-logohorizontal-fondoblanco-80.jpg","width":1081,"height":1081,"caption":"Gissel Arbelaez"},"logo":{"@id":"https:\/\/wanderportraits.com\/wp-content\/uploads\/2025\/04\/wander-logohorizontal-fondoblanco-80.jpg"},"description":"Soy un artista, fot\u00f3grafo y dise\u00f1ador gr\u00e1fico apasionado que se nutre de la creatividad. Me encanta viajar, hacer nuevos amigos, explorar diferentes culturas, probar nuevos platillos y disfrutar de la vida respetando a los dem\u00e1s. Soy organizado, valoro las buenas conversaciones y aprecio las conexiones significativas.","sameAs":["https:\/\/wanderportraits.com\/","https:\/\/www.instagram.com\/wander.portraits\/","https:\/\/www.youtube.com\/@wanderportraits"]}]}},"jetpack_sharing_enabled":true,"_links":{"self":[{"href":"https:\/\/wanderportraits.com\/es\/wp-json\/wp\/v2\/product\/2355","targetHints":{"allow":["GET"]}}],"collection":[{"href":"https:\/\/wanderportraits.com\/es\/wp-json\/wp\/v2\/product"}],"about":[{"href":"https:\/\/wanderportraits.com\/es\/wp-json\/wp\/v2\/types\/product"}],"replies":[{"embeddable":true,"href":"https:\/\/wanderportraits.com\/es\/wp-json\/wp\/v2\/comments?post=2355"}],"wp:featuredmedia":[{"embeddable":true,"href":"https:\/\/wanderportraits.com\/es\/wp-json\/wp\/v2\/media\/2005"}],"wp:attachment":[{"href":"https:\/\/wanderportraits.com\/es\/wp-json\/wp\/v2\/media?parent=2355"}],"wp:term":[{"taxonomy":"product_brand","embeddable":true,"href":"https:\/\/wanderportraits.com\/es\/wp-json\/wp\/v2\/product_brand?post=2355"},{"taxonomy":"product_cat","embeddable":true,"href":"https:\/\/wanderportraits.com\/es\/wp-json\/wp\/v2\/product_cat?post=2355"},{"taxonomy":"product_tag","embeddable":true,"href":"https:\/\/wanderportraits.com\/es\/wp-json\/wp\/v2\/product_tag?post=2355"}],"curies":[{"name":"wp","href":"https:\/\/api.w.org\/{rel}","templated":true}]}}