{"id":2452,"date":"2025-02-28T20:17:45","date_gmt":"2025-02-28T20:17:45","guid":{"rendered":"https:\/\/wanderportraits.com\/?post_type=product&#038;p=2452"},"modified":"2025-12-04T12:49:15","modified_gmt":"2025-12-04T12:49:15","slug":"solo-mini-photoshoot","status":"publish","type":"product","link":"https:\/\/wanderportraits.com\/es\/product\/solo-mini-photoshoot","title":{"rendered":"Solo mini photoshoot"},"content":{"rendered":"<ul>\n<li aria-level=\"1\"><strong>Location:<\/strong> 1 Place of choice.<\/li>\n<li aria-level=\"1\"><strong>Transport:<\/strong> Caminata pausada de 1 a 2 km.<\/li>\n<li aria-level=\"1\"><strong>Includes:<\/strong> 25 edited photographs that can be chosen by the client by sending thumbnails within 48 hours after the session.<\/li>\n<li aria-level=\"1\"><strong>Final photos:<\/strong> Delivered within 3 days after your selection.<\/li>\n<li aria-level=\"1\">Available every day of the week.<\/li>\n<li aria-level=\"1\">It is only possible to go to La Boca on weekends (Friday to Sunday) at 8:00 AM in the summer and 9:00 AM in the winter<\/li>\n<li aria-level=\"1\">For the Japanese Garden, you will be responsible for purchasing the entrance tickets.<\/li>\n<\/ul>\n<p><strong>Unedited or RAW files are not provided &#8211; <\/strong><span style=\"font-weight: 400;\">Before completing your booking, please make sure to have read and agreed <\/span><a href=\"https:\/\/wanderportraits.com\/es\/terms-and-conditions\/\"><span style=\"font-weight: 400;\"><strong>los t\u00e9rminos y condiciones<\/strong><\/span><\/a><span style=\"font-weight: 400;\">. Para mayor informaci\u00f3n, por favor lea nuestra <\/span><strong><a href=\"https:\/\/wanderportraits.com\/es\/preguntas-frecuentes\/\">secci\u00f3n de Preguntas frecuentes<\/a><\/strong><span style=\"font-weight: 400;\"> &amp; <\/span><strong><a href=\"https:\/\/wanderportraits.com\/es\/privacypolicy\/\">Pol\u00edtica de privacidad.<\/a>.<\/strong><\/p>","protected":false},"excerpt":{"rendered":"<h6><span class=\"et_pb_best_value\">Snap the right moments!<\/span><\/h6>","protected":false},"featured_media":2245,"comment_status":"closed","ping_status":"closed","template":"","meta":{"_et_pb_use_builder":"on","_et_pb_old_content":"<ul>\r\n \t<li aria-level=\"1\"><strong>Location:<\/strong> 1 Place of choice.<\/li>\r\n \t<li aria-level=\"1\"><strong>Transport:<\/strong> Slow walk between 1 and 2 km.<\/li>\r\n \t<li aria-level=\"1\"><strong>Includes:<\/strong> 25 edited photographs that can be chosen by the client by sending thumbnails within 48 hours after the session.<\/li>\r\n \t<li aria-level=\"1\"><strong>Final photos:<\/strong> Delivered within 3 days after your selection.<\/li>\r\n \t<li aria-level=\"1\">Available every day of the week.<\/li>\r\n \t<li aria-level=\"1\">It is only possible to go to La Boca on weekends (Friday to Sunday) at 8:00 AM in the summer and 9:00 AM in the winter<\/li>\r\n \t<li aria-level=\"1\">For the Japanese Garden, you will be responsible for purchasing the entrance tickets.<\/li>\r\n<\/ul>\r\n<strong>Unedited or RAW files are not provided - <\/strong><span style=\"font-weight: 400;\">Before completing your booking, please make sure to have read and agreed <\/span><a href=\"https:\/\/wanderportraits.com\/terms-and-conditions\"><span style=\"font-weight: 400;\"><strong>to the terms and conditions<\/strong><\/span><\/a><span style=\"font-weight: 400;\">. For further information, please read our <\/span><strong><a href=\"https:\/\/wanderportraits.com\/faq\">FAQs section<\/a><\/strong><span style=\"font-weight: 400;\"> &amp; <\/span><strong><a href=\"https:\/\/wanderportraits.com\/privacypolicy\">Privacy policy<\/a>.<\/strong>","_et_gb_content_width":""},"product_brand":[],"product_cat":[26],"product_tag":[34],"class_list":{"0":"post-2452","1":"product","2":"type-product","3":"status-publish","4":"has-post-thumbnail","6":"product_cat-solo","7":"product_tag-mini-photoshoot","8":"wt_location-buenos-aires","10":"first","11":"instock","12":"sold-individually","13":"purchasable","14":"product-type-simple"},"yoast_head":"<!-- This site is optimized with the Yoast SEO plugin v27.4 - https:\/\/yoast.com\/product\/yoast-seo-wordpress\/ -->\n<title>Solo mini photoshoot - wanderportraits<\/title>\n<meta name=\"description\" content=\"Capture stunning portraits in minutes with a Solo Mini Photoshoot Buenos Aires \u2014 perfect for travelers craving quick, stylish memories of the city.\" \/>\n<meta name=\"robots\" content=\"index, follow, max-snippet:-1, max-image-preview:large, max-video-preview:-1\" \/>\n<link rel=\"canonical\" href=\"https:\/\/wanderportraits.com\/es\/producto\/solo-mini-photoshoot\/\" \/>\n<meta property=\"og:locale\" content=\"es_ES\" \/>\n<meta property=\"og:type\" content=\"article\" \/>\n<meta property=\"og:title\" content=\"Solo mini photoshoot - wanderportraits\" \/>\n<meta property=\"og:description\" content=\"Capture stunning portraits in minutes with a Solo Mini Photoshoot Buenos Aires \u2014 perfect for travelers craving quick, stylish memories of the city.\" \/>\n<meta property=\"og:url\" content=\"https:\/\/wanderportraits.com\/es\/producto\/solo-mini-photoshoot\/\" \/>\n<meta property=\"og:site_name\" content=\"wanderportraits\" \/>\n<meta property=\"article:modified_time\" content=\"2025-12-04T12:49:15+00:00\" \/>\n<meta property=\"og:image\" content=\"https:\/\/wanderportraits.com\/wp-content\/uploads\/2024\/09\/IMG_2030-WM.webp\" \/>\n\t<meta property=\"og:image:width\" content=\"2048\" \/>\n\t<meta property=\"og:image:height\" content=\"1365\" \/>\n\t<meta property=\"og:image:type\" content=\"image\/webp\" \/>\n<meta name=\"twitter:card\" content=\"summary_large_image\" \/>\n<meta name=\"twitter:label1\" content=\"Tiempo de lectura\" \/>\n\t<meta name=\"twitter:data1\" content=\"1 minuto\" \/>\n<script type=\"application\/ld+json\" class=\"yoast-schema-graph\">{\"@context\":\"https:\\\/\\\/schema.org\",\"@graph\":[{\"@type\":\"WebPage\",\"@id\":\"https:\\\/\\\/wanderportraits.com\\\/product\\\/solo-mini-photoshoot\",\"url\":\"https:\\\/\\\/wanderportraits.com\\\/product\\\/solo-mini-photoshoot\",\"name\":\"Solo mini photoshoot - wanderportraits\",\"isPartOf\":{\"@id\":\"https:\\\/\\\/wanderportraits.com\\\/en\\\/#website\"},\"primaryImageOfPage\":{\"@id\":\"https:\\\/\\\/wanderportraits.com\\\/product\\\/solo-mini-photoshoot#primaryimage\"},\"image\":{\"@id\":\"https:\\\/\\\/wanderportraits.com\\\/product\\\/solo-mini-photoshoot#primaryimage\"},\"thumbnailUrl\":\"https:\\\/\\\/wanderportraits.com\\\/wp-content\\\/uploads\\\/2024\\\/09\\\/IMG_2030-WM.webp\",\"datePublished\":\"2025-02-28T20:17:45+00:00\",\"dateModified\":\"2025-12-04T12:49:15+00:00\",\"description\":\"Capture stunning portraits in minutes with a Solo Mini Photoshoot Buenos Aires \u2014 perfect for travelers craving quick, stylish memories of the city.\",\"breadcrumb\":{\"@id\":\"https:\\\/\\\/wanderportraits.com\\\/product\\\/solo-mini-photoshoot#breadcrumb\"},\"inLanguage\":\"es-AR\",\"potentialAction\":[{\"@type\":\"ReadAction\",\"target\":[\"https:\\\/\\\/wanderportraits.com\\\/product\\\/solo-mini-photoshoot\"]}]},{\"@type\":\"ImageObject\",\"inLanguage\":\"es-AR\",\"@id\":\"https:\\\/\\\/wanderportraits.com\\\/product\\\/solo-mini-photoshoot#primaryimage\",\"url\":\"https:\\\/\\\/wanderportraits.com\\\/wp-content\\\/uploads\\\/2024\\\/09\\\/IMG_2030-WM.webp\",\"contentUrl\":\"https:\\\/\\\/wanderportraits.com\\\/wp-content\\\/uploads\\\/2024\\\/09\\\/IMG_2030-WM.webp\",\"width\":2048,\"height\":1365,\"caption\":\"Travel portraits woman Buenos Aires\"},{\"@type\":\"BreadcrumbList\",\"@id\":\"https:\\\/\\\/wanderportraits.com\\\/product\\\/solo-mini-photoshoot#breadcrumb\",\"itemListElement\":[{\"@type\":\"ListItem\",\"position\":1,\"name\":\"Home\",\"item\":\"https:\\\/\\\/wanderportraits.com\\\/en\\\/\"},{\"@type\":\"ListItem\",\"position\":2,\"name\":\"Shop\",\"item\":\"https:\\\/\\\/wanderportraits.com\\\/en\\\/shop\"},{\"@type\":\"ListItem\",\"position\":3,\"name\":\"Solo mini photoshoot\"}]},{\"@type\":\"WebSite\",\"@id\":\"https:\\\/\\\/wanderportraits.com\\\/en\\\/#website\",\"url\":\"https:\\\/\\\/wanderportraits.com\\\/en\\\/\",\"name\":\"wanderportraits\",\"description\":\"Photoshoot in Buenos Aires\",\"publisher\":{\"@id\":\"https:\\\/\\\/wanderportraits.com\\\/en\\\/#\\\/schema\\\/person\\\/acefe217b370b5452c3a6761d70cfc89\"},\"potentialAction\":[{\"@type\":\"SearchAction\",\"target\":{\"@type\":\"EntryPoint\",\"urlTemplate\":\"https:\\\/\\\/wanderportraits.com\\\/en\\\/?s={search_term_string}\"},\"query-input\":{\"@type\":\"PropertyValueSpecification\",\"valueRequired\":true,\"valueName\":\"search_term_string\"}}],\"inLanguage\":\"es-AR\"},{\"@type\":[\"Person\",\"Organization\"],\"@id\":\"https:\\\/\\\/wanderportraits.com\\\/en\\\/#\\\/schema\\\/person\\\/acefe217b370b5452c3a6761d70cfc89\",\"name\":\"Gissel Arbelaez\",\"pronouns\":\"She \\\/ Her\",\"image\":{\"@type\":\"ImageObject\",\"inLanguage\":\"es-AR\",\"@id\":\"https:\\\/\\\/wanderportraits.com\\\/wp-content\\\/uploads\\\/2025\\\/04\\\/wander-logohorizontal-fondoblanco-80.jpg\",\"url\":\"https:\\\/\\\/wanderportraits.com\\\/wp-content\\\/uploads\\\/2025\\\/04\\\/wander-logohorizontal-fondoblanco-80.jpg\",\"contentUrl\":\"https:\\\/\\\/wanderportraits.com\\\/wp-content\\\/uploads\\\/2025\\\/04\\\/wander-logohorizontal-fondoblanco-80.jpg\",\"width\":1081,\"height\":1081,\"caption\":\"Gissel Arbelaez\"},\"logo\":{\"@id\":\"https:\\\/\\\/wanderportraits.com\\\/wp-content\\\/uploads\\\/2025\\\/04\\\/wander-logohorizontal-fondoblanco-80.jpg\"},\"description\":\"I\u2019m a passionate artist, photographer, and graphic designer who thrives on creativity. I love traveling, making new friends, exploring different cultures, trying new foods, and enjoying life while respecting others. I\u2019m organized, value good conversation, and cherish meaningful connections.\",\"sameAs\":[\"https:\\\/\\\/wanderportraits.com\\\/\",\"https:\\\/\\\/www.instagram.com\\\/wander.portraits\\\/\",\"https:\\\/\\\/www.youtube.com\\\/@wanderportraits\"]}]}<\/script>\n<!-- \/ Yoast SEO plugin. -->","yoast_head_json":{"title":"Solo mini photoshoot - wanderportraits","description":"Capture stunning portraits in minutes with a Solo Mini Photoshoot Buenos Aires \u2014 perfect for travelers craving quick, stylish memories of the city.","robots":{"index":"index","follow":"follow","max-snippet":"max-snippet:-1","max-image-preview":"max-image-preview:large","max-video-preview":"max-video-preview:-1"},"canonical":"https:\/\/wanderportraits.com\/es\/producto\/solo-mini-photoshoot\/","og_locale":"es_ES","og_type":"article","og_title":"Solo mini photoshoot - wanderportraits","og_description":"Capture stunning portraits in minutes with a Solo Mini Photoshoot Buenos Aires \u2014 perfect for travelers craving quick, stylish memories of the city.","og_url":"https:\/\/wanderportraits.com\/es\/producto\/solo-mini-photoshoot\/","og_site_name":"wanderportraits","article_modified_time":"2025-12-04T12:49:15+00:00","og_image":[{"width":2048,"height":1365,"url":"https:\/\/wanderportraits.com\/wp-content\/uploads\/2024\/09\/IMG_2030-WM.webp","type":"image\/webp"}],"twitter_card":"summary_large_image","twitter_misc":{"Tiempo de lectura":"1 minuto"},"schema":{"@context":"https:\/\/schema.org","@graph":[{"@type":"WebPage","@id":"https:\/\/wanderportraits.com\/product\/solo-mini-photoshoot","url":"https:\/\/wanderportraits.com\/product\/solo-mini-photoshoot","name":"Solo mini photoshoot - wanderportraits","isPartOf":{"@id":"https:\/\/wanderportraits.com\/en\/#website"},"primaryImageOfPage":{"@id":"https:\/\/wanderportraits.com\/product\/solo-mini-photoshoot#primaryimage"},"image":{"@id":"https:\/\/wanderportraits.com\/product\/solo-mini-photoshoot#primaryimage"},"thumbnailUrl":"https:\/\/wanderportraits.com\/wp-content\/uploads\/2024\/09\/IMG_2030-WM.webp","datePublished":"2025-02-28T20:17:45+00:00","dateModified":"2025-12-04T12:49:15+00:00","description":"Capture stunning portraits in minutes with a Solo Mini Photoshoot Buenos Aires \u2014 perfect for travelers craving quick, stylish memories of the city.","breadcrumb":{"@id":"https:\/\/wanderportraits.com\/product\/solo-mini-photoshoot#breadcrumb"},"inLanguage":"es-AR","potentialAction":[{"@type":"ReadAction","target":["https:\/\/wanderportraits.com\/product\/solo-mini-photoshoot"]}]},{"@type":"ImageObject","inLanguage":"es-AR","@id":"https:\/\/wanderportraits.com\/product\/solo-mini-photoshoot#primaryimage","url":"https:\/\/wanderportraits.com\/wp-content\/uploads\/2024\/09\/IMG_2030-WM.webp","contentUrl":"https:\/\/wanderportraits.com\/wp-content\/uploads\/2024\/09\/IMG_2030-WM.webp","width":2048,"height":1365,"caption":"Travel portraits woman Buenos Aires"},{"@type":"BreadcrumbList","@id":"https:\/\/wanderportraits.com\/product\/solo-mini-photoshoot#breadcrumb","itemListElement":[{"@type":"ListItem","position":1,"name":"Home","item":"https:\/\/wanderportraits.com\/en\/"},{"@type":"ListItem","position":2,"name":"Shop","item":"https:\/\/wanderportraits.com\/en\/shop"},{"@type":"ListItem","position":3,"name":"Solo mini photoshoot"}]},{"@type":"WebSite","@id":"https:\/\/wanderportraits.com\/en\/#website","url":"https:\/\/wanderportraits.com\/en\/","name":"wanderportraits","description":"Sesi\u00f3n fotogr\u00e1fica en Buenos Aires","publisher":{"@id":"https:\/\/wanderportraits.com\/en\/#\/schema\/person\/acefe217b370b5452c3a6761d70cfc89"},"potentialAction":[{"@type":"SearchAction","target":{"@type":"EntryPoint","urlTemplate":"https:\/\/wanderportraits.com\/en\/?s={search_term_string}"},"query-input":{"@type":"PropertyValueSpecification","valueRequired":true,"valueName":"search_term_string"}}],"inLanguage":"es-AR"},{"@type":["Person","Organization"],"@id":"https:\/\/wanderportraits.com\/en\/#\/schema\/person\/acefe217b370b5452c3a6761d70cfc89","name":"Gissel Arbelaez","pronouns":"She \/ Her","image":{"@type":"ImageObject","inLanguage":"es-AR","@id":"https:\/\/wanderportraits.com\/wp-content\/uploads\/2025\/04\/wander-logohorizontal-fondoblanco-80.jpg","url":"https:\/\/wanderportraits.com\/wp-content\/uploads\/2025\/04\/wander-logohorizontal-fondoblanco-80.jpg","contentUrl":"https:\/\/wanderportraits.com\/wp-content\/uploads\/2025\/04\/wander-logohorizontal-fondoblanco-80.jpg","width":1081,"height":1081,"caption":"Gissel Arbelaez"},"logo":{"@id":"https:\/\/wanderportraits.com\/wp-content\/uploads\/2025\/04\/wander-logohorizontal-fondoblanco-80.jpg"},"description":"Soy un artista, fot\u00f3grafo y dise\u00f1ador gr\u00e1fico apasionado que se nutre de la creatividad. Me encanta viajar, hacer nuevos amigos, explorar diferentes culturas, probar nuevos platillos y disfrutar de la vida respetando a los dem\u00e1s. Soy organizado, valoro las buenas conversaciones y aprecio las conexiones significativas.","sameAs":["https:\/\/wanderportraits.com\/","https:\/\/www.instagram.com\/wander.portraits\/","https:\/\/www.youtube.com\/@wanderportraits"]}]}},"jetpack_sharing_enabled":true,"_links":{"self":[{"href":"https:\/\/wanderportraits.com\/es\/wp-json\/wp\/v2\/product\/2452","targetHints":{"allow":["GET"]}}],"collection":[{"href":"https:\/\/wanderportraits.com\/es\/wp-json\/wp\/v2\/product"}],"about":[{"href":"https:\/\/wanderportraits.com\/es\/wp-json\/wp\/v2\/types\/product"}],"replies":[{"embeddable":true,"href":"https:\/\/wanderportraits.com\/es\/wp-json\/wp\/v2\/comments?post=2452"}],"wp:featuredmedia":[{"embeddable":true,"href":"https:\/\/wanderportraits.com\/es\/wp-json\/wp\/v2\/media\/2245"}],"wp:attachment":[{"href":"https:\/\/wanderportraits.com\/es\/wp-json\/wp\/v2\/media?parent=2452"}],"wp:term":[{"taxonomy":"product_brand","embeddable":true,"href":"https:\/\/wanderportraits.com\/es\/wp-json\/wp\/v2\/product_brand?post=2452"},{"taxonomy":"product_cat","embeddable":true,"href":"https:\/\/wanderportraits.com\/es\/wp-json\/wp\/v2\/product_cat?post=2452"},{"taxonomy":"product_tag","embeddable":true,"href":"https:\/\/wanderportraits.com\/es\/wp-json\/wp\/v2\/product_tag?post=2452"}],"curies":[{"name":"wp","href":"https:\/\/api.w.org\/{rel}","templated":true}]}}