{"id":2454,"date":"2025-03-04T20:48:54","date_gmt":"2025-03-04T20:48:54","guid":{"rendered":"https:\/\/wanderportraits.com\/?post_type=product&#038;p=2454"},"modified":"2026-03-20T16:50:01","modified_gmt":"2026-03-20T16:50:01","slug":"solo-gold-photoshoot","status":"publish","type":"product","link":"https:\/\/wanderportraits.com\/es\/product\/solo-gold-photoshoot","title":{"rendered":"Solo Gold photoshoot"},"content":{"rendered":"<h3><b>Solo Gold Photoshoot<\/b><\/h3>\n<ul>\n<li style=\"font-weight: 400;\" aria-level=\"1\"><span style=\"font-weight: 400;\">Includes 35 edited photographs.<\/span><\/li>\n<li style=\"font-weight: 400;\" aria-level=\"1\"><span style=\"font-weight: 400;\">Recibe tus fotos finales v\u00eda Drive en 3 d\u00edas despu\u00e9s de tu selecci\u00f3n.<\/span><\/li>\n<li style=\"font-weight: 400;\" aria-level=\"1\"><span style=\"font-weight: 400;\">Available every day of the week.<\/span><\/li>\n<li style=\"font-weight: 400;\" aria-level=\"1\"><span style=\"font-weight: 400;\">It is only possible to go to La Boca on weekends (Friday to Sunday) at 8:00 AM in the summer and 9:00 AM in the winter<\/span><\/li>\n<li style=\"font-weight: 400;\" aria-level=\"1\"><span style=\"font-weight: 400;\">For the Japanese Garden, you will be responsible for purchasing the entrance tickets.<\/span><\/li>\n<\/ul>\n<h3 data-start=\"250\" data-end=\"552\"><strong data-start=\"250\" data-end=\"391\">Looking for a more complete experience?<\/strong><\/h3>\n<p data-start=\"250\" data-end=\"552\"><strong data-start=\"250\" data-end=\"391\">The Solo Gold Photoshoot Buenos Aires is designed for travelers who want something extra special.<\/strong> With this package, you\u2019ll enjoy a 2-hour professional photoshoot in two different locations across the city \u2014 giving you double the variety, backdrops, and fun.<\/p>\n<p data-start=\"554\" data-end=\"901\">This session is ideal for content creators, solo adventurers, or anyone wanting to capture the spirit of their trip with stylish, high-quality portraits. Whether you\u2019re wandering through the elegant streets of Recoleta or soaking up the boho charm of San Telmo, your Solo Gold Photoshoot Buenos Aires will reflect your unique vibe and personality.<\/p>\n<h3 data-start=\"903\" data-end=\"1237\"><strong data-start=\"903\" data-end=\"947\">Each session is tailor-made to suit you.<\/strong><\/h3>\n<p data-start=\"903\" data-end=\"1237\">We\u2019ll plan together beforehand to choose the best spots, time of day, and styling to bring out your confidence and essence. Want to include an outfit change or accessories? Let\u2019s do it! This is your moment to shine, and I\u2019ll make sure you feel relaxed and empowered in front of the camera. <span style=\"font-weight: 400;\">Check out<\/span><a href=\"https:\/\/www.google.com\/maps\/d\/u\/0\/edit?mid=1OP2J1tghht3_CupqnVz4yqXS3SyO93k&amp;usp=sharing\"> <b>my map<\/b><\/a><span style=\"font-weight: 400;\"> to discover some of the places we can go!<\/span><\/p>\n<p data-start=\"1239\" data-end=\"1578\">The Solo Gold Photoshoot Buenos Aires isn\u2019t just about taking beautiful pictures \u2014 it\u2019s about telling your story. You\u2019ll walk away with a curated gallery full of vibrant, professional images that feel like <em data-start=\"1445\" data-end=\"1450\">you<\/em>. Perfect for sharing on social media, printing, or simply keeping as a timeless memory of your time in this unforgettable city.<\/p>\n<h3 data-start=\"1580\" data-end=\"1733\"><strong>Ready to elevate your solo travel experience? <\/strong><\/h3>\n<p data-start=\"1580\" data-end=\"1733\">Book your Solo Gold Photoshoot Buenos Aires today, and let\u2019s create something truly magical together.<\/p>\n<p><span style=\"font-weight: 400;\">I do <\/span><b>not provide unedited or RAW files<\/b><span style=\"font-weight: 400;\">. Before completing your booking, <\/span><b>please read and agree to<\/b><a href=\"https:\/\/wanderportraits.com\/es\/terms-and-conditions\/\"><b> the terms and conditions<\/b><\/a><span style=\"font-weight: 400;\">. For more details, <\/span><b>check out<\/b><span style=\"font-weight: 400;\"> also the<\/span><a href=\"https:\/\/wanderportraits.com\/es\/preguntas-frecuentes\/\"><b> secci\u00f3n de Preguntas frecuentes<\/b><\/a><span style=\"font-weight: 400;\"> and<\/span><a href=\"https:\/\/wanderportraits.com\/es\/privacypolicy\/\"><b> Pol\u00edtica de privacidad.<\/b><\/a><b>.<\/b><\/p>\n<p><span style=\"font-weight: 400;\">We list all prices in US dollars, but you can <\/span><b>pay in your local currency<\/b><span style=\"font-weight: 400;\"> using a credit or debit card through PayPal. We also <\/span><b>accept<\/b><span style=\"font-weight: 400;\"> USDT, Pix, Western Union, Argentine peso bank transfers, or cash (in pesos) at our office in Retiro. <\/span><b>Your booking is confirmed only after we receive full payment.<\/b><span style=\"font-weight: 400;\"> Simply choose the payment option that works best for you at checkout.<\/span><\/p>","protected":false},"excerpt":{"rendered":"<h5><span class=\"et_pb_best_value\">Top choice!<\/span><\/h5>","protected":false},"featured_media":1997,"comment_status":"closed","ping_status":"closed","template":"","meta":{"_et_pb_use_builder":"","_et_pb_old_content":"","_et_gb_content_width":""},"product_brand":[],"product_cat":[26],"product_tag":[34],"class_list":{"0":"post-2454","1":"product","2":"type-product","3":"status-publish","4":"has-post-thumbnail","6":"product_cat-solo","7":"product_tag-mini-photoshoot","8":"wt_location-buenos-aires","10":"first","11":"instock","12":"sold-individually","13":"purchasable","14":"product-type-simple"},"yoast_head":"<!-- This site is optimized with the Yoast SEO plugin v27.4 - https:\/\/yoast.com\/product\/yoast-seo-wordpress\/ -->\n<title>Solo Gold photoshoot - wanderportraits<\/title>\n<meta name=\"description\" content=\"Capture stunning portraits with a Solo Gold Photoshoot Buenos Aires \u2014 perfect for travelers eager to explore the city and take awesome memories.\" \/>\n<meta name=\"robots\" content=\"index, follow, max-snippet:-1, max-image-preview:large, max-video-preview:-1\" \/>\n<link rel=\"canonical\" href=\"https:\/\/wanderportraits.com\/es\/producto\/solo-gold-photoshoot\/\" \/>\n<meta property=\"og:locale\" content=\"es_ES\" \/>\n<meta property=\"og:type\" content=\"article\" \/>\n<meta property=\"og:title\" content=\"Solo Gold photoshoot - wanderportraits\" \/>\n<meta property=\"og:description\" content=\"Capture stunning portraits with a Solo Gold Photoshoot Buenos Aires \u2014 perfect for travelers eager to explore the city and take awesome memories.\" \/>\n<meta property=\"og:url\" content=\"https:\/\/wanderportraits.com\/es\/producto\/solo-gold-photoshoot\/\" \/>\n<meta property=\"og:site_name\" content=\"wanderportraits\" \/>\n<meta property=\"article:modified_time\" content=\"2026-03-20T16:50:01+00:00\" \/>\n<meta property=\"og:image\" content=\"https:\/\/wanderportraits.com\/wp-content\/uploads\/2024\/04\/IMG_3560-WM-1024x683.webp\" \/>\n\t<meta property=\"og:image:width\" content=\"1024\" \/>\n\t<meta property=\"og:image:height\" content=\"683\" \/>\n\t<meta property=\"og:image:type\" content=\"image\/webp\" \/>\n<meta name=\"twitter:card\" content=\"summary_large_image\" \/>\n<meta name=\"twitter:label1\" content=\"Tiempo de lectura\" \/>\n\t<meta name=\"twitter:data1\" content=\"2 minutos\" \/>\n<script type=\"application\/ld+json\" class=\"yoast-schema-graph\">{\"@context\":\"https:\\\/\\\/schema.org\",\"@graph\":[{\"@type\":\"WebPage\",\"@id\":\"https:\\\/\\\/wanderportraits.com\\\/product\\\/solo-gold-photoshoot\",\"url\":\"https:\\\/\\\/wanderportraits.com\\\/product\\\/solo-gold-photoshoot\",\"name\":\"Solo Gold photoshoot - wanderportraits\",\"isPartOf\":{\"@id\":\"https:\\\/\\\/wanderportraits.com\\\/en\\\/#website\"},\"primaryImageOfPage\":{\"@id\":\"https:\\\/\\\/wanderportraits.com\\\/product\\\/solo-gold-photoshoot#primaryimage\"},\"image\":{\"@id\":\"https:\\\/\\\/wanderportraits.com\\\/product\\\/solo-gold-photoshoot#primaryimage\"},\"thumbnailUrl\":\"https:\\\/\\\/wanderportraits.com\\\/wp-content\\\/uploads\\\/2024\\\/04\\\/IMG_3560-WM.webp\",\"datePublished\":\"2025-03-04T20:48:54+00:00\",\"dateModified\":\"2026-03-20T16:50:01+00:00\",\"description\":\"Capture stunning portraits with a Solo Gold Photoshoot Buenos Aires \u2014 perfect for travelers eager to explore the city and take awesome memories.\",\"breadcrumb\":{\"@id\":\"https:\\\/\\\/wanderportraits.com\\\/product\\\/solo-gold-photoshoot#breadcrumb\"},\"inLanguage\":\"es-AR\",\"potentialAction\":[{\"@type\":\"ReadAction\",\"target\":[\"https:\\\/\\\/wanderportraits.com\\\/product\\\/solo-gold-photoshoot\"]}]},{\"@type\":\"ImageObject\",\"inLanguage\":\"es-AR\",\"@id\":\"https:\\\/\\\/wanderportraits.com\\\/product\\\/solo-gold-photoshoot#primaryimage\",\"url\":\"https:\\\/\\\/wanderportraits.com\\\/wp-content\\\/uploads\\\/2024\\\/04\\\/IMG_3560-WM.webp\",\"contentUrl\":\"https:\\\/\\\/wanderportraits.com\\\/wp-content\\\/uploads\\\/2024\\\/04\\\/IMG_3560-WM.webp\",\"width\":2048,\"height\":1365,\"caption\":\"Content shoot for solo male travelers Buenos Aires\"},{\"@type\":\"BreadcrumbList\",\"@id\":\"https:\\\/\\\/wanderportraits.com\\\/product\\\/solo-gold-photoshoot#breadcrumb\",\"itemListElement\":[{\"@type\":\"ListItem\",\"position\":1,\"name\":\"Home\",\"item\":\"https:\\\/\\\/wanderportraits.com\\\/en\\\/\"},{\"@type\":\"ListItem\",\"position\":2,\"name\":\"Shop\",\"item\":\"https:\\\/\\\/wanderportraits.com\\\/en\\\/shop\"},{\"@type\":\"ListItem\",\"position\":3,\"name\":\"Solo Gold photoshoot\"}]},{\"@type\":\"WebSite\",\"@id\":\"https:\\\/\\\/wanderportraits.com\\\/en\\\/#website\",\"url\":\"https:\\\/\\\/wanderportraits.com\\\/en\\\/\",\"name\":\"wanderportraits\",\"description\":\"Photoshoot in Buenos Aires\",\"publisher\":{\"@id\":\"https:\\\/\\\/wanderportraits.com\\\/en\\\/#\\\/schema\\\/person\\\/acefe217b370b5452c3a6761d70cfc89\"},\"potentialAction\":[{\"@type\":\"SearchAction\",\"target\":{\"@type\":\"EntryPoint\",\"urlTemplate\":\"https:\\\/\\\/wanderportraits.com\\\/en\\\/?s={search_term_string}\"},\"query-input\":{\"@type\":\"PropertyValueSpecification\",\"valueRequired\":true,\"valueName\":\"search_term_string\"}}],\"inLanguage\":\"es-AR\"},{\"@type\":[\"Person\",\"Organization\"],\"@id\":\"https:\\\/\\\/wanderportraits.com\\\/en\\\/#\\\/schema\\\/person\\\/acefe217b370b5452c3a6761d70cfc89\",\"name\":\"Gissel Arbelaez\",\"pronouns\":\"She \\\/ Her\",\"image\":{\"@type\":\"ImageObject\",\"inLanguage\":\"es-AR\",\"@id\":\"https:\\\/\\\/wanderportraits.com\\\/wp-content\\\/uploads\\\/2025\\\/04\\\/wander-logohorizontal-fondoblanco-80.jpg\",\"url\":\"https:\\\/\\\/wanderportraits.com\\\/wp-content\\\/uploads\\\/2025\\\/04\\\/wander-logohorizontal-fondoblanco-80.jpg\",\"contentUrl\":\"https:\\\/\\\/wanderportraits.com\\\/wp-content\\\/uploads\\\/2025\\\/04\\\/wander-logohorizontal-fondoblanco-80.jpg\",\"width\":1081,\"height\":1081,\"caption\":\"Gissel Arbelaez\"},\"logo\":{\"@id\":\"https:\\\/\\\/wanderportraits.com\\\/wp-content\\\/uploads\\\/2025\\\/04\\\/wander-logohorizontal-fondoblanco-80.jpg\"},\"description\":\"I\u2019m a passionate artist, photographer, and graphic designer who thrives on creativity. I love traveling, making new friends, exploring different cultures, trying new foods, and enjoying life while respecting others. I\u2019m organized, value good conversation, and cherish meaningful connections.\",\"sameAs\":[\"https:\\\/\\\/wanderportraits.com\\\/\",\"https:\\\/\\\/www.instagram.com\\\/wander.portraits\\\/\",\"https:\\\/\\\/www.youtube.com\\\/@wanderportraits\"]}]}<\/script>\n<!-- \/ Yoast SEO plugin. -->","yoast_head_json":{"title":"Solo Gold photoshoot - wanderportraits","description":"Capture stunning portraits with a Solo Gold Photoshoot Buenos Aires \u2014 perfect for travelers eager to explore the city and take awesome memories.","robots":{"index":"index","follow":"follow","max-snippet":"max-snippet:-1","max-image-preview":"max-image-preview:large","max-video-preview":"max-video-preview:-1"},"canonical":"https:\/\/wanderportraits.com\/es\/producto\/solo-gold-photoshoot\/","og_locale":"es_ES","og_type":"article","og_title":"Solo Gold photoshoot - wanderportraits","og_description":"Capture stunning portraits with a Solo Gold Photoshoot Buenos Aires \u2014 perfect for travelers eager to explore the city and take awesome memories.","og_url":"https:\/\/wanderportraits.com\/es\/producto\/solo-gold-photoshoot\/","og_site_name":"wanderportraits","article_modified_time":"2026-03-20T16:50:01+00:00","og_image":[{"width":1024,"height":683,"url":"https:\/\/wanderportraits.com\/wp-content\/uploads\/2024\/04\/IMG_3560-WM-1024x683.webp","type":"image\/webp"}],"twitter_card":"summary_large_image","twitter_misc":{"Tiempo de lectura":"2 minutos"},"schema":{"@context":"https:\/\/schema.org","@graph":[{"@type":"WebPage","@id":"https:\/\/wanderportraits.com\/product\/solo-gold-photoshoot","url":"https:\/\/wanderportraits.com\/product\/solo-gold-photoshoot","name":"Solo Gold photoshoot - wanderportraits","isPartOf":{"@id":"https:\/\/wanderportraits.com\/en\/#website"},"primaryImageOfPage":{"@id":"https:\/\/wanderportraits.com\/product\/solo-gold-photoshoot#primaryimage"},"image":{"@id":"https:\/\/wanderportraits.com\/product\/solo-gold-photoshoot#primaryimage"},"thumbnailUrl":"https:\/\/wanderportraits.com\/wp-content\/uploads\/2024\/04\/IMG_3560-WM.webp","datePublished":"2025-03-04T20:48:54+00:00","dateModified":"2026-03-20T16:50:01+00:00","description":"Capture stunning portraits with a Solo Gold Photoshoot Buenos Aires \u2014 perfect for travelers eager to explore the city and take awesome memories.","breadcrumb":{"@id":"https:\/\/wanderportraits.com\/product\/solo-gold-photoshoot#breadcrumb"},"inLanguage":"es-AR","potentialAction":[{"@type":"ReadAction","target":["https:\/\/wanderportraits.com\/product\/solo-gold-photoshoot"]}]},{"@type":"ImageObject","inLanguage":"es-AR","@id":"https:\/\/wanderportraits.com\/product\/solo-gold-photoshoot#primaryimage","url":"https:\/\/wanderportraits.com\/wp-content\/uploads\/2024\/04\/IMG_3560-WM.webp","contentUrl":"https:\/\/wanderportraits.com\/wp-content\/uploads\/2024\/04\/IMG_3560-WM.webp","width":2048,"height":1365,"caption":"Content shoot for solo male travelers Buenos Aires"},{"@type":"BreadcrumbList","@id":"https:\/\/wanderportraits.com\/product\/solo-gold-photoshoot#breadcrumb","itemListElement":[{"@type":"ListItem","position":1,"name":"Home","item":"https:\/\/wanderportraits.com\/en\/"},{"@type":"ListItem","position":2,"name":"Shop","item":"https:\/\/wanderportraits.com\/en\/shop"},{"@type":"ListItem","position":3,"name":"Solo Gold photoshoot"}]},{"@type":"WebSite","@id":"https:\/\/wanderportraits.com\/en\/#website","url":"https:\/\/wanderportraits.com\/en\/","name":"wanderportraits","description":"Sesi\u00f3n fotogr\u00e1fica en Buenos Aires","publisher":{"@id":"https:\/\/wanderportraits.com\/en\/#\/schema\/person\/acefe217b370b5452c3a6761d70cfc89"},"potentialAction":[{"@type":"SearchAction","target":{"@type":"EntryPoint","urlTemplate":"https:\/\/wanderportraits.com\/en\/?s={search_term_string}"},"query-input":{"@type":"PropertyValueSpecification","valueRequired":true,"valueName":"search_term_string"}}],"inLanguage":"es-AR"},{"@type":["Person","Organization"],"@id":"https:\/\/wanderportraits.com\/en\/#\/schema\/person\/acefe217b370b5452c3a6761d70cfc89","name":"Gissel Arbelaez","pronouns":"She \/ Her","image":{"@type":"ImageObject","inLanguage":"es-AR","@id":"https:\/\/wanderportraits.com\/wp-content\/uploads\/2025\/04\/wander-logohorizontal-fondoblanco-80.jpg","url":"https:\/\/wanderportraits.com\/wp-content\/uploads\/2025\/04\/wander-logohorizontal-fondoblanco-80.jpg","contentUrl":"https:\/\/wanderportraits.com\/wp-content\/uploads\/2025\/04\/wander-logohorizontal-fondoblanco-80.jpg","width":1081,"height":1081,"caption":"Gissel Arbelaez"},"logo":{"@id":"https:\/\/wanderportraits.com\/wp-content\/uploads\/2025\/04\/wander-logohorizontal-fondoblanco-80.jpg"},"description":"Soy un artista, fot\u00f3grafo y dise\u00f1ador gr\u00e1fico apasionado que se nutre de la creatividad. Me encanta viajar, hacer nuevos amigos, explorar diferentes culturas, probar nuevos platillos y disfrutar de la vida respetando a los dem\u00e1s. Soy organizado, valoro las buenas conversaciones y aprecio las conexiones significativas.","sameAs":["https:\/\/wanderportraits.com\/","https:\/\/www.instagram.com\/wander.portraits\/","https:\/\/www.youtube.com\/@wanderportraits"]}]}},"jetpack_sharing_enabled":true,"_links":{"self":[{"href":"https:\/\/wanderportraits.com\/es\/wp-json\/wp\/v2\/product\/2454","targetHints":{"allow":["GET"]}}],"collection":[{"href":"https:\/\/wanderportraits.com\/es\/wp-json\/wp\/v2\/product"}],"about":[{"href":"https:\/\/wanderportraits.com\/es\/wp-json\/wp\/v2\/types\/product"}],"replies":[{"embeddable":true,"href":"https:\/\/wanderportraits.com\/es\/wp-json\/wp\/v2\/comments?post=2454"}],"wp:featuredmedia":[{"embeddable":true,"href":"https:\/\/wanderportraits.com\/es\/wp-json\/wp\/v2\/media\/1997"}],"wp:attachment":[{"href":"https:\/\/wanderportraits.com\/es\/wp-json\/wp\/v2\/media?parent=2454"}],"wp:term":[{"taxonomy":"product_brand","embeddable":true,"href":"https:\/\/wanderportraits.com\/es\/wp-json\/wp\/v2\/product_brand?post=2454"},{"taxonomy":"product_cat","embeddable":true,"href":"https:\/\/wanderportraits.com\/es\/wp-json\/wp\/v2\/product_cat?post=2454"},{"taxonomy":"product_tag","embeddable":true,"href":"https:\/\/wanderportraits.com\/es\/wp-json\/wp\/v2\/product_tag?post=2454"}],"curies":[{"name":"wp","href":"https:\/\/api.w.org\/{rel}","templated":true}]}}