{"id":2462,"date":"2025-03-05T20:03:17","date_gmt":"2025-03-05T20:03:17","guid":{"rendered":"https:\/\/wanderportraits.com\/?post_type=product&#038;p=2462"},"modified":"2025-12-04T12:46:40","modified_gmt":"2025-12-04T12:46:40","slug":"couple-night-photoshoot","status":"publish","type":"product","link":"https:\/\/wanderportraits.com\/es\/product\/couple-night-photoshoot","title":{"rendered":"Sesi\u00f3n fotogr\u00e1fica nocturna para parejas"},"content":{"rendered":"<h3><span style=\"font-weight: 400;\">Couple Night Photoshoot Buenos Aires<\/span><\/h3>\n<ul>\n<li style=\"font-weight: 400;\" aria-level=\"1\"><b>Includes:<\/b><span style=\"font-weight: 400;\"> 20 edited photographs that can be chosen by the client by sending thumbnails within 48 hours after the session.<\/span><\/li>\n<li style=\"font-weight: 400;\" aria-level=\"1\"><b>Entrega de Fotos Finales<\/b><span style=\"font-weight: 400;\">: Delivered within 5 days after your selection.<\/span><\/li>\n<li style=\"font-weight: 400;\" aria-level=\"1\"><span style=\"font-weight: 400;\">Available every day of the week.<\/span><\/li>\n<\/ul>\n<p><span style=\"font-weight: 400;\">Couple Night Photoshoot Buenos Aires offers a romantic and intimate way to capture your special moments after sunset. Whether you\u2019re celebrating an anniversary, honeymoon, or simply want to create beautiful memories together, this 1-hour session is perfect for couples seeking elegant photos in iconic nighttime city locations.<\/span><\/p>\n<h3><span style=\"font-weight: 400;\">During the shoot, we\u2019ll explore one of your favorite neighborhoods<\/span><\/h3>\n<p><span style=\"font-weight: 400;\">Palermo Soho, Puerto Madero, or the lively area near the Obelisk and Corrientes Avenue. You\u2019ll enjoy a slow walk of 1 to 2 kilometers, allowing natural, candid moments to unfold as I capture your genuine connection against the stunning backdrop of Buenos Aires by night.<\/span><\/p>\n<h3><span style=\"font-weight: 400;\">I\u2019ll guide you through each pose and moment to help you feel relaxed and confident, even if it\u2019s your first photoshoot.<\/span><\/h3>\n<p><span style=\"font-weight: 400;\">The images will reflect your unique love story, blending the city\u2019s magic with your chemistry.<\/span><\/p>\n<p><span style=\"font-weight: 400;\">The Couple Night Photoshoot Buenos Aires is designed for couples who want more than just photos\u2014they want an experience that celebrates their bond in one of Latin America\u2019s most beautiful cities. From soft streetlights to vibrant urban energy, every shot will be crafted with care and style.<\/span><\/p>\n<p><span style=\"font-weight: 400;\">Ready to create unforgettable memories in Buenos Aires at night? Book your Couple Night Photoshoot today and let\u2019s capture your love story in the city that never sleeps.<\/span><\/p>\n<p><span style=\"font-weight: 400;\">I do <\/span><b>not provide unedited or RAW files<\/b><span style=\"font-weight: 400;\">. Before completing your booking, <\/span><b>please read and agree to<\/b><a href=\"https:\/\/wanderportraits.com\/es\/terms-and-conditions\/\"><b> the terms and conditions<\/b><\/a><span style=\"font-weight: 400;\">. For more details, <\/span><b>check out<\/b><span style=\"font-weight: 400;\"> also the<\/span><a href=\"https:\/\/wanderportraits.com\/es\/preguntas-frecuentes\/\"><b> secci\u00f3n de Preguntas frecuentes<\/b><\/a><span style=\"font-weight: 400;\"> and<\/span><a href=\"https:\/\/wanderportraits.com\/es\/privacypolicy\/\"><b> Pol\u00edtica de privacidad.<\/b><\/a><b>.<\/b><\/p>\n<p><span style=\"font-weight: 400;\">We list all prices in US dollars, but you can <\/span><b>pay in your local currency<\/b><span style=\"font-weight: 400;\"> using a credit or debit card through PayPal. We also <\/span><b>accept<\/b><span style=\"font-weight: 400;\"> USDT, Pix, Western Union, Argentine peso bank transfers, or cash (in pesos) at our office in Retiro. <\/span><b>Your booking is confirmed only after we receive full payment.<\/b><span style=\"font-weight: 400;\"> Simply choose the payment option that works best for you at checkout<\/span><\/p>","protected":false},"excerpt":{"rendered":"<h5><span class=\"et_pb_best_value\">Discover the city&#8217;s night lights<\/span><\/h5>","protected":false},"featured_media":1920,"comment_status":"closed","ping_status":"closed","template":"","meta":{"_et_pb_use_builder":"","_et_pb_old_content":"","_et_gb_content_width":""},"product_brand":[],"product_cat":[45],"product_tag":[35],"class_list":{"0":"post-2462","1":"product","2":"type-product","3":"status-publish","4":"has-post-thumbnail","6":"product_cat-night","7":"product_tag-night-photoshoot","8":"wt_location-buenos-aires","10":"first","11":"instock","12":"sold-individually","13":"purchasable","14":"product-type-simple"},"yoast_head":"<!-- This site is optimized with the Yoast SEO plugin v27.4 - https:\/\/yoast.com\/product\/yoast-seo-wordpress\/ -->\n<title>Couple Night Photoshoot - wanderportraits<\/title>\n<meta name=\"description\" content=\"Capture your love under the city lights with a Couple Night Photoshoot Buenos Aires. Enjoy a session in iconic locations like Palermo Soho or Puerto Madero.\" \/>\n<meta name=\"robots\" content=\"index, follow, max-snippet:-1, max-image-preview:large, max-video-preview:-1\" \/>\n<link rel=\"canonical\" href=\"https:\/\/wanderportraits.com\/es\/producto\/couple-night-photoshoot\/\" \/>\n<meta property=\"og:locale\" content=\"es_ES\" \/>\n<meta property=\"og:type\" content=\"article\" \/>\n<meta property=\"og:title\" content=\"Couple Night Photoshoot - wanderportraits\" \/>\n<meta property=\"og:description\" content=\"Capture your love under the city lights with a Couple Night Photoshoot Buenos Aires. Enjoy a session in iconic locations like Palermo Soho or Puerto Madero.\" \/>\n<meta property=\"og:url\" content=\"https:\/\/wanderportraits.com\/es\/producto\/couple-night-photoshoot\/\" \/>\n<meta property=\"og:site_name\" content=\"wanderportraits\" \/>\n<meta property=\"article:modified_time\" content=\"2025-12-04T12:46:40+00:00\" \/>\n<meta property=\"og:image\" content=\"https:\/\/wanderportraits.com\/wp-content\/uploads\/2024\/04\/IMG_3856-copy-WM.webp\" \/>\n\t<meta property=\"og:image:width\" content=\"2048\" \/>\n\t<meta property=\"og:image:height\" content=\"1365\" \/>\n\t<meta property=\"og:image:type\" content=\"image\/webp\" \/>\n<meta name=\"twitter:card\" content=\"summary_large_image\" \/>\n<meta name=\"twitter:label1\" content=\"Tiempo de lectura\" \/>\n\t<meta name=\"twitter:data1\" content=\"2 minutos\" \/>\n<script type=\"application\/ld+json\" class=\"yoast-schema-graph\">{\"@context\":\"https:\\\/\\\/schema.org\",\"@graph\":[{\"@type\":\"WebPage\",\"@id\":\"https:\\\/\\\/wanderportraits.com\\\/product\\\/couple-night-photoshoot\",\"url\":\"https:\\\/\\\/wanderportraits.com\\\/product\\\/couple-night-photoshoot\",\"name\":\"Couple Night Photoshoot - wanderportraits\",\"isPartOf\":{\"@id\":\"https:\\\/\\\/wanderportraits.com\\\/en\\\/#website\"},\"primaryImageOfPage\":{\"@id\":\"https:\\\/\\\/wanderportraits.com\\\/product\\\/couple-night-photoshoot#primaryimage\"},\"image\":{\"@id\":\"https:\\\/\\\/wanderportraits.com\\\/product\\\/couple-night-photoshoot#primaryimage\"},\"thumbnailUrl\":\"https:\\\/\\\/wanderportraits.com\\\/wp-content\\\/uploads\\\/2024\\\/04\\\/IMG_3856-copy-WM.webp\",\"datePublished\":\"2025-03-05T20:03:17+00:00\",\"dateModified\":\"2025-12-04T12:46:40+00:00\",\"description\":\"Capture your love under the city lights with a Couple Night Photoshoot Buenos Aires. Enjoy a session in iconic locations like Palermo Soho or Puerto Madero.\",\"breadcrumb\":{\"@id\":\"https:\\\/\\\/wanderportraits.com\\\/product\\\/couple-night-photoshoot#breadcrumb\"},\"inLanguage\":\"es-AR\",\"potentialAction\":[{\"@type\":\"ReadAction\",\"target\":[\"https:\\\/\\\/wanderportraits.com\\\/product\\\/couple-night-photoshoot\"]}]},{\"@type\":\"ImageObject\",\"inLanguage\":\"es-AR\",\"@id\":\"https:\\\/\\\/wanderportraits.com\\\/product\\\/couple-night-photoshoot#primaryimage\",\"url\":\"https:\\\/\\\/wanderportraits.com\\\/wp-content\\\/uploads\\\/2024\\\/04\\\/IMG_3856-copy-WM.webp\",\"contentUrl\":\"https:\\\/\\\/wanderportraits.com\\\/wp-content\\\/uploads\\\/2024\\\/04\\\/IMG_3856-copy-WM.webp\",\"width\":2048,\"height\":1365,\"caption\":\"Urban night couple portraits Palermo soho\"},{\"@type\":\"BreadcrumbList\",\"@id\":\"https:\\\/\\\/wanderportraits.com\\\/product\\\/couple-night-photoshoot#breadcrumb\",\"itemListElement\":[{\"@type\":\"ListItem\",\"position\":1,\"name\":\"Home\",\"item\":\"https:\\\/\\\/wanderportraits.com\\\/en\\\/\"},{\"@type\":\"ListItem\",\"position\":2,\"name\":\"Shop\",\"item\":\"https:\\\/\\\/wanderportraits.com\\\/en\\\/shop\"},{\"@type\":\"ListItem\",\"position\":3,\"name\":\"Couple Night Photoshoot\"}]},{\"@type\":\"WebSite\",\"@id\":\"https:\\\/\\\/wanderportraits.com\\\/en\\\/#website\",\"url\":\"https:\\\/\\\/wanderportraits.com\\\/en\\\/\",\"name\":\"wanderportraits\",\"description\":\"Photoshoot in Buenos Aires\",\"publisher\":{\"@id\":\"https:\\\/\\\/wanderportraits.com\\\/en\\\/#\\\/schema\\\/person\\\/acefe217b370b5452c3a6761d70cfc89\"},\"potentialAction\":[{\"@type\":\"SearchAction\",\"target\":{\"@type\":\"EntryPoint\",\"urlTemplate\":\"https:\\\/\\\/wanderportraits.com\\\/en\\\/?s={search_term_string}\"},\"query-input\":{\"@type\":\"PropertyValueSpecification\",\"valueRequired\":true,\"valueName\":\"search_term_string\"}}],\"inLanguage\":\"es-AR\"},{\"@type\":[\"Person\",\"Organization\"],\"@id\":\"https:\\\/\\\/wanderportraits.com\\\/en\\\/#\\\/schema\\\/person\\\/acefe217b370b5452c3a6761d70cfc89\",\"name\":\"Gissel Arbelaez\",\"pronouns\":\"She \\\/ Her\",\"image\":{\"@type\":\"ImageObject\",\"inLanguage\":\"es-AR\",\"@id\":\"https:\\\/\\\/wanderportraits.com\\\/wp-content\\\/uploads\\\/2025\\\/04\\\/wander-logohorizontal-fondoblanco-80.jpg\",\"url\":\"https:\\\/\\\/wanderportraits.com\\\/wp-content\\\/uploads\\\/2025\\\/04\\\/wander-logohorizontal-fondoblanco-80.jpg\",\"contentUrl\":\"https:\\\/\\\/wanderportraits.com\\\/wp-content\\\/uploads\\\/2025\\\/04\\\/wander-logohorizontal-fondoblanco-80.jpg\",\"width\":1081,\"height\":1081,\"caption\":\"Gissel Arbelaez\"},\"logo\":{\"@id\":\"https:\\\/\\\/wanderportraits.com\\\/wp-content\\\/uploads\\\/2025\\\/04\\\/wander-logohorizontal-fondoblanco-80.jpg\"},\"description\":\"I\u2019m a passionate artist, photographer, and graphic designer who thrives on creativity. I love traveling, making new friends, exploring different cultures, trying new foods, and enjoying life while respecting others. I\u2019m organized, value good conversation, and cherish meaningful connections.\",\"sameAs\":[\"https:\\\/\\\/wanderportraits.com\\\/\",\"https:\\\/\\\/www.instagram.com\\\/wander.portraits\\\/\",\"https:\\\/\\\/www.youtube.com\\\/@wanderportraits\"]}]}<\/script>\n<!-- \/ Yoast SEO plugin. -->","yoast_head_json":{"title":"Couple Night Photoshoot - wanderportraits","description":"Capture your love under the city lights with a Couple Night Photoshoot Buenos Aires. Enjoy a session in iconic locations like Palermo Soho or Puerto Madero.","robots":{"index":"index","follow":"follow","max-snippet":"max-snippet:-1","max-image-preview":"max-image-preview:large","max-video-preview":"max-video-preview:-1"},"canonical":"https:\/\/wanderportraits.com\/es\/producto\/couple-night-photoshoot\/","og_locale":"es_ES","og_type":"article","og_title":"Couple Night Photoshoot - wanderportraits","og_description":"Capture your love under the city lights with a Couple Night Photoshoot Buenos Aires. Enjoy a session in iconic locations like Palermo Soho or Puerto Madero.","og_url":"https:\/\/wanderportraits.com\/es\/producto\/couple-night-photoshoot\/","og_site_name":"wanderportraits","article_modified_time":"2025-12-04T12:46:40+00:00","og_image":[{"width":2048,"height":1365,"url":"https:\/\/wanderportraits.com\/wp-content\/uploads\/2024\/04\/IMG_3856-copy-WM.webp","type":"image\/webp"}],"twitter_card":"summary_large_image","twitter_misc":{"Tiempo de lectura":"2 minutos"},"schema":{"@context":"https:\/\/schema.org","@graph":[{"@type":"WebPage","@id":"https:\/\/wanderportraits.com\/product\/couple-night-photoshoot","url":"https:\/\/wanderportraits.com\/product\/couple-night-photoshoot","name":"Couple Night Photoshoot - wanderportraits","isPartOf":{"@id":"https:\/\/wanderportraits.com\/en\/#website"},"primaryImageOfPage":{"@id":"https:\/\/wanderportraits.com\/product\/couple-night-photoshoot#primaryimage"},"image":{"@id":"https:\/\/wanderportraits.com\/product\/couple-night-photoshoot#primaryimage"},"thumbnailUrl":"https:\/\/wanderportraits.com\/wp-content\/uploads\/2024\/04\/IMG_3856-copy-WM.webp","datePublished":"2025-03-05T20:03:17+00:00","dateModified":"2025-12-04T12:46:40+00:00","description":"Capture your love under the city lights with a Couple Night Photoshoot Buenos Aires. Enjoy a session in iconic locations like Palermo Soho or Puerto Madero.","breadcrumb":{"@id":"https:\/\/wanderportraits.com\/product\/couple-night-photoshoot#breadcrumb"},"inLanguage":"es-AR","potentialAction":[{"@type":"ReadAction","target":["https:\/\/wanderportraits.com\/product\/couple-night-photoshoot"]}]},{"@type":"ImageObject","inLanguage":"es-AR","@id":"https:\/\/wanderportraits.com\/product\/couple-night-photoshoot#primaryimage","url":"https:\/\/wanderportraits.com\/wp-content\/uploads\/2024\/04\/IMG_3856-copy-WM.webp","contentUrl":"https:\/\/wanderportraits.com\/wp-content\/uploads\/2024\/04\/IMG_3856-copy-WM.webp","width":2048,"height":1365,"caption":"Urban night couple portraits Palermo soho"},{"@type":"BreadcrumbList","@id":"https:\/\/wanderportraits.com\/product\/couple-night-photoshoot#breadcrumb","itemListElement":[{"@type":"ListItem","position":1,"name":"Home","item":"https:\/\/wanderportraits.com\/en\/"},{"@type":"ListItem","position":2,"name":"Shop","item":"https:\/\/wanderportraits.com\/en\/shop"},{"@type":"ListItem","position":3,"name":"Couple Night Photoshoot"}]},{"@type":"WebSite","@id":"https:\/\/wanderportraits.com\/en\/#website","url":"https:\/\/wanderportraits.com\/en\/","name":"wanderportraits","description":"Sesi\u00f3n fotogr\u00e1fica en Buenos Aires","publisher":{"@id":"https:\/\/wanderportraits.com\/en\/#\/schema\/person\/acefe217b370b5452c3a6761d70cfc89"},"potentialAction":[{"@type":"SearchAction","target":{"@type":"EntryPoint","urlTemplate":"https:\/\/wanderportraits.com\/en\/?s={search_term_string}"},"query-input":{"@type":"PropertyValueSpecification","valueRequired":true,"valueName":"search_term_string"}}],"inLanguage":"es-AR"},{"@type":["Person","Organization"],"@id":"https:\/\/wanderportraits.com\/en\/#\/schema\/person\/acefe217b370b5452c3a6761d70cfc89","name":"Gissel Arbelaez","pronouns":"She \/ Her","image":{"@type":"ImageObject","inLanguage":"es-AR","@id":"https:\/\/wanderportraits.com\/wp-content\/uploads\/2025\/04\/wander-logohorizontal-fondoblanco-80.jpg","url":"https:\/\/wanderportraits.com\/wp-content\/uploads\/2025\/04\/wander-logohorizontal-fondoblanco-80.jpg","contentUrl":"https:\/\/wanderportraits.com\/wp-content\/uploads\/2025\/04\/wander-logohorizontal-fondoblanco-80.jpg","width":1081,"height":1081,"caption":"Gissel Arbelaez"},"logo":{"@id":"https:\/\/wanderportraits.com\/wp-content\/uploads\/2025\/04\/wander-logohorizontal-fondoblanco-80.jpg"},"description":"Soy un artista, fot\u00f3grafo y dise\u00f1ador gr\u00e1fico apasionado que se nutre de la creatividad. Me encanta viajar, hacer nuevos amigos, explorar diferentes culturas, probar nuevos platillos y disfrutar de la vida respetando a los dem\u00e1s. Soy organizado, valoro las buenas conversaciones y aprecio las conexiones significativas.","sameAs":["https:\/\/wanderportraits.com\/","https:\/\/www.instagram.com\/wander.portraits\/","https:\/\/www.youtube.com\/@wanderportraits"]}]}},"jetpack_sharing_enabled":true,"_links":{"self":[{"href":"https:\/\/wanderportraits.com\/es\/wp-json\/wp\/v2\/product\/2462","targetHints":{"allow":["GET"]}}],"collection":[{"href":"https:\/\/wanderportraits.com\/es\/wp-json\/wp\/v2\/product"}],"about":[{"href":"https:\/\/wanderportraits.com\/es\/wp-json\/wp\/v2\/types\/product"}],"replies":[{"embeddable":true,"href":"https:\/\/wanderportraits.com\/es\/wp-json\/wp\/v2\/comments?post=2462"}],"wp:featuredmedia":[{"embeddable":true,"href":"https:\/\/wanderportraits.com\/es\/wp-json\/wp\/v2\/media\/1920"}],"wp:attachment":[{"href":"https:\/\/wanderportraits.com\/es\/wp-json\/wp\/v2\/media?parent=2462"}],"wp:term":[{"taxonomy":"product_brand","embeddable":true,"href":"https:\/\/wanderportraits.com\/es\/wp-json\/wp\/v2\/product_brand?post=2462"},{"taxonomy":"product_cat","embeddable":true,"href":"https:\/\/wanderportraits.com\/es\/wp-json\/wp\/v2\/product_cat?post=2462"},{"taxonomy":"product_tag","embeddable":true,"href":"https:\/\/wanderportraits.com\/es\/wp-json\/wp\/v2\/product_tag?post=2462"}],"curies":[{"name":"wp","href":"https:\/\/api.w.org\/{rel}","templated":true}]}}