{"id":2470,"date":"2025-03-06T00:43:26","date_gmt":"2025-03-06T00:43:26","guid":{"rendered":"https:\/\/wanderportraits.com\/?post_type=product&#038;p=2470"},"modified":"2025-12-04T12:31:40","modified_gmt":"2025-12-04T12:31:40","slug":"family-gold-photoshoot","status":"publish","type":"product","link":"https:\/\/wanderportraits.com\/es\/product\/family-gold-photoshoot","title":{"rendered":"Family Gold Photoshoot Buenos Aires"},"content":{"rendered":"<h3><b>Family Gold Photoshoot Buenos Aires<\/b><\/h3>\n<ul>\n<li style=\"font-weight: 400;\" aria-level=\"1\"><b>Includes:<\/b><span style=\"font-weight: 400;\"> 35 edited photographs that can be chosen by the client by sending thumbnails within 48 hours after the session.<\/span><\/li>\n<li style=\"font-weight: 400;\" aria-level=\"1\"><b>Final photos:<\/b><span style=\"font-weight: 400;\"> Delivered within 3 days after your selection.<\/span><\/li>\n<li style=\"font-weight: 400;\" aria-level=\"1\"><span style=\"font-weight: 400;\">It is only possible to go to La Boca on weekends (Friday to Sunday) at 8:00 AM in the summer and 9:00 AM in the winter<\/span><\/li>\n<li style=\"font-weight: 400;\" aria-level=\"1\"><span style=\"font-weight: 400;\">You can select the places as you prefer. If there is a taxi cost involved, it will be at your expense. The driving time will be part of our time together.<\/span><\/li>\n<\/ul>\n<p><span style=\"font-weight: 400;\">Capture the beauty of togetherness in the heart of Argentina\u2019s most iconic city. This photoshoot is designed for families who want more than just snapshots \u2014 it&#8217;s a personalized, professional session that turns your time in Buenos Aires into lasting memories.<\/span><\/p>\n<h3><b>A Family Session with Style<\/b><\/h3>\n<p><span style=\"font-weight: 400;\">During this 2-hour photoshoot, we\u2019ll explore two different locations of your choice, walking between 1 and 2 kilometers. Whether you\u2019re celebrating a birthday, traveling together, or simply cherishing time as a family, this session gives you the space to relax, connect, and enjoy the experience.<\/span><\/p>\n<h3><b>Your Favorite Backdrops<\/b><\/h3>\n<p><span style=\"font-weight: 400;\">Choose from vibrant neighborhoods like Palermo Soho, La Boca, San Telmo, or the elegance of Recoleta and Puerto Madero. I\u2019ll help guide your choices based on light, timing, and the vibe you\u2019re going for. The goal? To create beautiful, natural images that reflect your family\u2019s unique dynamic. <\/span><span style=\"font-weight: 400;\">Check out<\/span><a href=\"https:\/\/www.google.com\/maps\/d\/u\/0\/edit?mid=1OP2J1tghht3_CupqnVz4yqXS3SyO93k&amp;usp=sharing\"> <b>my map<\/b><\/a><span style=\"font-weight: 400;\"> to discover some of the places we can go!<\/span><\/p>\n<h3><b>Tailored for Families or Friends!<\/b><\/h3>\n<p><span style=\"font-weight: 400;\">This session accommodates up to 6 people and is perfect for couples with kids, families in general, or even a group of close friends. I\u2019ll guide you with easy directions to ensure everyone feels comfortable, resulting in candid, fun and heartwarming portraits.<\/span><\/p>\n<p><span style=\"font-weight: 400;\">Let\u2019s make your Buenos Aires experience unforgettable. Book now and walk away with meaningful, high-quality photos you\u2019ll cherish forever.<\/span><\/p>\n<p><span style=\"font-weight: 400;\">I do <\/span><b>not provide unedited or RAW files<\/b><span style=\"font-weight: 400;\">. Before completing your booking, <\/span><b>please read and agree to<\/b><a href=\"https:\/\/wanderportraits.com\/es\/terms-and-conditions\/\"><b> the terms and conditions<\/b><\/a><span style=\"font-weight: 400;\">. For more details, <\/span><b>check out<\/b><span style=\"font-weight: 400;\"> also the<\/span><a href=\"https:\/\/wanderportraits.com\/es\/preguntas-frecuentes\/\"><b> secci\u00f3n de Preguntas frecuentes<\/b><\/a><span style=\"font-weight: 400;\"> and<\/span><a href=\"https:\/\/wanderportraits.com\/es\/privacypolicy\/\"><b> Pol\u00edtica de privacidad.<\/b><\/a><b>.<\/b><\/p>\n<p><span style=\"font-weight: 400;\">We list all prices in US dollars, but you can <\/span><b>pay in your local currency<\/b><span style=\"font-weight: 400;\"> using a credit or debit card through PayPal. We also <\/span><b>accept<\/b><span style=\"font-weight: 400;\"> USDT, Pix, Western Union, Argentine peso bank transfers, or cash (in pesos) at our office in Retiro. <\/span><b>Your booking is confirmed only after we receive full payment.<\/b><span style=\"font-weight: 400;\"> Simply choose the payment option that works best for you at checkout.<\/span><\/p>","protected":false},"excerpt":{"rendered":"<h5><span class=\"et_pb_best_value\">Top choice!<\/span><\/h5>","protected":false},"featured_media":1722,"comment_status":"closed","ping_status":"closed","template":"","meta":{"_et_pb_use_builder":"","_et_pb_old_content":"","_et_gb_content_width":""},"product_brand":[],"product_cat":[30],"product_tag":[37],"class_list":{"0":"post-2470","1":"product","2":"type-product","3":"status-publish","4":"has-post-thumbnail","6":"product_cat-family","7":"product_tag-gold-photoshoot","8":"wt_location-buenos-aires","10":"first","11":"instock","12":"sold-individually","13":"purchasable","14":"product-type-simple"},"yoast_head":"<!-- This site is optimized with the Yoast SEO plugin v27.4 - https:\/\/yoast.com\/product\/yoast-seo-wordpress\/ -->\n<title>Family Gold Photoshoot Buenos Aires - wanderportraits<\/title>\n<meta name=\"description\" content=\"Celebrate with a Family Gold Photoshoot Buenos Aires\u20142 locations, 2 hours, and timeless images in iconic spots. Perfect for a group of friends too!\" \/>\n<meta name=\"robots\" content=\"index, follow, max-snippet:-1, max-image-preview:large, max-video-preview:-1\" \/>\n<link rel=\"canonical\" href=\"https:\/\/wanderportraits.com\/es\/producto\/family-gold-photoshoot\/\" \/>\n<meta property=\"og:locale\" content=\"es_ES\" \/>\n<meta property=\"og:type\" content=\"article\" \/>\n<meta property=\"og:title\" content=\"Family Gold Photoshoot Buenos Aires - wanderportraits\" \/>\n<meta property=\"og:description\" content=\"Celebrate with a Family Gold Photoshoot Buenos Aires\u20142 locations, 2 hours, and timeless images in iconic spots. Perfect for a group of friends too!\" \/>\n<meta property=\"og:url\" content=\"https:\/\/wanderportraits.com\/es\/producto\/family-gold-photoshoot\/\" \/>\n<meta property=\"og:site_name\" content=\"wanderportraits\" \/>\n<meta property=\"article:modified_time\" content=\"2025-12-04T12:31:40+00:00\" \/>\n<meta property=\"og:image\" content=\"https:\/\/wanderportraits.com\/wp-content\/uploads\/2024\/03\/6O7A9411-WM.webp\" \/>\n\t<meta property=\"og:image:width\" content=\"2048\" \/>\n\t<meta property=\"og:image:height\" content=\"1365\" \/>\n\t<meta property=\"og:image:type\" content=\"image\/webp\" \/>\n<meta name=\"twitter:card\" content=\"summary_large_image\" \/>\n<meta name=\"twitter:label1\" content=\"Tiempo de lectura\" \/>\n\t<meta name=\"twitter:data1\" content=\"2 minutos\" \/>\n<script type=\"application\/ld+json\" class=\"yoast-schema-graph\">{\"@context\":\"https:\\\/\\\/schema.org\",\"@graph\":[{\"@type\":\"WebPage\",\"@id\":\"https:\\\/\\\/wanderportraits.com\\\/product\\\/family-gold-photoshoot\",\"url\":\"https:\\\/\\\/wanderportraits.com\\\/product\\\/family-gold-photoshoot\",\"name\":\"Family Gold Photoshoot Buenos Aires - wanderportraits\",\"isPartOf\":{\"@id\":\"https:\\\/\\\/wanderportraits.com\\\/en\\\/#website\"},\"primaryImageOfPage\":{\"@id\":\"https:\\\/\\\/wanderportraits.com\\\/product\\\/family-gold-photoshoot#primaryimage\"},\"image\":{\"@id\":\"https:\\\/\\\/wanderportraits.com\\\/product\\\/family-gold-photoshoot#primaryimage\"},\"thumbnailUrl\":\"https:\\\/\\\/wanderportraits.com\\\/wp-content\\\/uploads\\\/2024\\\/03\\\/6O7A9411-WM.webp\",\"datePublished\":\"2025-03-06T00:43:26+00:00\",\"dateModified\":\"2025-12-04T12:31:40+00:00\",\"description\":\"Celebrate with a Family Gold Photoshoot Buenos Aires\u20142 locations, 2 hours, and timeless images in iconic spots. Perfect for a group of friends too!\",\"breadcrumb\":{\"@id\":\"https:\\\/\\\/wanderportraits.com\\\/product\\\/family-gold-photoshoot#breadcrumb\"},\"inLanguage\":\"es-AR\",\"potentialAction\":[{\"@type\":\"ReadAction\",\"target\":[\"https:\\\/\\\/wanderportraits.com\\\/product\\\/family-gold-photoshoot\"]}]},{\"@type\":\"ImageObject\",\"inLanguage\":\"es-AR\",\"@id\":\"https:\\\/\\\/wanderportraits.com\\\/product\\\/family-gold-photoshoot#primaryimage\",\"url\":\"https:\\\/\\\/wanderportraits.com\\\/wp-content\\\/uploads\\\/2024\\\/03\\\/6O7A9411-WM.webp\",\"contentUrl\":\"https:\\\/\\\/wanderportraits.com\\\/wp-content\\\/uploads\\\/2024\\\/03\\\/6O7A9411-WM.webp\",\"width\":2048,\"height\":1365,\"caption\":\"Family photoshoot Buenos Aires\"},{\"@type\":\"BreadcrumbList\",\"@id\":\"https:\\\/\\\/wanderportraits.com\\\/product\\\/family-gold-photoshoot#breadcrumb\",\"itemListElement\":[{\"@type\":\"ListItem\",\"position\":1,\"name\":\"Home\",\"item\":\"https:\\\/\\\/wanderportraits.com\\\/en\\\/\"},{\"@type\":\"ListItem\",\"position\":2,\"name\":\"Shop\",\"item\":\"https:\\\/\\\/wanderportraits.com\\\/en\\\/shop\"},{\"@type\":\"ListItem\",\"position\":3,\"name\":\"Family Gold Photoshoot Buenos Aires\"}]},{\"@type\":\"WebSite\",\"@id\":\"https:\\\/\\\/wanderportraits.com\\\/en\\\/#website\",\"url\":\"https:\\\/\\\/wanderportraits.com\\\/en\\\/\",\"name\":\"wanderportraits\",\"description\":\"Photoshoot in Buenos Aires\",\"publisher\":{\"@id\":\"https:\\\/\\\/wanderportraits.com\\\/en\\\/#\\\/schema\\\/person\\\/acefe217b370b5452c3a6761d70cfc89\"},\"potentialAction\":[{\"@type\":\"SearchAction\",\"target\":{\"@type\":\"EntryPoint\",\"urlTemplate\":\"https:\\\/\\\/wanderportraits.com\\\/en\\\/?s={search_term_string}\"},\"query-input\":{\"@type\":\"PropertyValueSpecification\",\"valueRequired\":true,\"valueName\":\"search_term_string\"}}],\"inLanguage\":\"es-AR\"},{\"@type\":[\"Person\",\"Organization\"],\"@id\":\"https:\\\/\\\/wanderportraits.com\\\/en\\\/#\\\/schema\\\/person\\\/acefe217b370b5452c3a6761d70cfc89\",\"name\":\"Gissel Arbelaez\",\"pronouns\":\"She \\\/ Her\",\"image\":{\"@type\":\"ImageObject\",\"inLanguage\":\"es-AR\",\"@id\":\"https:\\\/\\\/wanderportraits.com\\\/wp-content\\\/uploads\\\/2025\\\/04\\\/wander-logohorizontal-fondoblanco-80.jpg\",\"url\":\"https:\\\/\\\/wanderportraits.com\\\/wp-content\\\/uploads\\\/2025\\\/04\\\/wander-logohorizontal-fondoblanco-80.jpg\",\"contentUrl\":\"https:\\\/\\\/wanderportraits.com\\\/wp-content\\\/uploads\\\/2025\\\/04\\\/wander-logohorizontal-fondoblanco-80.jpg\",\"width\":1081,\"height\":1081,\"caption\":\"Gissel Arbelaez\"},\"logo\":{\"@id\":\"https:\\\/\\\/wanderportraits.com\\\/wp-content\\\/uploads\\\/2025\\\/04\\\/wander-logohorizontal-fondoblanco-80.jpg\"},\"description\":\"I\u2019m a passionate artist, photographer, and graphic designer who thrives on creativity. I love traveling, making new friends, exploring different cultures, trying new foods, and enjoying life while respecting others. I\u2019m organized, value good conversation, and cherish meaningful connections.\",\"sameAs\":[\"https:\\\/\\\/wanderportraits.com\\\/\",\"https:\\\/\\\/www.instagram.com\\\/wander.portraits\\\/\",\"https:\\\/\\\/www.youtube.com\\\/@wanderportraits\"]}]}<\/script>\n<!-- \/ Yoast SEO plugin. -->","yoast_head_json":{"title":"Family Gold Photoshoot Buenos Aires - wanderportraits","description":"Celebrate with a Family Gold Photoshoot Buenos Aires\u20142 locations, 2 hours, and timeless images in iconic spots. Perfect for a group of friends too!","robots":{"index":"index","follow":"follow","max-snippet":"max-snippet:-1","max-image-preview":"max-image-preview:large","max-video-preview":"max-video-preview:-1"},"canonical":"https:\/\/wanderportraits.com\/es\/producto\/family-gold-photoshoot\/","og_locale":"es_ES","og_type":"article","og_title":"Family Gold Photoshoot Buenos Aires - wanderportraits","og_description":"Celebrate with a Family Gold Photoshoot Buenos Aires\u20142 locations, 2 hours, and timeless images in iconic spots. Perfect for a group of friends too!","og_url":"https:\/\/wanderportraits.com\/es\/producto\/family-gold-photoshoot\/","og_site_name":"wanderportraits","article_modified_time":"2025-12-04T12:31:40+00:00","og_image":[{"width":2048,"height":1365,"url":"https:\/\/wanderportraits.com\/wp-content\/uploads\/2024\/03\/6O7A9411-WM.webp","type":"image\/webp"}],"twitter_card":"summary_large_image","twitter_misc":{"Tiempo de lectura":"2 minutos"},"schema":{"@context":"https:\/\/schema.org","@graph":[{"@type":"WebPage","@id":"https:\/\/wanderportraits.com\/product\/family-gold-photoshoot","url":"https:\/\/wanderportraits.com\/product\/family-gold-photoshoot","name":"Family Gold Photoshoot Buenos Aires - wanderportraits","isPartOf":{"@id":"https:\/\/wanderportraits.com\/en\/#website"},"primaryImageOfPage":{"@id":"https:\/\/wanderportraits.com\/product\/family-gold-photoshoot#primaryimage"},"image":{"@id":"https:\/\/wanderportraits.com\/product\/family-gold-photoshoot#primaryimage"},"thumbnailUrl":"https:\/\/wanderportraits.com\/wp-content\/uploads\/2024\/03\/6O7A9411-WM.webp","datePublished":"2025-03-06T00:43:26+00:00","dateModified":"2025-12-04T12:31:40+00:00","description":"Celebrate with a Family Gold Photoshoot Buenos Aires\u20142 locations, 2 hours, and timeless images in iconic spots. Perfect for a group of friends too!","breadcrumb":{"@id":"https:\/\/wanderportraits.com\/product\/family-gold-photoshoot#breadcrumb"},"inLanguage":"es-AR","potentialAction":[{"@type":"ReadAction","target":["https:\/\/wanderportraits.com\/product\/family-gold-photoshoot"]}]},{"@type":"ImageObject","inLanguage":"es-AR","@id":"https:\/\/wanderportraits.com\/product\/family-gold-photoshoot#primaryimage","url":"https:\/\/wanderportraits.com\/wp-content\/uploads\/2024\/03\/6O7A9411-WM.webp","contentUrl":"https:\/\/wanderportraits.com\/wp-content\/uploads\/2024\/03\/6O7A9411-WM.webp","width":2048,"height":1365,"caption":"Family photoshoot Buenos Aires"},{"@type":"BreadcrumbList","@id":"https:\/\/wanderportraits.com\/product\/family-gold-photoshoot#breadcrumb","itemListElement":[{"@type":"ListItem","position":1,"name":"Home","item":"https:\/\/wanderportraits.com\/en\/"},{"@type":"ListItem","position":2,"name":"Shop","item":"https:\/\/wanderportraits.com\/en\/shop"},{"@type":"ListItem","position":3,"name":"Family Gold Photoshoot Buenos Aires"}]},{"@type":"WebSite","@id":"https:\/\/wanderportraits.com\/en\/#website","url":"https:\/\/wanderportraits.com\/en\/","name":"wanderportraits","description":"Sesi\u00f3n fotogr\u00e1fica en Buenos Aires","publisher":{"@id":"https:\/\/wanderportraits.com\/en\/#\/schema\/person\/acefe217b370b5452c3a6761d70cfc89"},"potentialAction":[{"@type":"SearchAction","target":{"@type":"EntryPoint","urlTemplate":"https:\/\/wanderportraits.com\/en\/?s={search_term_string}"},"query-input":{"@type":"PropertyValueSpecification","valueRequired":true,"valueName":"search_term_string"}}],"inLanguage":"es-AR"},{"@type":["Person","Organization"],"@id":"https:\/\/wanderportraits.com\/en\/#\/schema\/person\/acefe217b370b5452c3a6761d70cfc89","name":"Gissel Arbelaez","pronouns":"She \/ Her","image":{"@type":"ImageObject","inLanguage":"es-AR","@id":"https:\/\/wanderportraits.com\/wp-content\/uploads\/2025\/04\/wander-logohorizontal-fondoblanco-80.jpg","url":"https:\/\/wanderportraits.com\/wp-content\/uploads\/2025\/04\/wander-logohorizontal-fondoblanco-80.jpg","contentUrl":"https:\/\/wanderportraits.com\/wp-content\/uploads\/2025\/04\/wander-logohorizontal-fondoblanco-80.jpg","width":1081,"height":1081,"caption":"Gissel Arbelaez"},"logo":{"@id":"https:\/\/wanderportraits.com\/wp-content\/uploads\/2025\/04\/wander-logohorizontal-fondoblanco-80.jpg"},"description":"Soy un artista, fot\u00f3grafo y dise\u00f1ador gr\u00e1fico apasionado que se nutre de la creatividad. Me encanta viajar, hacer nuevos amigos, explorar diferentes culturas, probar nuevos platillos y disfrutar de la vida respetando a los dem\u00e1s. Soy organizado, valoro las buenas conversaciones y aprecio las conexiones significativas.","sameAs":["https:\/\/wanderportraits.com\/","https:\/\/www.instagram.com\/wander.portraits\/","https:\/\/www.youtube.com\/@wanderportraits"]}]}},"jetpack_sharing_enabled":true,"_links":{"self":[{"href":"https:\/\/wanderportraits.com\/es\/wp-json\/wp\/v2\/product\/2470","targetHints":{"allow":["GET"]}}],"collection":[{"href":"https:\/\/wanderportraits.com\/es\/wp-json\/wp\/v2\/product"}],"about":[{"href":"https:\/\/wanderportraits.com\/es\/wp-json\/wp\/v2\/types\/product"}],"replies":[{"embeddable":true,"href":"https:\/\/wanderportraits.com\/es\/wp-json\/wp\/v2\/comments?post=2470"}],"wp:featuredmedia":[{"embeddable":true,"href":"https:\/\/wanderportraits.com\/es\/wp-json\/wp\/v2\/media\/1722"}],"wp:attachment":[{"href":"https:\/\/wanderportraits.com\/es\/wp-json\/wp\/v2\/media?parent=2470"}],"wp:term":[{"taxonomy":"product_brand","embeddable":true,"href":"https:\/\/wanderportraits.com\/es\/wp-json\/wp\/v2\/product_brand?post=2470"},{"taxonomy":"product_cat","embeddable":true,"href":"https:\/\/wanderportraits.com\/es\/wp-json\/wp\/v2\/product_cat?post=2470"},{"taxonomy":"product_tag","embeddable":true,"href":"https:\/\/wanderportraits.com\/es\/wp-json\/wp\/v2\/product_tag?post=2470"}],"curies":[{"name":"wp","href":"https:\/\/api.w.org\/{rel}","templated":true}]}}