{"id":2472,"date":"2025-03-06T01:00:30","date_gmt":"2025-03-06T01:00:30","guid":{"rendered":"https:\/\/wanderportraits.com\/?post_type=product&#038;p=2472"},"modified":"2025-12-04T12:22:17","modified_gmt":"2025-12-04T12:22:17","slug":"proposal-mini-photoshoot","status":"publish","type":"product","link":"https:\/\/wanderportraits.com\/es\/product\/proposal-mini-photoshoot","title":{"rendered":"Proposal Mini photoshoot Buenos Aires"},"content":{"rendered":"<h3><span style=\"font-weight: 400;\">Proposal Mini Photoshoot Buenos Aires<\/span><\/h3>\n<ul>\n<li style=\"font-weight: 400;\" aria-level=\"1\"><b>Location: <\/b><span style=\"font-weight: 400;\">1 Place of choice.<\/span><\/li>\n<li style=\"font-weight: 400;\" aria-level=\"1\"><b>Transport:<\/b><span style=\"font-weight: 400;\"> Caminata pausada de 1 a 2 km.<\/span><\/li>\n<li style=\"font-weight: 400;\" aria-level=\"1\"><b>Includes:<\/b><span style=\"font-weight: 400;\"> 25 edited photographs that can be chosen by the client by sending thumbnails within 48 hours after the session.<\/span><\/li>\n<li style=\"font-weight: 400;\" aria-level=\"1\"><b>Final photos:<\/b><span style=\"font-weight: 400;\"> Delivered within 3 days after your selection.<\/span><\/li>\n<li style=\"font-weight: 400;\" aria-level=\"1\"><span style=\"font-weight: 400;\">1-minute 4K video clip of your proposal, captured on iPhone 15pro.<\/span><\/li>\n<li style=\"font-weight: 400;\" aria-level=\"1\"><span style=\"font-weight: 400;\">Available every day of the week.<\/span><\/li>\n<li style=\"font-weight: 400;\" aria-level=\"1\"><span style=\"font-weight: 400;\">It is only possible to go to La Boca on weekends (Friday to Sunday) at 8:00 AM in the summer and 9:00 AM in the winter.<\/span><\/li>\n<li style=\"font-weight: 400;\" aria-level=\"1\"><span style=\"font-weight: 400;\">For the Japanese Garden, you will be responsible for purchasing the entrance tickets.<\/span><\/li>\n<\/ul>\n<p><b><br \/>\n<\/b><span style=\"font-weight: 400;\"> Ready to pop the question in one of the most romantic cities in South America? The Proposal Mini Photoshoot Buenos Aires is designed to help you plan and capture your big moment with style and intention. I\u2019ll be by your side \u2014 as your photographer and your trusted accomplice \u2014 to make sure everything goes smoothly.<\/span><\/p>\n<h3><span style=\"font-weight: 400;\">A Special Moment, Beautifully Captured<\/span><\/h3>\n<p><span style=\"font-weight: 400;\">This 1-hour session is tailored for two people, perfect for surprise proposals or intimate celebrations. You\u2019ll choose one iconic location for your shoot: the modern waterfront of Puerto Madero, the charm of Palermo Soho, or the iconic Obelisk and Corrientes Avenue. We\u2019ll take a slow walk (1 to 2 km), stopping to capture candid and emotional shots before, during, and after the big moment. <\/span><span style=\"font-weight: 400;\">Check out<\/span><strong><a href=\"https:\/\/www.google.com\/maps\/d\/u\/0\/edit?mid=1OP2J1tghht3_CupqnVz4yqXS3SyO93k&amp;usp=sharing\"> my map<\/a><\/strong><span style=\"font-weight: 400;\"> to discover some of the places we can go!<\/span><\/p>\n<h3><span style=\"font-weight: 400;\">Plan It Your Way<\/span><\/h3>\n<p><span style=\"font-weight: 400;\">Before the shoot, we\u2019ll coordinate every detail to make sure your proposal feels natural and personal. I\u2019ll help you decide on the exact moment and spot, discreet cues, and positioning so everything flows seamlessly. You\u2019ll also receive a 1-minute 4K video clip of the proposal \u2014 the perfect way to relive and share it later.<\/span><\/p>\n<h3><span style=\"font-weight: 400;\">A Few Extras to Make It Yours<\/span><\/h3>\n<p><span style=\"font-weight: 400;\">A customizable bouquet is included to make the experience even more thoughtful. Whether you&#8217;re keeping it simple or planning something more elaborate, I\u2019ll support you from start to finish to make sure the photos and video reflect the magic of your story.<\/span><\/p>\n<p><span style=\"font-weight: 400;\">Make your engagement truly unforgettable. Book your Proposal Mini Photoshoot Buenos Aires today \u2014 and let\u2019s create a timeless surprise she (or he) will never forget.<\/span><\/p>\n<p><span style=\"font-weight: 400;\">I do <\/span><b>not provide unedited or RAW files<\/b><span style=\"font-weight: 400;\">. Before completing your booking, <\/span><b>please read and agree to<\/b><a href=\"https:\/\/wanderportraits.com\/es\/terms-and-conditions\/\"><b> the terms and conditions<\/b><\/a><span style=\"font-weight: 400;\">. For more details, <\/span><b>check out<\/b><span style=\"font-weight: 400;\"> also the<\/span><a href=\"https:\/\/wanderportraits.com\/es\/preguntas-frecuentes\/\"><b> secci\u00f3n de Preguntas frecuentes<\/b><\/a><span style=\"font-weight: 400;\"> and<\/span><a href=\"https:\/\/wanderportraits.com\/es\/privacypolicy\/\"><b> Pol\u00edtica de privacidad.<\/b><\/a><b>.<\/b><\/p>\n<p><span style=\"font-weight: 400;\">We list all prices in US dollars, but you can <\/span><b>pay in your local currency<\/b><span style=\"font-weight: 400;\"> using a credit or debit card through PayPal. We also <\/span><b>accept<\/b><span style=\"font-weight: 400;\"> USDT, Pix, Western Union, Argentine peso bank transfers, or cash (in pesos) at our office in Retiro. <\/span><b>Your booking is confirmed only after we receive full payment.<\/b><span style=\"font-weight: 400;\"> Simply choose the payment option that works best for you at checkout.<\/span><\/p>","protected":false},"excerpt":{"rendered":"<h5><span class=\"et_pb_best_value\">Atesora los momentos m\u00e1s rom\u00e1nticos<\/span><\/h5>","protected":false},"featured_media":2174,"comment_status":"closed","ping_status":"closed","template":"","meta":{"_et_pb_use_builder":"","_et_pb_old_content":"","_et_gb_content_width":""},"product_brand":[],"product_cat":[31],"product_tag":[34],"class_list":{"0":"post-2472","1":"product","2":"type-product","3":"status-publish","4":"has-post-thumbnail","6":"product_cat-proposal","7":"product_tag-mini-photoshoot","8":"wt_location-buenos-aires","10":"first","11":"instock","12":"sold-individually","13":"purchasable","14":"product-type-simple"},"yoast_head":"<!-- This site is optimized with the Yoast SEO plugin v27.4 - https:\/\/yoast.com\/product\/yoast-seo-wordpress\/ -->\n<title>Proposal Mini photoshoot Buenos Aires - wanderportraits<\/title>\n<meta name=\"description\" content=\"Plan your Proposal Mini Photoshoot Buenos Aires with a custom bouquet, video, and a trusted photographer to capture it all. Book now!\" \/>\n<meta name=\"robots\" content=\"index, follow, max-snippet:-1, max-image-preview:large, max-video-preview:-1\" \/>\n<link rel=\"canonical\" href=\"https:\/\/wanderportraits.com\/es\/producto\/proposal-mini-photoshoot\/\" \/>\n<meta property=\"og:locale\" content=\"es_ES\" \/>\n<meta property=\"og:type\" content=\"article\" \/>\n<meta property=\"og:title\" content=\"Proposal Mini photoshoot Buenos Aires - wanderportraits\" \/>\n<meta property=\"og:description\" content=\"Plan your Proposal Mini Photoshoot Buenos Aires with a custom bouquet, video, and a trusted photographer to capture it all. Book now!\" \/>\n<meta property=\"og:url\" content=\"https:\/\/wanderportraits.com\/es\/producto\/proposal-mini-photoshoot\/\" \/>\n<meta property=\"og:site_name\" content=\"wanderportraits\" \/>\n<meta property=\"article:modified_time\" content=\"2025-12-04T12:22:17+00:00\" \/>\n<meta property=\"og:image\" content=\"https:\/\/wanderportraits.com\/wp-content\/uploads\/2024\/08\/6O7A6654-Edit-WEBT.webp\" \/>\n\t<meta property=\"og:image:width\" content=\"2048\" \/>\n\t<meta property=\"og:image:height\" content=\"1365\" \/>\n\t<meta property=\"og:image:type\" content=\"image\/webp\" \/>\n<meta name=\"twitter:card\" content=\"summary_large_image\" \/>\n<meta name=\"twitter:label1\" content=\"Tiempo de lectura\" \/>\n\t<meta name=\"twitter:data1\" content=\"3 minutos\" \/>\n<script type=\"application\/ld+json\" class=\"yoast-schema-graph\">{\"@context\":\"https:\\\/\\\/schema.org\",\"@graph\":[{\"@type\":\"WebPage\",\"@id\":\"https:\\\/\\\/wanderportraits.com\\\/product\\\/proposal-mini-photoshoot\",\"url\":\"https:\\\/\\\/wanderportraits.com\\\/product\\\/proposal-mini-photoshoot\",\"name\":\"Proposal Mini photoshoot Buenos Aires - wanderportraits\",\"isPartOf\":{\"@id\":\"https:\\\/\\\/wanderportraits.com\\\/en\\\/#website\"},\"primaryImageOfPage\":{\"@id\":\"https:\\\/\\\/wanderportraits.com\\\/product\\\/proposal-mini-photoshoot#primaryimage\"},\"image\":{\"@id\":\"https:\\\/\\\/wanderportraits.com\\\/product\\\/proposal-mini-photoshoot#primaryimage\"},\"thumbnailUrl\":\"https:\\\/\\\/wanderportraits.com\\\/wp-content\\\/uploads\\\/2024\\\/08\\\/6O7A6654-Edit-WEBT.webp\",\"datePublished\":\"2025-03-06T01:00:30+00:00\",\"dateModified\":\"2025-12-04T12:22:17+00:00\",\"description\":\"Plan your Proposal Mini Photoshoot Buenos Aires with a custom bouquet, video, and a trusted photographer to capture it all. Book now!\",\"breadcrumb\":{\"@id\":\"https:\\\/\\\/wanderportraits.com\\\/product\\\/proposal-mini-photoshoot#breadcrumb\"},\"inLanguage\":\"es-AR\",\"potentialAction\":[{\"@type\":\"ReadAction\",\"target\":[\"https:\\\/\\\/wanderportraits.com\\\/product\\\/proposal-mini-photoshoot\"]}]},{\"@type\":\"ImageObject\",\"inLanguage\":\"es-AR\",\"@id\":\"https:\\\/\\\/wanderportraits.com\\\/product\\\/proposal-mini-photoshoot#primaryimage\",\"url\":\"https:\\\/\\\/wanderportraits.com\\\/wp-content\\\/uploads\\\/2024\\\/08\\\/6O7A6654-Edit-WEBT.webp\",\"contentUrl\":\"https:\\\/\\\/wanderportraits.com\\\/wp-content\\\/uploads\\\/2024\\\/08\\\/6O7A6654-Edit-WEBT.webp\",\"width\":2048,\"height\":1365,\"caption\":\"Marriage proposal photoshoot with the women's bridge in the backdrop\"},{\"@type\":\"BreadcrumbList\",\"@id\":\"https:\\\/\\\/wanderportraits.com\\\/product\\\/proposal-mini-photoshoot#breadcrumb\",\"itemListElement\":[{\"@type\":\"ListItem\",\"position\":1,\"name\":\"Home\",\"item\":\"https:\\\/\\\/wanderportraits.com\\\/en\\\/\"},{\"@type\":\"ListItem\",\"position\":2,\"name\":\"Shop\",\"item\":\"https:\\\/\\\/wanderportraits.com\\\/en\\\/shop\"},{\"@type\":\"ListItem\",\"position\":3,\"name\":\"Proposal Mini photoshoot Buenos Aires\"}]},{\"@type\":\"WebSite\",\"@id\":\"https:\\\/\\\/wanderportraits.com\\\/en\\\/#website\",\"url\":\"https:\\\/\\\/wanderportraits.com\\\/en\\\/\",\"name\":\"wanderportraits\",\"description\":\"Photoshoot in Buenos Aires\",\"publisher\":{\"@id\":\"https:\\\/\\\/wanderportraits.com\\\/en\\\/#\\\/schema\\\/person\\\/acefe217b370b5452c3a6761d70cfc89\"},\"potentialAction\":[{\"@type\":\"SearchAction\",\"target\":{\"@type\":\"EntryPoint\",\"urlTemplate\":\"https:\\\/\\\/wanderportraits.com\\\/en\\\/?s={search_term_string}\"},\"query-input\":{\"@type\":\"PropertyValueSpecification\",\"valueRequired\":true,\"valueName\":\"search_term_string\"}}],\"inLanguage\":\"es-AR\"},{\"@type\":[\"Person\",\"Organization\"],\"@id\":\"https:\\\/\\\/wanderportraits.com\\\/en\\\/#\\\/schema\\\/person\\\/acefe217b370b5452c3a6761d70cfc89\",\"name\":\"Gissel Arbelaez\",\"pronouns\":\"She \\\/ Her\",\"image\":{\"@type\":\"ImageObject\",\"inLanguage\":\"es-AR\",\"@id\":\"https:\\\/\\\/wanderportraits.com\\\/wp-content\\\/uploads\\\/2025\\\/04\\\/wander-logohorizontal-fondoblanco-80.jpg\",\"url\":\"https:\\\/\\\/wanderportraits.com\\\/wp-content\\\/uploads\\\/2025\\\/04\\\/wander-logohorizontal-fondoblanco-80.jpg\",\"contentUrl\":\"https:\\\/\\\/wanderportraits.com\\\/wp-content\\\/uploads\\\/2025\\\/04\\\/wander-logohorizontal-fondoblanco-80.jpg\",\"width\":1081,\"height\":1081,\"caption\":\"Gissel Arbelaez\"},\"logo\":{\"@id\":\"https:\\\/\\\/wanderportraits.com\\\/wp-content\\\/uploads\\\/2025\\\/04\\\/wander-logohorizontal-fondoblanco-80.jpg\"},\"description\":\"I\u2019m a passionate artist, photographer, and graphic designer who thrives on creativity. I love traveling, making new friends, exploring different cultures, trying new foods, and enjoying life while respecting others. I\u2019m organized, value good conversation, and cherish meaningful connections.\",\"sameAs\":[\"https:\\\/\\\/wanderportraits.com\\\/\",\"https:\\\/\\\/www.instagram.com\\\/wander.portraits\\\/\",\"https:\\\/\\\/www.youtube.com\\\/@wanderportraits\"]}]}<\/script>\n<!-- \/ Yoast SEO plugin. -->","yoast_head_json":{"title":"Proposal Mini photoshoot Buenos Aires - wanderportraits","description":"Plan your Proposal Mini Photoshoot Buenos Aires with a custom bouquet, video, and a trusted photographer to capture it all. Book now!","robots":{"index":"index","follow":"follow","max-snippet":"max-snippet:-1","max-image-preview":"max-image-preview:large","max-video-preview":"max-video-preview:-1"},"canonical":"https:\/\/wanderportraits.com\/es\/producto\/proposal-mini-photoshoot\/","og_locale":"es_ES","og_type":"article","og_title":"Proposal Mini photoshoot Buenos Aires - wanderportraits","og_description":"Plan your Proposal Mini Photoshoot Buenos Aires with a custom bouquet, video, and a trusted photographer to capture it all. Book now!","og_url":"https:\/\/wanderportraits.com\/es\/producto\/proposal-mini-photoshoot\/","og_site_name":"wanderportraits","article_modified_time":"2025-12-04T12:22:17+00:00","og_image":[{"width":2048,"height":1365,"url":"https:\/\/wanderportraits.com\/wp-content\/uploads\/2024\/08\/6O7A6654-Edit-WEBT.webp","type":"image\/webp"}],"twitter_card":"summary_large_image","twitter_misc":{"Tiempo de lectura":"3 minutos"},"schema":{"@context":"https:\/\/schema.org","@graph":[{"@type":"WebPage","@id":"https:\/\/wanderportraits.com\/product\/proposal-mini-photoshoot","url":"https:\/\/wanderportraits.com\/product\/proposal-mini-photoshoot","name":"Proposal Mini photoshoot Buenos Aires - wanderportraits","isPartOf":{"@id":"https:\/\/wanderportraits.com\/en\/#website"},"primaryImageOfPage":{"@id":"https:\/\/wanderportraits.com\/product\/proposal-mini-photoshoot#primaryimage"},"image":{"@id":"https:\/\/wanderportraits.com\/product\/proposal-mini-photoshoot#primaryimage"},"thumbnailUrl":"https:\/\/wanderportraits.com\/wp-content\/uploads\/2024\/08\/6O7A6654-Edit-WEBT.webp","datePublished":"2025-03-06T01:00:30+00:00","dateModified":"2025-12-04T12:22:17+00:00","description":"Plan your Proposal Mini Photoshoot Buenos Aires with a custom bouquet, video, and a trusted photographer to capture it all. Book now!","breadcrumb":{"@id":"https:\/\/wanderportraits.com\/product\/proposal-mini-photoshoot#breadcrumb"},"inLanguage":"es-AR","potentialAction":[{"@type":"ReadAction","target":["https:\/\/wanderportraits.com\/product\/proposal-mini-photoshoot"]}]},{"@type":"ImageObject","inLanguage":"es-AR","@id":"https:\/\/wanderportraits.com\/product\/proposal-mini-photoshoot#primaryimage","url":"https:\/\/wanderportraits.com\/wp-content\/uploads\/2024\/08\/6O7A6654-Edit-WEBT.webp","contentUrl":"https:\/\/wanderportraits.com\/wp-content\/uploads\/2024\/08\/6O7A6654-Edit-WEBT.webp","width":2048,"height":1365,"caption":"Marriage proposal photoshoot with the women's bridge in the backdrop"},{"@type":"BreadcrumbList","@id":"https:\/\/wanderportraits.com\/product\/proposal-mini-photoshoot#breadcrumb","itemListElement":[{"@type":"ListItem","position":1,"name":"Home","item":"https:\/\/wanderportraits.com\/en\/"},{"@type":"ListItem","position":2,"name":"Shop","item":"https:\/\/wanderportraits.com\/en\/shop"},{"@type":"ListItem","position":3,"name":"Proposal Mini photoshoot Buenos Aires"}]},{"@type":"WebSite","@id":"https:\/\/wanderportraits.com\/en\/#website","url":"https:\/\/wanderportraits.com\/en\/","name":"wanderportraits","description":"Sesi\u00f3n fotogr\u00e1fica en Buenos Aires","publisher":{"@id":"https:\/\/wanderportraits.com\/en\/#\/schema\/person\/acefe217b370b5452c3a6761d70cfc89"},"potentialAction":[{"@type":"SearchAction","target":{"@type":"EntryPoint","urlTemplate":"https:\/\/wanderportraits.com\/en\/?s={search_term_string}"},"query-input":{"@type":"PropertyValueSpecification","valueRequired":true,"valueName":"search_term_string"}}],"inLanguage":"es-AR"},{"@type":["Person","Organization"],"@id":"https:\/\/wanderportraits.com\/en\/#\/schema\/person\/acefe217b370b5452c3a6761d70cfc89","name":"Gissel Arbelaez","pronouns":"She \/ Her","image":{"@type":"ImageObject","inLanguage":"es-AR","@id":"https:\/\/wanderportraits.com\/wp-content\/uploads\/2025\/04\/wander-logohorizontal-fondoblanco-80.jpg","url":"https:\/\/wanderportraits.com\/wp-content\/uploads\/2025\/04\/wander-logohorizontal-fondoblanco-80.jpg","contentUrl":"https:\/\/wanderportraits.com\/wp-content\/uploads\/2025\/04\/wander-logohorizontal-fondoblanco-80.jpg","width":1081,"height":1081,"caption":"Gissel Arbelaez"},"logo":{"@id":"https:\/\/wanderportraits.com\/wp-content\/uploads\/2025\/04\/wander-logohorizontal-fondoblanco-80.jpg"},"description":"Soy un artista, fot\u00f3grafo y dise\u00f1ador gr\u00e1fico apasionado que se nutre de la creatividad. Me encanta viajar, hacer nuevos amigos, explorar diferentes culturas, probar nuevos platillos y disfrutar de la vida respetando a los dem\u00e1s. Soy organizado, valoro las buenas conversaciones y aprecio las conexiones significativas.","sameAs":["https:\/\/wanderportraits.com\/","https:\/\/www.instagram.com\/wander.portraits\/","https:\/\/www.youtube.com\/@wanderportraits"]}]}},"jetpack_sharing_enabled":true,"_links":{"self":[{"href":"https:\/\/wanderportraits.com\/es\/wp-json\/wp\/v2\/product\/2472","targetHints":{"allow":["GET"]}}],"collection":[{"href":"https:\/\/wanderportraits.com\/es\/wp-json\/wp\/v2\/product"}],"about":[{"href":"https:\/\/wanderportraits.com\/es\/wp-json\/wp\/v2\/types\/product"}],"replies":[{"embeddable":true,"href":"https:\/\/wanderportraits.com\/es\/wp-json\/wp\/v2\/comments?post=2472"}],"wp:featuredmedia":[{"embeddable":true,"href":"https:\/\/wanderportraits.com\/es\/wp-json\/wp\/v2\/media\/2174"}],"wp:attachment":[{"href":"https:\/\/wanderportraits.com\/es\/wp-json\/wp\/v2\/media?parent=2472"}],"wp:term":[{"taxonomy":"product_brand","embeddable":true,"href":"https:\/\/wanderportraits.com\/es\/wp-json\/wp\/v2\/product_brand?post=2472"},{"taxonomy":"product_cat","embeddable":true,"href":"https:\/\/wanderportraits.com\/es\/wp-json\/wp\/v2\/product_cat?post=2472"},{"taxonomy":"product_tag","embeddable":true,"href":"https:\/\/wanderportraits.com\/es\/wp-json\/wp\/v2\/product_tag?post=2472"}],"curies":[{"name":"wp","href":"https:\/\/api.w.org\/{rel}","templated":true}]}}