{"id":2475,"date":"2025-03-06T01:29:59","date_gmt":"2025-03-06T01:29:59","guid":{"rendered":"https:\/\/wanderportraits.com\/?post_type=product&#038;p=2475"},"modified":"2025-12-04T11:54:35","modified_gmt":"2025-12-04T11:54:35","slug":"proposal-night-indoors-photoshoot","status":"publish","type":"product","link":"https:\/\/wanderportraits.com\/es\/product\/proposal-night-indoors-photoshoot","title":{"rendered":"Noche de propuestas Sesi\u00f3n fotogr\u00e1fica en interiores Buenos Aires"},"content":{"rendered":"<h3><span style=\"font-weight: 400;\">Noche de propuestas Sesi\u00f3n fotogr\u00e1fica en interiores Buenos Aires<\/span><\/h3>\n<ul>\n<li style=\"font-weight: 400;\" aria-level=\"1\"><span style=\"font-weight: 400;\">Includes 25 edited photographs that can be chosen by the client by sending thumbnails within 48 hours after the session.<\/span><\/li>\n<li style=\"font-weight: 400;\" aria-level=\"1\"><span style=\"font-weight: 400;\">Final photos delivered within 7 days after your selection.<\/span><\/li>\n<li style=\"font-weight: 400;\" aria-level=\"1\"><span style=\"font-weight: 400;\">1-minute 4K video clip of your proposal, captured on iPhone 15pro.<\/span><\/li>\n<li style=\"font-weight: 400;\" aria-level=\"1\"><span style=\"font-weight: 400;\">I do not provide unedited or RAW files<\/span><\/li>\n<li style=\"font-weight: 400;\" aria-level=\"1\"><span style=\"font-weight: 400;\">Add a live musician to play the song of your choice as your proposal begins for an extra USD $35.\u00a0<\/span><\/li>\n<\/ul>\n<p><span style=\"font-weight: 400;\">Planning a romantic surprise? This package is perfect for couples who want to capture an intimate moment in an elegant, low-light setting. Whether you&#8217;re envisioning a cozy indoor scene or the magic of city lights, this experience is designed to make your proposal unforgettable.<\/span><\/p>\n<h3><span style=\"font-weight: 400;\">Choose Between Palermo or Puerto Madero<\/span><\/h3>\n<p><span style=\"font-weight: 400;\">Select one location for your one-hour session \u2014 either Palermo\u2019s stylish charm or Puerto Madero\u2019s glowing waterfront. Each offers a unique mood after dark, ideal for heartfelt moments. Indoors or outdoors, I\u2019ll help you choose the best backdrop based on lighting and atmosphere. <\/span><span style=\"font-weight: 400;\">Check out<\/span><a href=\"https:\/\/www.google.com\/maps\/d\/u\/0\/edit?mid=1OP2J1tghht3_CupqnVz4yqXS3SyO93k&amp;usp=sharing\"> <b>my map<\/b><\/a><span style=\"font-weight: 400;\"> to discover some of the places we can go!<\/span><\/p>\n<h3><span style=\"font-weight: 400;\">Plan Your Moment with Confidence<\/span><\/h3>\n<p><span style=\"font-weight: 400;\">As your dedicated photographer and proposal accomplice, I\u2019ll work with you in advance to organize every detail. From timing and setup to capturing the instant they say yes, I\u2019ll be ready. You\u2019ll feel supported and guided throughout the process, so you can focus on what really matters.<\/span><\/p>\n<h3><span style=\"font-weight: 400;\">Elegant, Cinematic Memories<\/span><\/h3>\n<p><span style=\"font-weight: 400;\">Low light creates a soft, intimate tone that brings every expression and emotion to life. We\u2019ll take a relaxed walk between shots or set up indoors \u2014 always making sure the spotlight is on you two. You&#8217;ll receive professionally edited photos that reflect your love in the most authentic way.<\/span><\/p>\n<p><span style=\"font-weight: 400;\">Ready to propose in a truly unforgettable setting? Book now and let\u2019s craft a moment full of beauty, love, and light.<\/span><\/p>\n<p><span style=\"font-weight: 400;\">I do <\/span><b>not provide unedited or RAW files<\/b><span style=\"font-weight: 400;\">. Before completing your booking, <\/span><b>please read and agree to<\/b><a href=\"https:\/\/wanderportraits.com\/es\/terms-and-conditions\/\"><b> the terms and conditions<\/b><\/a><span style=\"font-weight: 400;\">. For more details, <\/span><b>check out<\/b><span style=\"font-weight: 400;\"> also the<\/span><a href=\"https:\/\/wanderportraits.com\/es\/preguntas-frecuentes\/\"><b> secci\u00f3n de Preguntas frecuentes<\/b><\/a><span style=\"font-weight: 400;\"> and<\/span><a href=\"https:\/\/wanderportraits.com\/es\/privacypolicy\/\"><b> Pol\u00edtica de privacidad.<\/b><\/a><b>.<\/b><\/p>\n<p><span style=\"font-weight: 400;\">We list all prices in US dollars, but you can <\/span><b>pay in your local currency<\/b><span style=\"font-weight: 400;\"> using a credit or debit card through PayPal. We also <\/span><b>accept<\/b><span style=\"font-weight: 400;\"> USDT, Pix, Western Union, Argentine peso bank transfers, or cash (in pesos) at our office in Retiro. <\/span><b>Your booking is confirmed only after we receive full payment.<\/b><span style=\"font-weight: 400;\"> Simply choose the payment option that works best for you at checkout.<\/span><\/p>","protected":false},"excerpt":{"rendered":"<p><span class=\"et_pb_best_value\">Atesora los momentos m\u00e1s rom\u00e1nticos<\/span><\/p>","protected":false},"featured_media":2385,"comment_status":"closed","ping_status":"closed","template":"","meta":{"_et_pb_use_builder":"","_et_pb_old_content":"","_et_gb_content_width":""},"product_brand":[],"product_cat":[45],"product_tag":[35],"class_list":{"0":"post-2475","1":"product","2":"type-product","3":"status-publish","4":"has-post-thumbnail","6":"product_cat-night","7":"product_tag-night-photoshoot","8":"wt_location-buenos-aires","10":"first","11":"instock","12":"sold-individually","13":"purchasable","14":"product-type-simple"},"yoast_head":"<!-- This site is optimized with the Yoast SEO plugin v27.4 - https:\/\/yoast.com\/product\/yoast-seo-wordpress\/ -->\n<title>Proposal Night Indoors Photoshoot Buenos Aires - wanderportraits<\/title>\n<meta name=\"description\" content=\"Propose in style with a one-hour night or indoor photoshoot in Palermo or Puerto Madero, perfectly planned and beautifully captured.\" \/>\n<meta name=\"robots\" content=\"index, follow, max-snippet:-1, max-image-preview:large, max-video-preview:-1\" \/>\n<link rel=\"canonical\" href=\"https:\/\/wanderportraits.com\/es\/producto\/proposal-night-indoors-photoshoot\/\" \/>\n<meta property=\"og:locale\" content=\"es_ES\" \/>\n<meta property=\"og:type\" content=\"article\" \/>\n<meta property=\"og:title\" content=\"Proposal Night Indoors Photoshoot Buenos Aires - wanderportraits\" \/>\n<meta property=\"og:description\" content=\"Propose in style with a one-hour night or indoor photoshoot in Palermo or Puerto Madero, perfectly planned and beautifully captured.\" \/>\n<meta property=\"og:url\" content=\"https:\/\/wanderportraits.com\/es\/producto\/proposal-night-indoors-photoshoot\/\" \/>\n<meta property=\"og:site_name\" content=\"wanderportraits\" \/>\n<meta property=\"article:modified_time\" content=\"2025-12-04T11:54:35+00:00\" \/>\n<meta property=\"og:image\" content=\"https:\/\/wanderportraits.com\/wp-content\/uploads\/2025\/01\/6O7A6483-WM.webp\" \/>\n\t<meta property=\"og:image:width\" content=\"2048\" \/>\n\t<meta property=\"og:image:height\" content=\"1365\" \/>\n\t<meta property=\"og:image:type\" content=\"image\/webp\" \/>\n<meta name=\"twitter:card\" content=\"summary_large_image\" \/>\n<meta name=\"twitter:label1\" content=\"Tiempo de lectura\" \/>\n\t<meta name=\"twitter:data1\" content=\"2 minutos\" \/>\n<script type=\"application\/ld+json\" class=\"yoast-schema-graph\">{\"@context\":\"https:\\\/\\\/schema.org\",\"@graph\":[{\"@type\":\"WebPage\",\"@id\":\"https:\\\/\\\/wanderportraits.com\\\/product\\\/proposal-night-indoors-photoshoot\",\"url\":\"https:\\\/\\\/wanderportraits.com\\\/product\\\/proposal-night-indoors-photoshoot\",\"name\":\"Proposal Night Indoors Photoshoot Buenos Aires - wanderportraits\",\"isPartOf\":{\"@id\":\"https:\\\/\\\/wanderportraits.com\\\/en\\\/#website\"},\"primaryImageOfPage\":{\"@id\":\"https:\\\/\\\/wanderportraits.com\\\/product\\\/proposal-night-indoors-photoshoot#primaryimage\"},\"image\":{\"@id\":\"https:\\\/\\\/wanderportraits.com\\\/product\\\/proposal-night-indoors-photoshoot#primaryimage\"},\"thumbnailUrl\":\"https:\\\/\\\/wanderportraits.com\\\/wp-content\\\/uploads\\\/2025\\\/01\\\/6O7A6483-WM.webp\",\"datePublished\":\"2025-03-06T01:29:59+00:00\",\"dateModified\":\"2025-12-04T11:54:35+00:00\",\"description\":\"Propose in style with a one-hour night or indoor photoshoot in Palermo or Puerto Madero, perfectly planned and beautifully captured.\",\"breadcrumb\":{\"@id\":\"https:\\\/\\\/wanderportraits.com\\\/product\\\/proposal-night-indoors-photoshoot#breadcrumb\"},\"inLanguage\":\"es-AR\",\"potentialAction\":[{\"@type\":\"ReadAction\",\"target\":[\"https:\\\/\\\/wanderportraits.com\\\/product\\\/proposal-night-indoors-photoshoot\"]}]},{\"@type\":\"ImageObject\",\"inLanguage\":\"es-AR\",\"@id\":\"https:\\\/\\\/wanderportraits.com\\\/product\\\/proposal-night-indoors-photoshoot#primaryimage\",\"url\":\"https:\\\/\\\/wanderportraits.com\\\/wp-content\\\/uploads\\\/2025\\\/01\\\/6O7A6483-WM.webp\",\"contentUrl\":\"https:\\\/\\\/wanderportraits.com\\\/wp-content\\\/uploads\\\/2025\\\/01\\\/6O7A6483-WM.webp\",\"width\":2048,\"height\":1365,\"caption\":\"Engagement photoshoot in puerto madero buenos aires\"},{\"@type\":\"BreadcrumbList\",\"@id\":\"https:\\\/\\\/wanderportraits.com\\\/product\\\/proposal-night-indoors-photoshoot#breadcrumb\",\"itemListElement\":[{\"@type\":\"ListItem\",\"position\":1,\"name\":\"Home\",\"item\":\"https:\\\/\\\/wanderportraits.com\\\/en\\\/\"},{\"@type\":\"ListItem\",\"position\":2,\"name\":\"Shop\",\"item\":\"https:\\\/\\\/wanderportraits.com\\\/en\\\/shop\"},{\"@type\":\"ListItem\",\"position\":3,\"name\":\"Proposal Night Indoors Photoshoot Buenos Aires\"}]},{\"@type\":\"WebSite\",\"@id\":\"https:\\\/\\\/wanderportraits.com\\\/en\\\/#website\",\"url\":\"https:\\\/\\\/wanderportraits.com\\\/en\\\/\",\"name\":\"wanderportraits\",\"description\":\"Photoshoot in Buenos Aires\",\"publisher\":{\"@id\":\"https:\\\/\\\/wanderportraits.com\\\/en\\\/#\\\/schema\\\/person\\\/acefe217b370b5452c3a6761d70cfc89\"},\"potentialAction\":[{\"@type\":\"SearchAction\",\"target\":{\"@type\":\"EntryPoint\",\"urlTemplate\":\"https:\\\/\\\/wanderportraits.com\\\/en\\\/?s={search_term_string}\"},\"query-input\":{\"@type\":\"PropertyValueSpecification\",\"valueRequired\":true,\"valueName\":\"search_term_string\"}}],\"inLanguage\":\"es-AR\"},{\"@type\":[\"Person\",\"Organization\"],\"@id\":\"https:\\\/\\\/wanderportraits.com\\\/en\\\/#\\\/schema\\\/person\\\/acefe217b370b5452c3a6761d70cfc89\",\"name\":\"Gissel Arbelaez\",\"pronouns\":\"She \\\/ Her\",\"image\":{\"@type\":\"ImageObject\",\"inLanguage\":\"es-AR\",\"@id\":\"https:\\\/\\\/wanderportraits.com\\\/wp-content\\\/uploads\\\/2025\\\/04\\\/wander-logohorizontal-fondoblanco-80.jpg\",\"url\":\"https:\\\/\\\/wanderportraits.com\\\/wp-content\\\/uploads\\\/2025\\\/04\\\/wander-logohorizontal-fondoblanco-80.jpg\",\"contentUrl\":\"https:\\\/\\\/wanderportraits.com\\\/wp-content\\\/uploads\\\/2025\\\/04\\\/wander-logohorizontal-fondoblanco-80.jpg\",\"width\":1081,\"height\":1081,\"caption\":\"Gissel Arbelaez\"},\"logo\":{\"@id\":\"https:\\\/\\\/wanderportraits.com\\\/wp-content\\\/uploads\\\/2025\\\/04\\\/wander-logohorizontal-fondoblanco-80.jpg\"},\"description\":\"I\u2019m a passionate artist, photographer, and graphic designer who thrives on creativity. I love traveling, making new friends, exploring different cultures, trying new foods, and enjoying life while respecting others. I\u2019m organized, value good conversation, and cherish meaningful connections.\",\"sameAs\":[\"https:\\\/\\\/wanderportraits.com\\\/\",\"https:\\\/\\\/www.instagram.com\\\/wander.portraits\\\/\",\"https:\\\/\\\/www.youtube.com\\\/@wanderportraits\"]}]}<\/script>\n<!-- \/ Yoast SEO plugin. -->","yoast_head_json":{"title":"Proposal Night Indoors Photoshoot Buenos Aires - wanderportraits","description":"Propose in style with a one-hour night or indoor photoshoot in Palermo or Puerto Madero, perfectly planned and beautifully captured.","robots":{"index":"index","follow":"follow","max-snippet":"max-snippet:-1","max-image-preview":"max-image-preview:large","max-video-preview":"max-video-preview:-1"},"canonical":"https:\/\/wanderportraits.com\/es\/producto\/proposal-night-indoors-photoshoot\/","og_locale":"es_ES","og_type":"article","og_title":"Proposal Night Indoors Photoshoot Buenos Aires - wanderportraits","og_description":"Propose in style with a one-hour night or indoor photoshoot in Palermo or Puerto Madero, perfectly planned and beautifully captured.","og_url":"https:\/\/wanderportraits.com\/es\/producto\/proposal-night-indoors-photoshoot\/","og_site_name":"wanderportraits","article_modified_time":"2025-12-04T11:54:35+00:00","og_image":[{"width":2048,"height":1365,"url":"https:\/\/wanderportraits.com\/wp-content\/uploads\/2025\/01\/6O7A6483-WM.webp","type":"image\/webp"}],"twitter_card":"summary_large_image","twitter_misc":{"Tiempo de lectura":"2 minutos"},"schema":{"@context":"https:\/\/schema.org","@graph":[{"@type":"WebPage","@id":"https:\/\/wanderportraits.com\/product\/proposal-night-indoors-photoshoot","url":"https:\/\/wanderportraits.com\/product\/proposal-night-indoors-photoshoot","name":"Proposal Night Indoors Photoshoot Buenos Aires - wanderportraits","isPartOf":{"@id":"https:\/\/wanderportraits.com\/en\/#website"},"primaryImageOfPage":{"@id":"https:\/\/wanderportraits.com\/product\/proposal-night-indoors-photoshoot#primaryimage"},"image":{"@id":"https:\/\/wanderportraits.com\/product\/proposal-night-indoors-photoshoot#primaryimage"},"thumbnailUrl":"https:\/\/wanderportraits.com\/wp-content\/uploads\/2025\/01\/6O7A6483-WM.webp","datePublished":"2025-03-06T01:29:59+00:00","dateModified":"2025-12-04T11:54:35+00:00","description":"Propose in style with a one-hour night or indoor photoshoot in Palermo or Puerto Madero, perfectly planned and beautifully captured.","breadcrumb":{"@id":"https:\/\/wanderportraits.com\/product\/proposal-night-indoors-photoshoot#breadcrumb"},"inLanguage":"es-AR","potentialAction":[{"@type":"ReadAction","target":["https:\/\/wanderportraits.com\/product\/proposal-night-indoors-photoshoot"]}]},{"@type":"ImageObject","inLanguage":"es-AR","@id":"https:\/\/wanderportraits.com\/product\/proposal-night-indoors-photoshoot#primaryimage","url":"https:\/\/wanderportraits.com\/wp-content\/uploads\/2025\/01\/6O7A6483-WM.webp","contentUrl":"https:\/\/wanderportraits.com\/wp-content\/uploads\/2025\/01\/6O7A6483-WM.webp","width":2048,"height":1365,"caption":"Engagement photoshoot in puerto madero buenos aires"},{"@type":"BreadcrumbList","@id":"https:\/\/wanderportraits.com\/product\/proposal-night-indoors-photoshoot#breadcrumb","itemListElement":[{"@type":"ListItem","position":1,"name":"Home","item":"https:\/\/wanderportraits.com\/en\/"},{"@type":"ListItem","position":2,"name":"Shop","item":"https:\/\/wanderportraits.com\/en\/shop"},{"@type":"ListItem","position":3,"name":"Proposal Night Indoors Photoshoot Buenos Aires"}]},{"@type":"WebSite","@id":"https:\/\/wanderportraits.com\/en\/#website","url":"https:\/\/wanderportraits.com\/en\/","name":"wanderportraits","description":"Sesi\u00f3n fotogr\u00e1fica en Buenos Aires","publisher":{"@id":"https:\/\/wanderportraits.com\/en\/#\/schema\/person\/acefe217b370b5452c3a6761d70cfc89"},"potentialAction":[{"@type":"SearchAction","target":{"@type":"EntryPoint","urlTemplate":"https:\/\/wanderportraits.com\/en\/?s={search_term_string}"},"query-input":{"@type":"PropertyValueSpecification","valueRequired":true,"valueName":"search_term_string"}}],"inLanguage":"es-AR"},{"@type":["Person","Organization"],"@id":"https:\/\/wanderportraits.com\/en\/#\/schema\/person\/acefe217b370b5452c3a6761d70cfc89","name":"Gissel Arbelaez","pronouns":"She \/ Her","image":{"@type":"ImageObject","inLanguage":"es-AR","@id":"https:\/\/wanderportraits.com\/wp-content\/uploads\/2025\/04\/wander-logohorizontal-fondoblanco-80.jpg","url":"https:\/\/wanderportraits.com\/wp-content\/uploads\/2025\/04\/wander-logohorizontal-fondoblanco-80.jpg","contentUrl":"https:\/\/wanderportraits.com\/wp-content\/uploads\/2025\/04\/wander-logohorizontal-fondoblanco-80.jpg","width":1081,"height":1081,"caption":"Gissel Arbelaez"},"logo":{"@id":"https:\/\/wanderportraits.com\/wp-content\/uploads\/2025\/04\/wander-logohorizontal-fondoblanco-80.jpg"},"description":"Soy un artista, fot\u00f3grafo y dise\u00f1ador gr\u00e1fico apasionado que se nutre de la creatividad. Me encanta viajar, hacer nuevos amigos, explorar diferentes culturas, probar nuevos platillos y disfrutar de la vida respetando a los dem\u00e1s. Soy organizado, valoro las buenas conversaciones y aprecio las conexiones significativas.","sameAs":["https:\/\/wanderportraits.com\/","https:\/\/www.instagram.com\/wander.portraits\/","https:\/\/www.youtube.com\/@wanderportraits"]}]}},"jetpack_sharing_enabled":true,"_links":{"self":[{"href":"https:\/\/wanderportraits.com\/es\/wp-json\/wp\/v2\/product\/2475","targetHints":{"allow":["GET"]}}],"collection":[{"href":"https:\/\/wanderportraits.com\/es\/wp-json\/wp\/v2\/product"}],"about":[{"href":"https:\/\/wanderportraits.com\/es\/wp-json\/wp\/v2\/types\/product"}],"replies":[{"embeddable":true,"href":"https:\/\/wanderportraits.com\/es\/wp-json\/wp\/v2\/comments?post=2475"}],"wp:featuredmedia":[{"embeddable":true,"href":"https:\/\/wanderportraits.com\/es\/wp-json\/wp\/v2\/media\/2385"}],"wp:attachment":[{"href":"https:\/\/wanderportraits.com\/es\/wp-json\/wp\/v2\/media?parent=2475"}],"wp:term":[{"taxonomy":"product_brand","embeddable":true,"href":"https:\/\/wanderportraits.com\/es\/wp-json\/wp\/v2\/product_brand?post=2475"},{"taxonomy":"product_cat","embeddable":true,"href":"https:\/\/wanderportraits.com\/es\/wp-json\/wp\/v2\/product_cat?post=2475"},{"taxonomy":"product_tag","embeddable":true,"href":"https:\/\/wanderportraits.com\/es\/wp-json\/wp\/v2\/product_tag?post=2475"}],"curies":[{"name":"wp","href":"https:\/\/api.w.org\/{rel}","templated":true}]}}