{"id":2477,"date":"2025-03-06T01:50:43","date_gmt":"2025-03-06T01:50:43","guid":{"rendered":"https:\/\/wanderportraits.com\/?post_type=product&#038;p=2477"},"modified":"2025-12-04T11:37:45","modified_gmt":"2025-12-04T11:37:45","slug":"flying-dress-gold-photoshoot","status":"publish","type":"product","link":"https:\/\/wanderportraits.com\/es\/product\/flying-dress-gold-photoshoot","title":{"rendered":"Flying Dress Gold Photoshoot Buenos Aires"},"content":{"rendered":"<h3><span style=\"font-weight: 400;\">Flying Dress Gold Photoshoot Buenos Aires<\/span><\/h3>\n<ul>\n<li style=\"font-weight: 400;\" aria-level=\"1\"><b>Includes:<\/b><span style=\"font-weight: 400;\"> 30 edited photographs that can be chosen by the client by sending thumbnails within 48 hours after the session.<\/span><\/li>\n<li style=\"font-weight: 400;\" aria-level=\"1\"><b>Final photos:<\/b><span style=\"font-weight: 400;\"> Delivered within 7 days after your selection.<\/span><\/li>\n<li style=\"font-weight: 400;\" aria-level=\"1\"><span style=\"font-weight: 400;\">The rental of the dress is included, the available colors are: Red, emerald green, white and black.<\/span><\/li>\n<li style=\"font-weight: 400;\" aria-level=\"1\"><span style=\"font-weight: 400;\">Available every day of the week.<\/span><\/li>\n<li style=\"font-weight: 400;\" aria-level=\"1\"><span style=\"font-weight: 400;\">Professional in-room hair and makeup salon services are available for an extra transportation fee.<\/span><\/li>\n<li style=\"font-weight: 400;\" aria-level=\"1\"><span style=\"font-weight: 400;\">You can select the places as you prefer. If there is a taxi cost involved, it will be at your expense. The driving time will be part of our time together.<\/span><\/li>\n<\/ul>\n<p><span style=\"font-weight: 400;\">The Flying Dress Gold Photoshoot Buenos Aires \u2013 Offers a more expansive and elevated experience for those ready to embrace elegance in motion. With two iconic locations, extra time, and personalized guidance, this session is designed for women who want both beauty and boldness captured with grace.<\/span><\/p>\n<h3><span style=\"font-weight: 400;\">Two Locations, Double the Impact<\/span><\/h3>\n<p><span style=\"font-weight: 400;\">You\u2019ll select two of Buenos Aires\u2019 most picturesque areas \u2014 maybe the golden hour glow in Puerto Madero and the bohemian charm of Palermo Soho, or the grandeur of the Obelisk paired with leafy city streets. I\u2019ll help you create a route that maximizes natural light and enhances the dramatic movement of the flying dress. <\/span><span style=\"font-weight: 400;\">Check out<\/span><a href=\"https:\/\/www.google.com\/maps\/d\/u\/0\/edit?mid=1OP2J1tghht3_CupqnVz4yqXS3SyO93k&amp;usp=sharing\"> <b>my map<\/b><\/a><span style=\"font-weight: 400;\"> to discover some of the places we can go!<\/span><\/p>\n<h3><span style=\"font-weight: 400;\">More Time, More Creativity<\/span><\/h3>\n<p><span style=\"font-weight: 400;\">This 2 to 2.5-hour shoot gives us space to explore each location, switch angles, and let the dress shine in different settings. We\u2019ll take time to get creative with motion, wind, light, and color \u2014 so each image feels unique.<\/span><\/p>\n<h3><span style=\"font-weight: 400;\">You, Center Stage<\/span><\/h3>\n<p><span style=\"font-weight: 400;\">From the moment we meet, I\u2019ll guide you through styling and posing to bring out your confidence and beauty. The flying dress makes a statement on its own \u2014 elegant, flowing, and powerful \u2014 but what truly makes the photos magical is you. You\u2019ll walk away with high-end portraits that tell your story in a visually stunning way.<\/span><\/p>\n<p><span style=\"font-weight: 400;\">If you&#8217;re looking for a standout experience and want to create bold, unforgettable visuals, this Flying Dress Photoshoot Buenos Aires \u2013 Gold Edition is the one. Let\u2019s create something breathtaking together.<\/span><\/p>\n<p><span style=\"font-weight: 400;\">I do <\/span><b>not provide unedited or RAW files<\/b><span style=\"font-weight: 400;\">. Before completing your booking, <\/span><b>please read and agree to<\/b><a href=\"https:\/\/wanderportraits.com\/es\/terms-and-conditions\/\"><b> the terms and conditions<\/b><\/a><span style=\"font-weight: 400;\">. For more details, <\/span><b>check out<\/b><span style=\"font-weight: 400;\"> also the<\/span><a href=\"https:\/\/wanderportraits.com\/es\/preguntas-frecuentes\/\"><b> secci\u00f3n de Preguntas frecuentes<\/b><\/a><span style=\"font-weight: 400;\"> and<\/span><a href=\"https:\/\/wanderportraits.com\/es\/privacypolicy\/\"><b> Pol\u00edtica de privacidad.<\/b><\/a><b>.<\/b><\/p>\n<p><span style=\"font-weight: 400;\">We list all prices in US dollars, but you can <\/span><b>pay in your local currency<\/b><span style=\"font-weight: 400;\"> using a credit or debit card through PayPal. We also <\/span><b>accept<\/b><span style=\"font-weight: 400;\"> USDT, Pix, Western Union, Argentine peso bank transfers, or cash (in pesos) at our office in Retiro. <\/span><b>Your booking is confirmed only after we receive full payment.<\/b><span style=\"font-weight: 400;\"> Simply choose the payment option that works best for you at checkout.<\/span><\/p>","protected":false},"excerpt":{"rendered":"<h5><span class=\"et_pb_best_value\">\u00a1Descubre tu modelo interior!<\/span><\/h5>","protected":false},"featured_media":2682,"comment_status":"closed","ping_status":"closed","template":"","meta":{"_et_pb_use_builder":"","_et_pb_old_content":"","_et_gb_content_width":""},"product_brand":[],"product_cat":[32],"product_tag":[37],"class_list":{"0":"post-2477","1":"product","2":"type-product","3":"status-publish","4":"has-post-thumbnail","6":"product_cat-flying-dress","7":"product_tag-gold-photoshoot","8":"wt_location-buenos-aires","10":"first","11":"instock","12":"sold-individually","13":"purchasable","14":"product-type-simple"},"yoast_head":"<!-- This site is optimized with the Yoast SEO plugin v27.4 - https:\/\/yoast.com\/product\/yoast-seo-wordpress\/ -->\n<title>Flying Dress Gold Photoshoot Buenos Aires - wanderportraits<\/title>\n<meta name=\"description\" content=\"Elevate your Buenos Aires experience with a flying dress gold photoshoot in two iconic spots. Elegant, empowering, and unforgettable. Book Now!\" \/>\n<meta name=\"robots\" content=\"index, follow, max-snippet:-1, max-image-preview:large, max-video-preview:-1\" \/>\n<link rel=\"canonical\" href=\"https:\/\/wanderportraits.com\/es\/producto\/flying-dress-gold-photoshoot\/\" \/>\n<meta property=\"og:locale\" content=\"es_ES\" \/>\n<meta property=\"og:type\" content=\"article\" \/>\n<meta property=\"og:title\" content=\"Flying Dress Gold Photoshoot Buenos Aires - wanderportraits\" \/>\n<meta property=\"og:description\" content=\"Elevate your Buenos Aires experience with a flying dress gold photoshoot in two iconic spots. Elegant, empowering, and unforgettable. Book Now!\" \/>\n<meta property=\"og:url\" content=\"https:\/\/wanderportraits.com\/es\/producto\/flying-dress-gold-photoshoot\/\" \/>\n<meta property=\"og:site_name\" content=\"wanderportraits\" \/>\n<meta property=\"article:modified_time\" content=\"2025-12-04T11:37:45+00:00\" \/>\n<meta property=\"og:image\" content=\"https:\/\/wanderportraits.com\/wp-content\/uploads\/2025\/03\/6O7A7688-Edit.jpg\" \/>\n\t<meta property=\"og:image:width\" content=\"2048\" \/>\n\t<meta property=\"og:image:height\" content=\"1365\" \/>\n\t<meta property=\"og:image:type\" content=\"image\/jpeg\" \/>\n<meta name=\"twitter:card\" content=\"summary_large_image\" \/>\n<meta name=\"twitter:label1\" content=\"Tiempo de lectura\" \/>\n\t<meta name=\"twitter:data1\" content=\"3 minutos\" \/>\n<script type=\"application\/ld+json\" class=\"yoast-schema-graph\">{\"@context\":\"https:\\\/\\\/schema.org\",\"@graph\":[{\"@type\":\"WebPage\",\"@id\":\"https:\\\/\\\/wanderportraits.com\\\/product\\\/flying-dress-gold-photoshoot\",\"url\":\"https:\\\/\\\/wanderportraits.com\\\/product\\\/flying-dress-gold-photoshoot\",\"name\":\"Flying Dress Gold Photoshoot Buenos Aires - wanderportraits\",\"isPartOf\":{\"@id\":\"https:\\\/\\\/wanderportraits.com\\\/en\\\/#website\"},\"primaryImageOfPage\":{\"@id\":\"https:\\\/\\\/wanderportraits.com\\\/product\\\/flying-dress-gold-photoshoot#primaryimage\"},\"image\":{\"@id\":\"https:\\\/\\\/wanderportraits.com\\\/product\\\/flying-dress-gold-photoshoot#primaryimage\"},\"thumbnailUrl\":\"https:\\\/\\\/wanderportraits.com\\\/wp-content\\\/uploads\\\/2025\\\/03\\\/6O7A7688-Edit.jpg\",\"datePublished\":\"2025-03-06T01:50:43+00:00\",\"dateModified\":\"2025-12-04T11:37:45+00:00\",\"description\":\"Elevate your Buenos Aires experience with a flying dress gold photoshoot in two iconic spots. Elegant, empowering, and unforgettable. Book Now!\",\"breadcrumb\":{\"@id\":\"https:\\\/\\\/wanderportraits.com\\\/product\\\/flying-dress-gold-photoshoot#breadcrumb\"},\"inLanguage\":\"es-AR\",\"potentialAction\":[{\"@type\":\"ReadAction\",\"target\":[\"https:\\\/\\\/wanderportraits.com\\\/product\\\/flying-dress-gold-photoshoot\"]}]},{\"@type\":\"ImageObject\",\"inLanguage\":\"es-AR\",\"@id\":\"https:\\\/\\\/wanderportraits.com\\\/product\\\/flying-dress-gold-photoshoot#primaryimage\",\"url\":\"https:\\\/\\\/wanderportraits.com\\\/wp-content\\\/uploads\\\/2025\\\/03\\\/6O7A7688-Edit.jpg\",\"contentUrl\":\"https:\\\/\\\/wanderportraits.com\\\/wp-content\\\/uploads\\\/2025\\\/03\\\/6O7A7688-Edit.jpg\",\"width\":2048,\"height\":1365,\"caption\":\"Flying dress photoshoot in Buenos Aires\"},{\"@type\":\"BreadcrumbList\",\"@id\":\"https:\\\/\\\/wanderportraits.com\\\/product\\\/flying-dress-gold-photoshoot#breadcrumb\",\"itemListElement\":[{\"@type\":\"ListItem\",\"position\":1,\"name\":\"Home\",\"item\":\"https:\\\/\\\/wanderportraits.com\\\/en\\\/\"},{\"@type\":\"ListItem\",\"position\":2,\"name\":\"Shop\",\"item\":\"https:\\\/\\\/wanderportraits.com\\\/en\\\/shop\"},{\"@type\":\"ListItem\",\"position\":3,\"name\":\"Flying Dress Gold Photoshoot Buenos Aires\"}]},{\"@type\":\"WebSite\",\"@id\":\"https:\\\/\\\/wanderportraits.com\\\/en\\\/#website\",\"url\":\"https:\\\/\\\/wanderportraits.com\\\/en\\\/\",\"name\":\"wanderportraits\",\"description\":\"Photoshoot in Buenos Aires\",\"publisher\":{\"@id\":\"https:\\\/\\\/wanderportraits.com\\\/en\\\/#\\\/schema\\\/person\\\/acefe217b370b5452c3a6761d70cfc89\"},\"potentialAction\":[{\"@type\":\"SearchAction\",\"target\":{\"@type\":\"EntryPoint\",\"urlTemplate\":\"https:\\\/\\\/wanderportraits.com\\\/en\\\/?s={search_term_string}\"},\"query-input\":{\"@type\":\"PropertyValueSpecification\",\"valueRequired\":true,\"valueName\":\"search_term_string\"}}],\"inLanguage\":\"es-AR\"},{\"@type\":[\"Person\",\"Organization\"],\"@id\":\"https:\\\/\\\/wanderportraits.com\\\/en\\\/#\\\/schema\\\/person\\\/acefe217b370b5452c3a6761d70cfc89\",\"name\":\"Gissel Arbelaez\",\"pronouns\":\"She \\\/ Her\",\"image\":{\"@type\":\"ImageObject\",\"inLanguage\":\"es-AR\",\"@id\":\"https:\\\/\\\/wanderportraits.com\\\/wp-content\\\/uploads\\\/2025\\\/04\\\/wander-logohorizontal-fondoblanco-80.jpg\",\"url\":\"https:\\\/\\\/wanderportraits.com\\\/wp-content\\\/uploads\\\/2025\\\/04\\\/wander-logohorizontal-fondoblanco-80.jpg\",\"contentUrl\":\"https:\\\/\\\/wanderportraits.com\\\/wp-content\\\/uploads\\\/2025\\\/04\\\/wander-logohorizontal-fondoblanco-80.jpg\",\"width\":1081,\"height\":1081,\"caption\":\"Gissel Arbelaez\"},\"logo\":{\"@id\":\"https:\\\/\\\/wanderportraits.com\\\/wp-content\\\/uploads\\\/2025\\\/04\\\/wander-logohorizontal-fondoblanco-80.jpg\"},\"description\":\"I\u2019m a passionate artist, photographer, and graphic designer who thrives on creativity. I love traveling, making new friends, exploring different cultures, trying new foods, and enjoying life while respecting others. I\u2019m organized, value good conversation, and cherish meaningful connections.\",\"sameAs\":[\"https:\\\/\\\/wanderportraits.com\\\/\",\"https:\\\/\\\/www.instagram.com\\\/wander.portraits\\\/\",\"https:\\\/\\\/www.youtube.com\\\/@wanderportraits\"]}]}<\/script>\n<!-- \/ Yoast SEO plugin. -->","yoast_head_json":{"title":"Flying Dress Gold Photoshoot Buenos Aires - wanderportraits","description":"Elevate your Buenos Aires experience with a flying dress gold photoshoot in two iconic spots. Elegant, empowering, and unforgettable. Book Now!","robots":{"index":"index","follow":"follow","max-snippet":"max-snippet:-1","max-image-preview":"max-image-preview:large","max-video-preview":"max-video-preview:-1"},"canonical":"https:\/\/wanderportraits.com\/es\/producto\/flying-dress-gold-photoshoot\/","og_locale":"es_ES","og_type":"article","og_title":"Flying Dress Gold Photoshoot Buenos Aires - wanderportraits","og_description":"Elevate your Buenos Aires experience with a flying dress gold photoshoot in two iconic spots. Elegant, empowering, and unforgettable. Book Now!","og_url":"https:\/\/wanderportraits.com\/es\/producto\/flying-dress-gold-photoshoot\/","og_site_name":"wanderportraits","article_modified_time":"2025-12-04T11:37:45+00:00","og_image":[{"width":2048,"height":1365,"url":"https:\/\/wanderportraits.com\/wp-content\/uploads\/2025\/03\/6O7A7688-Edit.jpg","type":"image\/jpeg"}],"twitter_card":"summary_large_image","twitter_misc":{"Tiempo de lectura":"3 minutos"},"schema":{"@context":"https:\/\/schema.org","@graph":[{"@type":"WebPage","@id":"https:\/\/wanderportraits.com\/product\/flying-dress-gold-photoshoot","url":"https:\/\/wanderportraits.com\/product\/flying-dress-gold-photoshoot","name":"Flying Dress Gold Photoshoot Buenos Aires - wanderportraits","isPartOf":{"@id":"https:\/\/wanderportraits.com\/en\/#website"},"primaryImageOfPage":{"@id":"https:\/\/wanderportraits.com\/product\/flying-dress-gold-photoshoot#primaryimage"},"image":{"@id":"https:\/\/wanderportraits.com\/product\/flying-dress-gold-photoshoot#primaryimage"},"thumbnailUrl":"https:\/\/wanderportraits.com\/wp-content\/uploads\/2025\/03\/6O7A7688-Edit.jpg","datePublished":"2025-03-06T01:50:43+00:00","dateModified":"2025-12-04T11:37:45+00:00","description":"Elevate your Buenos Aires experience with a flying dress gold photoshoot in two iconic spots. Elegant, empowering, and unforgettable. Book Now!","breadcrumb":{"@id":"https:\/\/wanderportraits.com\/product\/flying-dress-gold-photoshoot#breadcrumb"},"inLanguage":"es-AR","potentialAction":[{"@type":"ReadAction","target":["https:\/\/wanderportraits.com\/product\/flying-dress-gold-photoshoot"]}]},{"@type":"ImageObject","inLanguage":"es-AR","@id":"https:\/\/wanderportraits.com\/product\/flying-dress-gold-photoshoot#primaryimage","url":"https:\/\/wanderportraits.com\/wp-content\/uploads\/2025\/03\/6O7A7688-Edit.jpg","contentUrl":"https:\/\/wanderportraits.com\/wp-content\/uploads\/2025\/03\/6O7A7688-Edit.jpg","width":2048,"height":1365,"caption":"Flying dress photoshoot in Buenos Aires"},{"@type":"BreadcrumbList","@id":"https:\/\/wanderportraits.com\/product\/flying-dress-gold-photoshoot#breadcrumb","itemListElement":[{"@type":"ListItem","position":1,"name":"Home","item":"https:\/\/wanderportraits.com\/en\/"},{"@type":"ListItem","position":2,"name":"Shop","item":"https:\/\/wanderportraits.com\/en\/shop"},{"@type":"ListItem","position":3,"name":"Flying Dress Gold Photoshoot Buenos Aires"}]},{"@type":"WebSite","@id":"https:\/\/wanderportraits.com\/en\/#website","url":"https:\/\/wanderportraits.com\/en\/","name":"wanderportraits","description":"Sesi\u00f3n fotogr\u00e1fica en Buenos Aires","publisher":{"@id":"https:\/\/wanderportraits.com\/en\/#\/schema\/person\/acefe217b370b5452c3a6761d70cfc89"},"potentialAction":[{"@type":"SearchAction","target":{"@type":"EntryPoint","urlTemplate":"https:\/\/wanderportraits.com\/en\/?s={search_term_string}"},"query-input":{"@type":"PropertyValueSpecification","valueRequired":true,"valueName":"search_term_string"}}],"inLanguage":"es-AR"},{"@type":["Person","Organization"],"@id":"https:\/\/wanderportraits.com\/en\/#\/schema\/person\/acefe217b370b5452c3a6761d70cfc89","name":"Gissel Arbelaez","pronouns":"She \/ Her","image":{"@type":"ImageObject","inLanguage":"es-AR","@id":"https:\/\/wanderportraits.com\/wp-content\/uploads\/2025\/04\/wander-logohorizontal-fondoblanco-80.jpg","url":"https:\/\/wanderportraits.com\/wp-content\/uploads\/2025\/04\/wander-logohorizontal-fondoblanco-80.jpg","contentUrl":"https:\/\/wanderportraits.com\/wp-content\/uploads\/2025\/04\/wander-logohorizontal-fondoblanco-80.jpg","width":1081,"height":1081,"caption":"Gissel Arbelaez"},"logo":{"@id":"https:\/\/wanderportraits.com\/wp-content\/uploads\/2025\/04\/wander-logohorizontal-fondoblanco-80.jpg"},"description":"Soy un artista, fot\u00f3grafo y dise\u00f1ador gr\u00e1fico apasionado que se nutre de la creatividad. Me encanta viajar, hacer nuevos amigos, explorar diferentes culturas, probar nuevos platillos y disfrutar de la vida respetando a los dem\u00e1s. Soy organizado, valoro las buenas conversaciones y aprecio las conexiones significativas.","sameAs":["https:\/\/wanderportraits.com\/","https:\/\/www.instagram.com\/wander.portraits\/","https:\/\/www.youtube.com\/@wanderportraits"]}]}},"jetpack_sharing_enabled":true,"_links":{"self":[{"href":"https:\/\/wanderportraits.com\/es\/wp-json\/wp\/v2\/product\/2477","targetHints":{"allow":["GET"]}}],"collection":[{"href":"https:\/\/wanderportraits.com\/es\/wp-json\/wp\/v2\/product"}],"about":[{"href":"https:\/\/wanderportraits.com\/es\/wp-json\/wp\/v2\/types\/product"}],"replies":[{"embeddable":true,"href":"https:\/\/wanderportraits.com\/es\/wp-json\/wp\/v2\/comments?post=2477"}],"wp:featuredmedia":[{"embeddable":true,"href":"https:\/\/wanderportraits.com\/es\/wp-json\/wp\/v2\/media\/2682"}],"wp:attachment":[{"href":"https:\/\/wanderportraits.com\/es\/wp-json\/wp\/v2\/media?parent=2477"}],"wp:term":[{"taxonomy":"product_brand","embeddable":true,"href":"https:\/\/wanderportraits.com\/es\/wp-json\/wp\/v2\/product_brand?post=2477"},{"taxonomy":"product_cat","embeddable":true,"href":"https:\/\/wanderportraits.com\/es\/wp-json\/wp\/v2\/product_cat?post=2477"},{"taxonomy":"product_tag","embeddable":true,"href":"https:\/\/wanderportraits.com\/es\/wp-json\/wp\/v2\/product_tag?post=2477"}],"curies":[{"name":"wp","href":"https:\/\/api.w.org\/{rel}","templated":true}]}}