{"id":2653,"date":"2025-03-20T22:57:08","date_gmt":"2025-03-20T22:57:08","guid":{"rendered":"https:\/\/wanderportraits.com\/?post_type=product&#038;p=2653"},"modified":"2026-04-09T16:52:45","modified_gmt":"2026-04-09T16:52:45","slug":"snap-stroll-photo-tour-buenos-aires","status":"publish","type":"product","link":"https:\/\/wanderportraits.com\/es\/product\/snap-stroll-photo-tour-buenos-aires","title":{"rendered":"Tour de fotos en Buenos Aires para creadores"},"content":{"rendered":"<h3 data-start=\"152\" data-end=\"410\"><strong data-start=\"152\" data-end=\"202\">\u00bfTe encanta tomar fotos mientras explor\u00e1s nuevos lugares?<\/strong><\/h3>\n<p data-start=\"152\" data-end=\"410\">Sumate a mi tour a pie por Buenos Aires, pensado especialmente para creadores de contenido y amantes de la fotograf\u00eda que disfrutan capturar momentos con su celular o c\u00e1mara.<\/p>\n<p data-start=\"412\" data-end=\"779\">Este no es un tour t\u00edpico<strong> Te voy a llevar m\u00e1s all\u00e1 de los lugares cl\u00e1sicos,<\/strong>, guiding you through colorful neighborhoods, artistic alleys, hidden caf\u00e9s, and local markets full of life, texture, and charm. You&#8217;ll see the city from a local\u2019s perspective, discovering unique places that most tourists miss \u2014 all while learning how to elevate your content creation game.<\/p>\n<p data-start=\"781\" data-end=\"1135\">Ya sea que te guste la fotograf\u00eda urbana, de arquitectura, retratos o storytelling para redes, <strong>esta experiencia se adapta a tus intereses.<\/strong> No necesitas una c\u00e1mara profesional: tu celular est\u00e1 perfecto. Te voy a ayudar a aprovechar la luz natural, los fondos y la composici\u00f3n para que te lleves im\u00e1genes que te encanten.<\/p>\n<p data-start=\"1137\" data-end=\"1396\">Photo Tour Buenos Aires is also ideal if you\u2019re a solo traveler or a local looking to connect with a photographer and explore the city in a more creative way. Select as many stops as you&#8217;d like, or let me surprise you with my favorite hidden gems and scenic backdrops, check out<a href=\"https:\/\/www.google.com\/maps\/d\/u\/0\/edit?mid=1OP2J1tghht3_CupqnVz4yqXS3SyO93k&amp;usp=sharing\"><strong> my map<\/strong><\/a> to discover some of the places we can go!<\/p>\n<h3 data-start=\"1398\" data-end=\"1604\"><strong>\u00bfQuieres llevarte algunas fotos tuyas durante el tour?<\/strong><\/h3>\n<p data-start=\"1398\" data-end=\"1604\">Puedes a\u00f1adir una <strong><a href=\"https:\/\/wanderportraits.com\/es\/producto\/solo-mini-photoshoot\/\">Mini professional photoshoot<\/a><\/strong> Es una excelente forma de combinar la creaci\u00f3n de contenido con recuerdos especiales de tu paso por la ciudad.\n\n\u00a1Vamos a caminar, crear y capturar momentos \u00fanicos!<\/p>\n<p data-start=\"1606\" data-end=\"1778\"><strong>\u00a1Vamos a caminar, crear y capturar momentos \u00fanicos!<\/strong><br data-start=\"1666\" data-end=\"1669\" \/>Las reservas son flexibles y personalizadas \u2014 si tienes alguna solicitud especial, no dudes en escribirme.<\/p>\n<p>*El precio de este tour es por 2 horas; cada hora extra tendr\u00e1 un costo adicional de USD $40. Antes de completar su reserva, aseg\u00farese de haber le\u00eddo y aceptado <a href=\"https:\/\/wanderportraits.com\/es\/terms-and-conditions\/\"><b>los t\u00e9rminos y condiciones<\/b><\/a>. Para mayor informaci\u00f3n, por favor lea nuestra <a href=\"https:\/\/wanderportraits.com\/es\/preguntas-frecuentes\/\"><b>secci\u00f3n de Preguntas frecuentes<\/b><\/a> &amp; <a href=\"https:\/\/wanderportraits.com\/es\/privacypolicy\/\"><b>Pol\u00edtica de privacidad.<\/b><\/a><b>.<\/b><\/p>\n<p style=\"text-align: center;\"><span style=\"font-weight: 400;\">We list all prices in US dollars, but you can <\/span><b>pay in your local currency<\/b><span style=\"font-weight: 400;\"> using a credit or debit card through PayPal. We also <\/span><b>accept<\/b><span style=\"font-weight: 400;\"> USDT, Pix, Western Union, Argentine peso bank transfers, or cash (in pesos) at our office in Retiro. <\/span><b>Your booking is confirmed only after we receive full payment.<\/b><span style=\"font-weight: 400;\"> Simply choose the payment option that works best for you at checkout.<\/span><\/p>","protected":false},"excerpt":{"rendered":"<h5>Captura, pasea y descubre la ciudad.<\/h5>","protected":false},"featured_media":2093,"comment_status":"closed","ping_status":"closed","template":"","meta":{"_et_pb_use_builder":"","_et_pb_old_content":"","_et_gb_content_width":""},"product_brand":[],"product_cat":[40],"product_tag":[44],"class_list":{"0":"post-2653","1":"product","2":"type-product","3":"status-publish","4":"has-post-thumbnail","6":"product_cat-tours-content-creation","7":"product_tag-snap-and-stroll","8":"wt_location-buenos-aires","10":"first","11":"instock","12":"sold-individually","13":"purchasable","14":"product-type-simple"},"yoast_head":"<!-- This site is optimized with the Yoast SEO plugin v27.4 - https:\/\/yoast.com\/product\/yoast-seo-wordpress\/ -->\n<title>Photo Tour Buenos Aires for Creators | Snap &amp; Stroll Experience - wanderportraits<\/title>\n<meta name=\"description\" content=\"Discover Buenos Aires with a local photographer on this photo tour made for creators and photography lovers. Bring your camera or phone and get inspired\" \/>\n<meta name=\"robots\" content=\"index, follow, max-snippet:-1, max-image-preview:large, max-video-preview:-1\" \/>\n<link rel=\"canonical\" href=\"https:\/\/wanderportraits.com\/es\/producto\/snap-stroll-photo-tour-buenos-aires\/\" \/>\n<meta property=\"og:locale\" content=\"es_ES\" \/>\n<meta property=\"og:type\" content=\"article\" \/>\n<meta property=\"og:title\" content=\"Photo Tour Buenos Aires for Creators | Snap &amp; Stroll Experience - wanderportraits\" \/>\n<meta property=\"og:description\" content=\"Discover Buenos Aires with a local photographer on this photo tour made for creators and photography lovers. Bring your camera or phone and get inspired\" \/>\n<meta property=\"og:url\" content=\"https:\/\/wanderportraits.com\/es\/producto\/snap-stroll-photo-tour-buenos-aires\/\" \/>\n<meta property=\"og:site_name\" content=\"wanderportraits\" \/>\n<meta property=\"article:modified_time\" content=\"2026-04-09T16:52:45+00:00\" \/>\n<meta property=\"og:image\" content=\"https:\/\/wanderportraits.com\/wp-content\/uploads\/2024\/05\/A6K04394-WEBP.webp\" \/>\n\t<meta property=\"og:image:width\" content=\"2000\" \/>\n\t<meta property=\"og:image:height\" content=\"2500\" \/>\n\t<meta property=\"og:image:type\" content=\"image\/webp\" \/>\n<meta name=\"twitter:card\" content=\"summary_large_image\" \/>\n<meta name=\"twitter:label1\" content=\"Tiempo de lectura\" \/>\n\t<meta name=\"twitter:data1\" content=\"2 minutos\" \/>\n<script type=\"application\/ld+json\" class=\"yoast-schema-graph\">{\"@context\":\"https:\\\/\\\/schema.org\",\"@graph\":[{\"@type\":\"WebPage\",\"@id\":\"https:\\\/\\\/wanderportraits.com\\\/product\\\/snap-stroll-photo-tour-buenos-aires\",\"url\":\"https:\\\/\\\/wanderportraits.com\\\/product\\\/snap-stroll-photo-tour-buenos-aires\",\"name\":\"Photo Tour Buenos Aires for Creators | Snap & Stroll Experience - wanderportraits\",\"isPartOf\":{\"@id\":\"https:\\\/\\\/wanderportraits.com\\\/en\\\/#website\"},\"primaryImageOfPage\":{\"@id\":\"https:\\\/\\\/wanderportraits.com\\\/product\\\/snap-stroll-photo-tour-buenos-aires#primaryimage\"},\"image\":{\"@id\":\"https:\\\/\\\/wanderportraits.com\\\/product\\\/snap-stroll-photo-tour-buenos-aires#primaryimage\"},\"thumbnailUrl\":\"https:\\\/\\\/wanderportraits.com\\\/wp-content\\\/uploads\\\/2024\\\/05\\\/A6K04394-WEBP.webp\",\"datePublished\":\"2025-03-20T22:57:08+00:00\",\"dateModified\":\"2026-04-09T16:52:45+00:00\",\"description\":\"Discover Buenos Aires with a local photographer on this photo tour made for creators and photography lovers. Bring your camera or phone and get inspired\",\"breadcrumb\":{\"@id\":\"https:\\\/\\\/wanderportraits.com\\\/product\\\/snap-stroll-photo-tour-buenos-aires#breadcrumb\"},\"inLanguage\":\"es-AR\",\"potentialAction\":[{\"@type\":\"ReadAction\",\"target\":[\"https:\\\/\\\/wanderportraits.com\\\/product\\\/snap-stroll-photo-tour-buenos-aires\"]}]},{\"@type\":\"ImageObject\",\"inLanguage\":\"es-AR\",\"@id\":\"https:\\\/\\\/wanderportraits.com\\\/product\\\/snap-stroll-photo-tour-buenos-aires#primaryimage\",\"url\":\"https:\\\/\\\/wanderportraits.com\\\/wp-content\\\/uploads\\\/2024\\\/05\\\/A6K04394-WEBP.webp\",\"contentUrl\":\"https:\\\/\\\/wanderportraits.com\\\/wp-content\\\/uploads\\\/2024\\\/05\\\/A6K04394-WEBP.webp\",\"width\":2000,\"height\":2500,\"caption\":\"Buenos Aires snap and stroll walking photo tour for content creators and photography enthusiastics\"},{\"@type\":\"BreadcrumbList\",\"@id\":\"https:\\\/\\\/wanderportraits.com\\\/product\\\/snap-stroll-photo-tour-buenos-aires#breadcrumb\",\"itemListElement\":[{\"@type\":\"ListItem\",\"position\":1,\"name\":\"Home\",\"item\":\"https:\\\/\\\/wanderportraits.com\\\/en\\\/\"},{\"@type\":\"ListItem\",\"position\":2,\"name\":\"Shop\",\"item\":\"https:\\\/\\\/wanderportraits.com\\\/en\\\/shop\"},{\"@type\":\"ListItem\",\"position\":3,\"name\":\"Photo Tour Buenos Aires for Creators | Snap &#038; Stroll Experience\"}]},{\"@type\":\"WebSite\",\"@id\":\"https:\\\/\\\/wanderportraits.com\\\/en\\\/#website\",\"url\":\"https:\\\/\\\/wanderportraits.com\\\/en\\\/\",\"name\":\"wanderportraits\",\"description\":\"Photoshoot in Buenos Aires\",\"publisher\":{\"@id\":\"https:\\\/\\\/wanderportraits.com\\\/en\\\/#\\\/schema\\\/person\\\/acefe217b370b5452c3a6761d70cfc89\"},\"potentialAction\":[{\"@type\":\"SearchAction\",\"target\":{\"@type\":\"EntryPoint\",\"urlTemplate\":\"https:\\\/\\\/wanderportraits.com\\\/en\\\/?s={search_term_string}\"},\"query-input\":{\"@type\":\"PropertyValueSpecification\",\"valueRequired\":true,\"valueName\":\"search_term_string\"}}],\"inLanguage\":\"es-AR\"},{\"@type\":[\"Person\",\"Organization\"],\"@id\":\"https:\\\/\\\/wanderportraits.com\\\/en\\\/#\\\/schema\\\/person\\\/acefe217b370b5452c3a6761d70cfc89\",\"name\":\"Gissel Arbelaez\",\"pronouns\":\"She \\\/ Her\",\"image\":{\"@type\":\"ImageObject\",\"inLanguage\":\"es-AR\",\"@id\":\"https:\\\/\\\/wanderportraits.com\\\/wp-content\\\/uploads\\\/2025\\\/04\\\/wander-logohorizontal-fondoblanco-80.jpg\",\"url\":\"https:\\\/\\\/wanderportraits.com\\\/wp-content\\\/uploads\\\/2025\\\/04\\\/wander-logohorizontal-fondoblanco-80.jpg\",\"contentUrl\":\"https:\\\/\\\/wanderportraits.com\\\/wp-content\\\/uploads\\\/2025\\\/04\\\/wander-logohorizontal-fondoblanco-80.jpg\",\"width\":1081,\"height\":1081,\"caption\":\"Gissel Arbelaez\"},\"logo\":{\"@id\":\"https:\\\/\\\/wanderportraits.com\\\/wp-content\\\/uploads\\\/2025\\\/04\\\/wander-logohorizontal-fondoblanco-80.jpg\"},\"description\":\"I\u2019m a passionate artist, photographer, and graphic designer who thrives on creativity. I love traveling, making new friends, exploring different cultures, trying new foods, and enjoying life while respecting others. I\u2019m organized, value good conversation, and cherish meaningful connections.\",\"sameAs\":[\"https:\\\/\\\/wanderportraits.com\\\/\",\"https:\\\/\\\/www.instagram.com\\\/wander.portraits\\\/\",\"https:\\\/\\\/www.youtube.com\\\/@wanderportraits\"]}]}<\/script>\n<!-- \/ Yoast SEO plugin. -->","yoast_head_json":{"title":"Photo Tour Buenos Aires for Creators | Snap & Stroll Experience - wanderportraits","description":"Discover Buenos Aires with a local photographer on this photo tour made for creators and photography lovers. Bring your camera or phone and get inspired","robots":{"index":"index","follow":"follow","max-snippet":"max-snippet:-1","max-image-preview":"max-image-preview:large","max-video-preview":"max-video-preview:-1"},"canonical":"https:\/\/wanderportraits.com\/es\/producto\/snap-stroll-photo-tour-buenos-aires\/","og_locale":"es_ES","og_type":"article","og_title":"Photo Tour Buenos Aires for Creators | Snap & Stroll Experience - wanderportraits","og_description":"Discover Buenos Aires with a local photographer on this photo tour made for creators and photography lovers. Bring your camera or phone and get inspired","og_url":"https:\/\/wanderportraits.com\/es\/producto\/snap-stroll-photo-tour-buenos-aires\/","og_site_name":"wanderportraits","article_modified_time":"2026-04-09T16:52:45+00:00","og_image":[{"width":2000,"height":2500,"url":"https:\/\/wanderportraits.com\/wp-content\/uploads\/2024\/05\/A6K04394-WEBP.webp","type":"image\/webp"}],"twitter_card":"summary_large_image","twitter_misc":{"Tiempo de lectura":"2 minutos"},"schema":{"@context":"https:\/\/schema.org","@graph":[{"@type":"WebPage","@id":"https:\/\/wanderportraits.com\/product\/snap-stroll-photo-tour-buenos-aires","url":"https:\/\/wanderportraits.com\/product\/snap-stroll-photo-tour-buenos-aires","name":"Photo Tour Buenos Aires for Creators | Snap & Stroll Experience - wanderportraits","isPartOf":{"@id":"https:\/\/wanderportraits.com\/en\/#website"},"primaryImageOfPage":{"@id":"https:\/\/wanderportraits.com\/product\/snap-stroll-photo-tour-buenos-aires#primaryimage"},"image":{"@id":"https:\/\/wanderportraits.com\/product\/snap-stroll-photo-tour-buenos-aires#primaryimage"},"thumbnailUrl":"https:\/\/wanderportraits.com\/wp-content\/uploads\/2024\/05\/A6K04394-WEBP.webp","datePublished":"2025-03-20T22:57:08+00:00","dateModified":"2026-04-09T16:52:45+00:00","description":"Discover Buenos Aires with a local photographer on this photo tour made for creators and photography lovers. Bring your camera or phone and get inspired","breadcrumb":{"@id":"https:\/\/wanderportraits.com\/product\/snap-stroll-photo-tour-buenos-aires#breadcrumb"},"inLanguage":"es-AR","potentialAction":[{"@type":"ReadAction","target":["https:\/\/wanderportraits.com\/product\/snap-stroll-photo-tour-buenos-aires"]}]},{"@type":"ImageObject","inLanguage":"es-AR","@id":"https:\/\/wanderportraits.com\/product\/snap-stroll-photo-tour-buenos-aires#primaryimage","url":"https:\/\/wanderportraits.com\/wp-content\/uploads\/2024\/05\/A6K04394-WEBP.webp","contentUrl":"https:\/\/wanderportraits.com\/wp-content\/uploads\/2024\/05\/A6K04394-WEBP.webp","width":2000,"height":2500,"caption":"Buenos Aires snap and stroll walking photo tour for content creators and photography enthusiastics"},{"@type":"BreadcrumbList","@id":"https:\/\/wanderportraits.com\/product\/snap-stroll-photo-tour-buenos-aires#breadcrumb","itemListElement":[{"@type":"ListItem","position":1,"name":"Home","item":"https:\/\/wanderportraits.com\/en\/"},{"@type":"ListItem","position":2,"name":"Shop","item":"https:\/\/wanderportraits.com\/en\/shop"},{"@type":"ListItem","position":3,"name":"Photo Tour Buenos Aires for Creators | Snap &#038; Stroll Experience"}]},{"@type":"WebSite","@id":"https:\/\/wanderportraits.com\/en\/#website","url":"https:\/\/wanderportraits.com\/en\/","name":"wanderportraits","description":"Sesi\u00f3n fotogr\u00e1fica en Buenos Aires","publisher":{"@id":"https:\/\/wanderportraits.com\/en\/#\/schema\/person\/acefe217b370b5452c3a6761d70cfc89"},"potentialAction":[{"@type":"SearchAction","target":{"@type":"EntryPoint","urlTemplate":"https:\/\/wanderportraits.com\/en\/?s={search_term_string}"},"query-input":{"@type":"PropertyValueSpecification","valueRequired":true,"valueName":"search_term_string"}}],"inLanguage":"es-AR"},{"@type":["Person","Organization"],"@id":"https:\/\/wanderportraits.com\/en\/#\/schema\/person\/acefe217b370b5452c3a6761d70cfc89","name":"Gissel Arbelaez","pronouns":"She \/ Her","image":{"@type":"ImageObject","inLanguage":"es-AR","@id":"https:\/\/wanderportraits.com\/wp-content\/uploads\/2025\/04\/wander-logohorizontal-fondoblanco-80.jpg","url":"https:\/\/wanderportraits.com\/wp-content\/uploads\/2025\/04\/wander-logohorizontal-fondoblanco-80.jpg","contentUrl":"https:\/\/wanderportraits.com\/wp-content\/uploads\/2025\/04\/wander-logohorizontal-fondoblanco-80.jpg","width":1081,"height":1081,"caption":"Gissel Arbelaez"},"logo":{"@id":"https:\/\/wanderportraits.com\/wp-content\/uploads\/2025\/04\/wander-logohorizontal-fondoblanco-80.jpg"},"description":"Soy un artista, fot\u00f3grafo y dise\u00f1ador gr\u00e1fico apasionado que se nutre de la creatividad. Me encanta viajar, hacer nuevos amigos, explorar diferentes culturas, probar nuevos platillos y disfrutar de la vida respetando a los dem\u00e1s. Soy organizado, valoro las buenas conversaciones y aprecio las conexiones significativas.","sameAs":["https:\/\/wanderportraits.com\/","https:\/\/www.instagram.com\/wander.portraits\/","https:\/\/www.youtube.com\/@wanderportraits"]}]}},"jetpack_sharing_enabled":true,"_links":{"self":[{"href":"https:\/\/wanderportraits.com\/es\/wp-json\/wp\/v2\/product\/2653","targetHints":{"allow":["GET"]}}],"collection":[{"href":"https:\/\/wanderportraits.com\/es\/wp-json\/wp\/v2\/product"}],"about":[{"href":"https:\/\/wanderportraits.com\/es\/wp-json\/wp\/v2\/types\/product"}],"replies":[{"embeddable":true,"href":"https:\/\/wanderportraits.com\/es\/wp-json\/wp\/v2\/comments?post=2653"}],"wp:featuredmedia":[{"embeddable":true,"href":"https:\/\/wanderportraits.com\/es\/wp-json\/wp\/v2\/media\/2093"}],"wp:attachment":[{"href":"https:\/\/wanderportraits.com\/es\/wp-json\/wp\/v2\/media?parent=2653"}],"wp:term":[{"taxonomy":"product_brand","embeddable":true,"href":"https:\/\/wanderportraits.com\/es\/wp-json\/wp\/v2\/product_brand?post=2653"},{"taxonomy":"product_cat","embeddable":true,"href":"https:\/\/wanderportraits.com\/es\/wp-json\/wp\/v2\/product_cat?post=2653"},{"taxonomy":"product_tag","embeddable":true,"href":"https:\/\/wanderportraits.com\/es\/wp-json\/wp\/v2\/product_tag?post=2653"}],"curies":[{"name":"wp","href":"https:\/\/api.w.org\/{rel}","templated":true}]}}